{"id":83,"date":"2025-06-13T10:06:28","date_gmt":"2025-06-13T10:06:28","guid":{"rendered":"https:\/\/nelyandmilady.com\/?page_id=83"},"modified":"2025-08-14T09:23:55","modified_gmt":"2025-08-14T09:23:55","slug":"o-nama","status":"publish","type":"page","link":"https:\/\/nelyandmilady.com\/?page_id=83","title":{"rendered":"O nama"},"content":{"rendered":"\n<h3 class=\"wp-block-heading\"><strong><em>Ko smo mi?<\/em><\/strong><\/h3>\n\n\n\n<p>Mi smo <strong><em><mark style=\"background-color:rgba(0, 0, 0, 0)\" class=\"has-inline-color has-pale-pink-color\">Nely &amp; MiLady<\/mark><\/em><\/strong> \u2013 kozmeti\u010dki salon nastao iz ljubavi prema prirodi, zdravlju i autenti\u010dnoj lepoti.<\/p>\n\n\n\n<p>Na\u0161a pri\u010da po\u010dinje \u017eeljom da \u017eenama i mu\u0161karcima pru\u017eimo prostor u kom \u0107e se ose\u0107ati sigurno, opu\u0161teno i negovano \u2013 bez \u0161tetnih sastojaka i bez pritiska savr\u0161enstva. Svaki tretman koji nudimo osmi\u0161ljen je da donese rezultate, ali i ose\u0107aj blagostanja.<\/p>\n\n\n\n<p>Radimo isklju\u010divo s prirodnim i proverenim preparatima, biljnim ekstraktima i ru\u010dno pravljenim proizvodima. Verujemo da je prava lepota odr\u017eiva, ne\u017ena i u skladu s prirodom.<\/p>\n\n\n\n<p>Na\u0161 tim je posve\u0107en, edukovan i uvek spreman da vam pomogne u izboru nege koja odgovara ba\u0161 va\u0161oj ko\u017ei i potrebama.<\/p>\n\n\n\n<p>Jer\u2026 tvoja ko\u017ea zaslu\u017euje najbolje \u2013 i najprirodnije. \ud83c\udf38<\/p>\n\n\n\n<figure class=\"wp-block-gallery aligncenter has-nested-images columns-default is-cropped wp-block-gallery-1 is-layout-flex wp-block-gallery-is-layout-flex\">\n<figure class=\"wp-block-image size-large\"><img loading=\"lazy\" decoding=\"async\" width=\"1004\" height=\"1024\" data-id=\"86\" src=\"https:\/\/nelyandmilady.com\/wp-content\/uploads\/2025\/06\/Nely-Beauty-2-1004x1024.jpg\" alt=\"\" class=\"wp-image-86\" srcset=\"https:\/\/nelyandmilady.com\/wp-content\/uploads\/2025\/06\/Nely-Beauty-2-1004x1024.jpg 1004w, https:\/\/nelyandmilady.com\/wp-content\/uploads\/2025\/06\/Nely-Beauty-2-294x300.jpg 294w, https:\/\/nelyandmilady.com\/wp-content\/uploads\/2025\/06\/Nely-Beauty-2-768x784.jpg 768w, https:\/\/nelyandmilady.com\/wp-content\/uploads\/2025\/06\/Nely-Beauty-2-1505x1536.jpg 1505w, https:\/\/nelyandmilady.com\/wp-content\/uploads\/2025\/06\/Nely-Beauty-2.jpg 1568w\" sizes=\"auto, (max-width: 1004px) 100vw, 1004px\" \/><\/figure>\n\n\n\n<figure class=\"wp-block-image size-large\"><img loading=\"lazy\" decoding=\"async\" width=\"1024\" height=\"1021\" data-id=\"87\" src=\"https:\/\/nelyandmilady.com\/wp-content\/uploads\/2025\/06\/Nely-Beauty-3-1024x1021.jpg\" alt=\"\" class=\"wp-image-87\" srcset=\"https:\/\/nelyandmilady.com\/wp-content\/uploads\/2025\/06\/Nely-Beauty-3-1024x1021.jpg 1024w, https:\/\/nelyandmilady.com\/wp-content\/uploads\/2025\/06\/Nely-Beauty-3-300x300.jpg 300w, https:\/\/nelyandmilady.com\/wp-content\/uploads\/2025\/06\/Nely-Beauty-3-150x150.jpg 150w, https:\/\/nelyandmilady.com\/wp-content\/uploads\/2025\/06\/Nely-Beauty-3-768x766.jpg 768w, https:\/\/nelyandmilady.com\/wp-content\/uploads\/2025\/06\/Nely-Beauty-3-1536x1532.jpg 1536w, https:\/\/nelyandmilady.com\/wp-content\/uploads\/2025\/06\/Nely-Beauty-3.jpg 1600w\" sizes=\"auto, (max-width: 1024px) 100vw, 1024px\" \/><\/figure>\n<\/figure>\n\n\n\n<p><\/p>\n","protected":false},"excerpt":{"rendered":"<p>Ko smo mi? Mi smo Nely &amp; MiLady \u2013 kozmeti\u010dki salon nastao iz ljubavi prema prirodi, zdravlju i autenti\u010dnoj lepoti. Na\u0161a pri\u010da po\u010dinje \u017eeljom da \u017eenama i mu\u0161karcima pru\u017eimo prostor u kom \u0107e se ose\u0107ati sigurno, opu\u0161teno i negovano \u2013 bez \u0161tetnih sastojaka i bez pritiska savr\u0161enstva. Svaki tretman koji nudimo osmi\u0161ljen je da donese <a class=\"read-more\" href=\"https:\/\/nelyandmilady.com\/?page_id=83\">READ MORE<\/a><\/p>\n","protected":false},"author":1,"featured_media":0,"parent":0,"menu_order":0,"comment_status":"closed","ping_status":"closed","template":"","meta":{"footnotes":""},"class_list":["post-83","page","type-page","status-publish","hentry"],"yoast_head":"<!-- This site is optimized with the Yoast SEO plugin v26.0 - https:\/\/yoast.com\/wordpress\/plugins\/seo\/ -->\n<title>O nama - Nely&amp;MiLady<\/title>\n<meta name=\"description\" content=\"Nely &amp; MiLady \u2013 kozmeti\u010dki salon nastao iz ljubavi prema prirodi, zdravlju i autenti\u010dnoj lepoti. Jer\u2026 tvoja ko\u017ea zaslu\u017euje najbolje\" \/>\n<meta name=\"robots\" content=\"index, follow, max-snippet:-1, max-image-preview:large, max-video-preview:-1\" \/>\n<link rel=\"canonical\" href=\"https:\/\/nelyandmilady.com\/?page_id=83\" \/>\n<meta property=\"og:locale\" content=\"en_US\" \/>\n<meta property=\"og:type\" content=\"article\" \/>\n<meta property=\"og:title\" content=\"O nama - Nely&amp;MiLady\" \/>\n<meta property=\"og:description\" content=\"Nely &amp; MiLady \u2013 kozmeti\u010dki salon nastao iz ljubavi prema prirodi, zdravlju i autenti\u010dnoj lepoti. Jer\u2026 tvoja ko\u017ea zaslu\u017euje najbolje\" \/>\n<meta property=\"og:url\" content=\"https:\/\/nelyandmilady.com\/?page_id=83\" \/>\n<meta property=\"og:site_name\" content=\"Nely&amp;MiLady\" \/>\n<meta property=\"article:modified_time\" content=\"2025-08-14T09:23:55+00:00\" \/>\n<meta property=\"og:image\" content=\"https:\/\/nelyandmilady.com\/wp-content\/uploads\/2025\/06\/Nely-Beauty-2.jpg\" \/>\n\t<meta property=\"og:image:width\" content=\"1568\" \/>\n\t<meta property=\"og:image:height\" content=\"1600\" \/>\n\t<meta property=\"og:image:type\" content=\"image\/jpeg\" \/>\n<meta name=\"twitter:card\" content=\"summary_large_image\" \/>\n<meta name=\"twitter:label1\" content=\"Est. reading time\" \/>\n\t<meta name=\"twitter:data1\" content=\"1 minute\" \/>\n<script type=\"application\/ld+json\" class=\"yoast-schema-graph\">{\"@context\":\"https:\/\/schema.org\",\"@graph\":[{\"@type\":\"WebPage\",\"@id\":\"https:\/\/nelyandmilady.com\/?page_id=83\",\"url\":\"https:\/\/nelyandmilady.com\/?page_id=83\",\"name\":\"O nama - Nely&amp;MiLady\",\"isPartOf\":{\"@id\":\"https:\/\/nelyandmilady.com\/#website\"},\"primaryImageOfPage\":{\"@id\":\"https:\/\/nelyandmilady.com\/?page_id=83#primaryimage\"},\"image\":{\"@id\":\"https:\/\/nelyandmilady.com\/?page_id=83#primaryimage\"},\"thumbnailUrl\":\"https:\/\/nelyandmilady.com\/wp-content\/uploads\/2025\/06\/Nely-Beauty-2-1004x1024.jpg\",\"datePublished\":\"2025-06-13T10:06:28+00:00\",\"dateModified\":\"2025-08-14T09:23:55+00:00\",\"description\":\"Nely & MiLady \u2013 kozmeti\u010dki salon nastao iz ljubavi prema prirodi, zdravlju i autenti\u010dnoj lepoti. Jer\u2026 tvoja ko\u017ea zaslu\u017euje najbolje\",\"breadcrumb\":{\"@id\":\"https:\/\/nelyandmilady.com\/?page_id=83#breadcrumb\"},\"inLanguage\":\"en-US\",\"potentialAction\":[{\"@type\":\"ReadAction\",\"target\":[\"https:\/\/nelyandmilady.com\/?page_id=83\"]}]},{\"@type\":\"ImageObject\",\"inLanguage\":\"en-US\",\"@id\":\"https:\/\/nelyandmilady.com\/?page_id=83#primaryimage\",\"url\":\"https:\/\/nelyandmilady.com\/wp-content\/uploads\/2025\/06\/Nely-Beauty-2.jpg\",\"contentUrl\":\"https:\/\/nelyandmilady.com\/wp-content\/uploads\/2025\/06\/Nely-Beauty-2.jpg\",\"width\":1568,\"height\":1600},{\"@type\":\"BreadcrumbList\",\"@id\":\"https:\/\/nelyandmilady.com\/?page_id=83#breadcrumb\",\"itemListElement\":[{\"@type\":\"ListItem\",\"position\":1,\"name\":\"Home\",\"item\":\"https:\/\/nelyandmilady.com\/\"},{\"@type\":\"ListItem\",\"position\":2,\"name\":\"O nama\"}]},{\"@type\":\"WebSite\",\"@id\":\"https:\/\/nelyandmilady.com\/#website\",\"url\":\"https:\/\/nelyandmilady.com\/\",\"name\":\"Nely&MiLady\",\"description\":\"kozmeti\u010dki salon\",\"publisher\":{\"@id\":\"https:\/\/nelyandmilady.com\/#organization\"},\"potentialAction\":[{\"@type\":\"SearchAction\",\"target\":{\"@type\":\"EntryPoint\",\"urlTemplate\":\"https:\/\/nelyandmilady.com\/?s={search_term_string}\"},\"query-input\":{\"@type\":\"PropertyValueSpecification\",\"valueRequired\":true,\"valueName\":\"search_term_string\"}}],\"inLanguage\":\"en-US\"},{\"@type\":\"Organization\",\"@id\":\"https:\/\/nelyandmilady.com\/#organization\",\"name\":\"Nely&MiLady\",\"url\":\"https:\/\/nelyandmilady.com\/\",\"logo\":{\"@type\":\"ImageObject\",\"inLanguage\":\"en-US\",\"@id\":\"https:\/\/nelyandmilady.com\/#\/schema\/logo\/image\/\",\"url\":\"https:\/\/nelyandmilady.com\/wp-content\/uploads\/2025\/06\/cropped-cropped-Nely-e1749734668989.jpg\",\"contentUrl\":\"https:\/\/nelyandmilady.com\/wp-content\/uploads\/2025\/06\/cropped-cropped-Nely-e1749734668989.jpg\",\"width\":150,\"height\":150,\"caption\":\"Nely&MiLady\"},\"image\":{\"@id\":\"https:\/\/nelyandmilady.com\/#\/schema\/logo\/image\/\"}}]}<\/script>\n<!-- \/ Yoast SEO plugin. -->","yoast_head_json":{"title":"O nama - Nely&amp;MiLady","description":"Nely & MiLady \u2013 kozmeti\u010dki salon nastao iz ljubavi prema prirodi, zdravlju i autenti\u010dnoj lepoti. Jer\u2026 tvoja ko\u017ea zaslu\u017euje najbolje","robots":{"index":"index","follow":"follow","max-snippet":"max-snippet:-1","max-image-preview":"max-image-preview:large","max-video-preview":"max-video-preview:-1"},"canonical":"https:\/\/nelyandmilady.com\/?page_id=83","og_locale":"en_US","og_type":"article","og_title":"O nama - Nely&amp;MiLady","og_description":"Nely & MiLady \u2013 kozmeti\u010dki salon nastao iz ljubavi prema prirodi, zdravlju i autenti\u010dnoj lepoti. Jer\u2026 tvoja ko\u017ea zaslu\u017euje najbolje","og_url":"https:\/\/nelyandmilady.com\/?page_id=83","og_site_name":"Nely&amp;MiLady","article_modified_time":"2025-08-14T09:23:55+00:00","og_image":[{"width":1568,"height":1600,"url":"https:\/\/nelyandmilady.com\/wp-content\/uploads\/2025\/06\/Nely-Beauty-2.jpg","type":"image\/jpeg"}],"twitter_card":"summary_large_image","twitter_misc":{"Est. reading time":"1 minute"},"schema":{"@context":"https:\/\/schema.org","@graph":[{"@type":"WebPage","@id":"https:\/\/nelyandmilady.com\/?page_id=83","url":"https:\/\/nelyandmilady.com\/?page_id=83","name":"O nama - Nely&amp;MiLady","isPartOf":{"@id":"https:\/\/nelyandmilady.com\/#website"},"primaryImageOfPage":{"@id":"https:\/\/nelyandmilady.com\/?page_id=83#primaryimage"},"image":{"@id":"https:\/\/nelyandmilady.com\/?page_id=83#primaryimage"},"thumbnailUrl":"https:\/\/nelyandmilady.com\/wp-content\/uploads\/2025\/06\/Nely-Beauty-2-1004x1024.jpg","datePublished":"2025-06-13T10:06:28+00:00","dateModified":"2025-08-14T09:23:55+00:00","description":"Nely & MiLady \u2013 kozmeti\u010dki salon nastao iz ljubavi prema prirodi, zdravlju i autenti\u010dnoj lepoti. Jer\u2026 tvoja ko\u017ea zaslu\u017euje najbolje","breadcrumb":{"@id":"https:\/\/nelyandmilady.com\/?page_id=83#breadcrumb"},"inLanguage":"en-US","potentialAction":[{"@type":"ReadAction","target":["https:\/\/nelyandmilady.com\/?page_id=83"]}]},{"@type":"ImageObject","inLanguage":"en-US","@id":"https:\/\/nelyandmilady.com\/?page_id=83#primaryimage","url":"https:\/\/nelyandmilady.com\/wp-content\/uploads\/2025\/06\/Nely-Beauty-2.jpg","contentUrl":"https:\/\/nelyandmilady.com\/wp-content\/uploads\/2025\/06\/Nely-Beauty-2.jpg","width":1568,"height":1600},{"@type":"BreadcrumbList","@id":"https:\/\/nelyandmilady.com\/?page_id=83#breadcrumb","itemListElement":[{"@type":"ListItem","position":1,"name":"Home","item":"https:\/\/nelyandmilady.com\/"},{"@type":"ListItem","position":2,"name":"O nama"}]},{"@type":"WebSite","@id":"https:\/\/nelyandmilady.com\/#website","url":"https:\/\/nelyandmilady.com\/","name":"Nely&MiLady","description":"kozmeti\u010dki salon","publisher":{"@id":"https:\/\/nelyandmilady.com\/#organization"},"potentialAction":[{"@type":"SearchAction","target":{"@type":"EntryPoint","urlTemplate":"https:\/\/nelyandmilady.com\/?s={search_term_string}"},"query-input":{"@type":"PropertyValueSpecification","valueRequired":true,"valueName":"search_term_string"}}],"inLanguage":"en-US"},{"@type":"Organization","@id":"https:\/\/nelyandmilady.com\/#organization","name":"Nely&MiLady","url":"https:\/\/nelyandmilady.com\/","logo":{"@type":"ImageObject","inLanguage":"en-US","@id":"https:\/\/nelyandmilady.com\/#\/schema\/logo\/image\/","url":"https:\/\/nelyandmilady.com\/wp-content\/uploads\/2025\/06\/cropped-cropped-Nely-e1749734668989.jpg","contentUrl":"https:\/\/nelyandmilady.com\/wp-content\/uploads\/2025\/06\/cropped-cropped-Nely-e1749734668989.jpg","width":150,"height":150,"caption":"Nely&MiLady"},"image":{"@id":"https:\/\/nelyandmilady.com\/#\/schema\/logo\/image\/"}}]}},"_links":{"self":[{"href":"https:\/\/nelyandmilady.com\/index.php?rest_route=\/wp\/v2\/pages\/83","targetHints":{"allow":["GET"]}}],"collection":[{"href":"https:\/\/nelyandmilady.com\/index.php?rest_route=\/wp\/v2\/pages"}],"about":[{"href":"https:\/\/nelyandmilady.com\/index.php?rest_route=\/wp\/v2\/types\/page"}],"author":[{"embeddable":true,"href":"https:\/\/nelyandmilady.com\/index.php?rest_route=\/wp\/v2\/users\/1"}],"replies":[{"embeddable":true,"href":"https:\/\/nelyandmilady.com\/index.php?rest_route=%2Fwp%2Fv2%2Fcomments&post=83"}],"version-history":[{"count":4,"href":"https:\/\/nelyandmilady.com\/index.php?rest_route=\/wp\/v2\/pages\/83\/revisions"}],"predecessor-version":[{"id":307,"href":"https:\/\/nelyandmilady.com\/index.php?rest_route=\/wp\/v2\/pages\/83\/revisions\/307"}],"wp:attachment":[{"href":"https:\/\/nelyandmilady.com\/index.php?rest_route=%2Fwp%2Fv2%2Fmedia&parent=83"}],"curies":[{"name":"wp","href":"https:\/\/api.w.org\/{rel}","templated":true}]}}