{"id":331,"date":"2025-09-23T12:51:46","date_gmt":"2025-09-23T12:51:46","guid":{"rendered":"https:\/\/nelyandmilady.com\/?page_id=331"},"modified":"2025-09-23T13:14:14","modified_gmt":"2025-09-23T13:14:14","slug":"laserska-epilacija","status":"publish","type":"page","link":"https:\/\/nelyandmilady.com\/?page_id=331","title":{"rendered":"Laserska epilacija"},"content":{"rendered":"\n<div class=\"wp-block-nk-awb nk-awb\"><div class=\"nk-awb-wrap\" data-awb-type=\"image\" data-awb-image-background-size=\"cover\" data-awb-image-background-position=\"53% 44%\"><div class=\"nk-awb-inner\" style=\"opacity: 0.4;\"><img loading=\"lazy\" decoding=\"async\" src=\"https:\/\/nelyandmilady.com\/wp-content\/uploads\/2025\/06\/pattern-pink.png\" class=\"wp-image-92 jarallax-img\" width=\"640\" height=\"359\" srcset=\"https:\/\/nelyandmilady.com\/wp-content\/uploads\/2025\/06\/pattern-pink.png 640w, https:\/\/nelyandmilady.com\/wp-content\/uploads\/2025\/06\/pattern-pink-300x168.png 300w, https:\/\/nelyandmilady.com\/wp-content\/uploads\/2025\/06\/pattern-pink-500x280.png 500w\" sizes=\"auto, (max-width: 640px) 100vw, 640px\" \/><\/div><\/div><div class=\"nk-awb-wrap-content is-layout-constrained wp-block-nk-awb-is-layout-constrained\">\n<div class=\"wp-block-media-text has-media-on-the-right is-stacked-on-mobile\" style=\"grid-template-columns:auto 40%\"><div class=\"wp-block-media-text__content\">\n<p><strong><em>Laserska epilacija<\/em><\/strong> je trajna metoda uklanjanja ne\u017eeljenih dla\u010dica koja koristi laser da bi uni\u0161tila folikul dlake toplotom, bez o\u0161te\u0107enja okolne ko\u017ee, a postupak je bezbedan, neinvazivan i efikasan za sve tipove ko\u017ee.&nbsp;Energija lasera cilja melanin (tamni pigment) u korenu dlake, pretvara se u toplotu i trajno uni\u0161tava folikul, usporavaju\u0107i rast dla\u010dica.&nbsp;Zbog razli\u010ditih faza rasta dla\u010dica, potrebno je vi\u0161e tretmana da bi se uni\u0161tile sve dlake.&nbsp;<\/p>\n<\/div><figure class=\"wp-block-media-text__media\"><img loading=\"lazy\" decoding=\"async\" width=\"1024\" height=\"662\" src=\"https:\/\/nelyandmilady.com\/wp-content\/uploads\/2025\/09\/laserska-epilacija-1024x662.jpg\" alt=\"laserska epilacija\" class=\"wp-image-339 size-full\" srcset=\"https:\/\/nelyandmilady.com\/wp-content\/uploads\/2025\/09\/laserska-epilacija-1024x662.jpg 1024w, https:\/\/nelyandmilady.com\/wp-content\/uploads\/2025\/09\/laserska-epilacija-300x194.jpg 300w, https:\/\/nelyandmilady.com\/wp-content\/uploads\/2025\/09\/laserska-epilacija-768x496.jpg 768w, https:\/\/nelyandmilady.com\/wp-content\/uploads\/2025\/09\/laserska-epilacija-1536x993.jpg 1536w, https:\/\/nelyandmilady.com\/wp-content\/uploads\/2025\/09\/laserska-epilacija-500x323.jpg 500w, https:\/\/nelyandmilady.com\/wp-content\/uploads\/2025\/09\/laserska-epilacija-800x517.jpg 800w, https:\/\/nelyandmilady.com\/wp-content\/uploads\/2025\/09\/laserska-epilacija-1280x827.jpg 1280w, https:\/\/nelyandmilady.com\/wp-content\/uploads\/2025\/09\/laserska-epilacija.jpg 1688w\" sizes=\"auto, (max-width: 1024px) 100vw, 1024px\" \/><\/figure><\/div>\n<\/div><\/div>\n\n\n\n<div style=\"height:30px\" aria-hidden=\"true\" class=\"wp-block-spacer\"><\/div>\n\n\n\n<h3 class=\"wp-block-heading\">Kako funkcioni\u0161e laserska epilacija<\/h3>\n\n\n\n<ol class=\"wp-block-list\">\n<li style=\"font-size:14px\"><strong>Apsorpcija svetlosti:<\/strong>&nbsp;Laser emituje svetlost odre\u0111ene talasne du\u017eine koja se selektivno apsorbuje od strane melanina u folikulu dlake.&nbsp;<\/li>\n\n\n\n<li style=\"font-size:14px\"><strong>Pretvaranje u toplotu:<\/strong>&nbsp;Apsorbovana svetlosna energija se pretvara u toplotu, proces poznat kao&nbsp;selektivna fototermoliza.&nbsp;<\/li>\n\n\n\n<li style=\"font-size:14px\"><strong>Uni\u0161tavanje folikula:<\/strong>&nbsp;Toplota uni\u0161tava folikul dlake, spre\u010davaju\u0107i dalji rast novih dla\u010dica.&nbsp;<\/li>\n\n\n\n<li style=\"font-size:14px\"><strong>Za\u0161tita okolne ko\u017ee:<\/strong>&nbsp;Jedinstveni sistem hla\u0111enja u laserskom aparatu spre\u010dava o\u0161te\u0107enje okolnog tkiva i \u010dini tretman komfornim<\/li>\n<\/ol>\n\n\n\n<h3 class=\"wp-block-heading\">Klju\u010dne karakteristike<\/h3>\n\n\n\n<ul class=\"wp-block-list\">\n<li><strong>Trajno smanjenje broja dla\u010dica:<\/strong>&nbsp;Postupak obezbe\u0111uje dugotrajne rezultate.&nbsp;<\/li>\n\n\n\n<li><strong>Efikasnost na svim tipovima ko\u017ee:<\/strong>&nbsp;Moderni laseri ciljaju razli\u010dite dubine tkiva, omogu\u0107avaju\u0107i tretman svih tipova ko\u017ee, uklju\u010duju\u0107i i tamniju.&nbsp;<\/li>\n\n\n\n<li><strong>Bezbednost:<\/strong>&nbsp;Procedura je neinvazivna i bezbedna, zahvaljuju\u0107i selektivnom delovanju lasera.&nbsp;<\/li>\n\n\n\n<li><strong>Potrebno je vi\u0161e tretmana:<\/strong>&nbsp;Da bi se uni\u0161tile sve dlake koje su u razli\u010ditim fazama rasta, neophodno je uraditi seriju tretmana.&nbsp;<\/li>\n<\/ul>\n\n\n\n<h3 class=\"wp-block-heading\">Prednosti laserske epilacije<\/h3>\n\n\n\n<p>Glatka ko\u017ea bez ne\u017eeljenih dla\u010dica, trajno re\u0161enje problema maljavosti, eliminacija iritacija i urastanja dla\u010dica, Pove\u0107ano samopouzdanje.<\/p>\n\n\n\n<p><\/p>\n","protected":false},"excerpt":{"rendered":"<p>Kako funkcioni\u0161e laserska epilacija Klju\u010dne karakteristike Prednosti laserske epilacije Glatka ko\u017ea bez ne\u017eeljenih dla\u010dica, trajno re\u0161enje problema maljavosti, eliminacija iritacija i urastanja dla\u010dica, Pove\u0107ano samopouzdanje.<\/p>\n","protected":false},"author":1,"featured_media":0,"parent":0,"menu_order":0,"comment_status":"closed","ping_status":"closed","template":"","meta":{"footnotes":""},"class_list":["post-331","page","type-page","status-publish","hentry"],"yoast_head":"<!-- This site is optimized with the Yoast SEO plugin v26.0 - https:\/\/yoast.com\/wordpress\/plugins\/seo\/ -->\n<title>Laserska epilacija - Nely&amp;MiLady<\/title>\n<meta name=\"description\" content=\"Laserska epilacija je trajna metoda uklanjanja ne\u017eeljenih dla\u010dica laserom da bi uni\u0161tila folikul dlake toplotom, postupak je bezbedan\" \/>\n<meta name=\"robots\" content=\"index, follow, max-snippet:-1, max-image-preview:large, max-video-preview:-1\" \/>\n<link rel=\"canonical\" href=\"https:\/\/nelyandmilady.com\/?page_id=331\" \/>\n<meta property=\"og:locale\" content=\"en_US\" \/>\n<meta property=\"og:type\" content=\"article\" \/>\n<meta property=\"og:title\" content=\"Laserska epilacija - Nely&amp;MiLady\" \/>\n<meta property=\"og:description\" content=\"Laserska epilacija je trajna metoda uklanjanja ne\u017eeljenih dla\u010dica laserom da bi uni\u0161tila folikul dlake toplotom, postupak je bezbedan\" \/>\n<meta property=\"og:url\" content=\"https:\/\/nelyandmilady.com\/?page_id=331\" \/>\n<meta property=\"og:site_name\" content=\"Nely&amp;MiLady\" \/>\n<meta property=\"article:modified_time\" content=\"2025-09-23T13:14:14+00:00\" \/>\n<meta property=\"og:image\" content=\"https:\/\/nelyandmilady.com\/wp-content\/uploads\/2025\/06\/pattern-pink.png\" \/>\n\t<meta property=\"og:image:width\" content=\"640\" \/>\n\t<meta property=\"og:image:height\" content=\"359\" \/>\n\t<meta property=\"og:image:type\" content=\"image\/png\" \/>\n<meta name=\"twitter:card\" content=\"summary_large_image\" \/>\n<meta name=\"twitter:label1\" content=\"Est. reading time\" \/>\n\t<meta name=\"twitter:data1\" content=\"2 minutes\" \/>\n<script type=\"application\/ld+json\" class=\"yoast-schema-graph\">{\"@context\":\"https:\/\/schema.org\",\"@graph\":[{\"@type\":\"WebPage\",\"@id\":\"https:\/\/nelyandmilady.com\/?page_id=331\",\"url\":\"https:\/\/nelyandmilady.com\/?page_id=331\",\"name\":\"Laserska epilacija - Nely&amp;MiLady\",\"isPartOf\":{\"@id\":\"https:\/\/nelyandmilady.com\/#website\"},\"primaryImageOfPage\":{\"@id\":\"https:\/\/nelyandmilady.com\/?page_id=331#primaryimage\"},\"image\":{\"@id\":\"https:\/\/nelyandmilady.com\/?page_id=331#primaryimage\"},\"thumbnailUrl\":\"https:\/\/nelyandmilady.com\/wp-content\/uploads\/2025\/06\/pattern-pink.png\",\"datePublished\":\"2025-09-23T12:51:46+00:00\",\"dateModified\":\"2025-09-23T13:14:14+00:00\",\"description\":\"Laserska epilacija je trajna metoda uklanjanja ne\u017eeljenih dla\u010dica laserom da bi uni\u0161tila folikul dlake toplotom, postupak je bezbedan\",\"breadcrumb\":{\"@id\":\"https:\/\/nelyandmilady.com\/?page_id=331#breadcrumb\"},\"inLanguage\":\"en-US\",\"potentialAction\":[{\"@type\":\"ReadAction\",\"target\":[\"https:\/\/nelyandmilady.com\/?page_id=331\"]}]},{\"@type\":\"ImageObject\",\"inLanguage\":\"en-US\",\"@id\":\"https:\/\/nelyandmilady.com\/?page_id=331#primaryimage\",\"url\":\"https:\/\/nelyandmilady.com\/wp-content\/uploads\/2025\/06\/pattern-pink.png\",\"contentUrl\":\"https:\/\/nelyandmilady.com\/wp-content\/uploads\/2025\/06\/pattern-pink.png\",\"width\":640,\"height\":359},{\"@type\":\"BreadcrumbList\",\"@id\":\"https:\/\/nelyandmilady.com\/?page_id=331#breadcrumb\",\"itemListElement\":[{\"@type\":\"ListItem\",\"position\":1,\"name\":\"Home\",\"item\":\"https:\/\/nelyandmilady.com\/\"},{\"@type\":\"ListItem\",\"position\":2,\"name\":\"Laserska epilacija\"}]},{\"@type\":\"WebSite\",\"@id\":\"https:\/\/nelyandmilady.com\/#website\",\"url\":\"https:\/\/nelyandmilady.com\/\",\"name\":\"Nely&MiLady\",\"description\":\"kozmeti\u010dki salon\",\"publisher\":{\"@id\":\"https:\/\/nelyandmilady.com\/#organization\"},\"potentialAction\":[{\"@type\":\"SearchAction\",\"target\":{\"@type\":\"EntryPoint\",\"urlTemplate\":\"https:\/\/nelyandmilady.com\/?s={search_term_string}\"},\"query-input\":{\"@type\":\"PropertyValueSpecification\",\"valueRequired\":true,\"valueName\":\"search_term_string\"}}],\"inLanguage\":\"en-US\"},{\"@type\":\"Organization\",\"@id\":\"https:\/\/nelyandmilady.com\/#organization\",\"name\":\"Nely&MiLady\",\"url\":\"https:\/\/nelyandmilady.com\/\",\"logo\":{\"@type\":\"ImageObject\",\"inLanguage\":\"en-US\",\"@id\":\"https:\/\/nelyandmilady.com\/#\/schema\/logo\/image\/\",\"url\":\"https:\/\/nelyandmilady.com\/wp-content\/uploads\/2025\/06\/cropped-cropped-Nely-e1749734668989.jpg\",\"contentUrl\":\"https:\/\/nelyandmilady.com\/wp-content\/uploads\/2025\/06\/cropped-cropped-Nely-e1749734668989.jpg\",\"width\":150,\"height\":150,\"caption\":\"Nely&MiLady\"},\"image\":{\"@id\":\"https:\/\/nelyandmilady.com\/#\/schema\/logo\/image\/\"}}]}<\/script>\n<!-- \/ Yoast SEO plugin. -->","yoast_head_json":{"title":"Laserska epilacija - Nely&amp;MiLady","description":"Laserska epilacija je trajna metoda uklanjanja ne\u017eeljenih dla\u010dica laserom da bi uni\u0161tila folikul dlake toplotom, postupak je bezbedan","robots":{"index":"index","follow":"follow","max-snippet":"max-snippet:-1","max-image-preview":"max-image-preview:large","max-video-preview":"max-video-preview:-1"},"canonical":"https:\/\/nelyandmilady.com\/?page_id=331","og_locale":"en_US","og_type":"article","og_title":"Laserska epilacija - Nely&amp;MiLady","og_description":"Laserska epilacija je trajna metoda uklanjanja ne\u017eeljenih dla\u010dica laserom da bi uni\u0161tila folikul dlake toplotom, postupak je bezbedan","og_url":"https:\/\/nelyandmilady.com\/?page_id=331","og_site_name":"Nely&amp;MiLady","article_modified_time":"2025-09-23T13:14:14+00:00","og_image":[{"width":640,"height":359,"url":"https:\/\/nelyandmilady.com\/wp-content\/uploads\/2025\/06\/pattern-pink.png","type":"image\/png"}],"twitter_card":"summary_large_image","twitter_misc":{"Est. reading time":"2 minutes"},"schema":{"@context":"https:\/\/schema.org","@graph":[{"@type":"WebPage","@id":"https:\/\/nelyandmilady.com\/?page_id=331","url":"https:\/\/nelyandmilady.com\/?page_id=331","name":"Laserska epilacija - Nely&amp;MiLady","isPartOf":{"@id":"https:\/\/nelyandmilady.com\/#website"},"primaryImageOfPage":{"@id":"https:\/\/nelyandmilady.com\/?page_id=331#primaryimage"},"image":{"@id":"https:\/\/nelyandmilady.com\/?page_id=331#primaryimage"},"thumbnailUrl":"https:\/\/nelyandmilady.com\/wp-content\/uploads\/2025\/06\/pattern-pink.png","datePublished":"2025-09-23T12:51:46+00:00","dateModified":"2025-09-23T13:14:14+00:00","description":"Laserska epilacija je trajna metoda uklanjanja ne\u017eeljenih dla\u010dica laserom da bi uni\u0161tila folikul dlake toplotom, postupak je bezbedan","breadcrumb":{"@id":"https:\/\/nelyandmilady.com\/?page_id=331#breadcrumb"},"inLanguage":"en-US","potentialAction":[{"@type":"ReadAction","target":["https:\/\/nelyandmilady.com\/?page_id=331"]}]},{"@type":"ImageObject","inLanguage":"en-US","@id":"https:\/\/nelyandmilady.com\/?page_id=331#primaryimage","url":"https:\/\/nelyandmilady.com\/wp-content\/uploads\/2025\/06\/pattern-pink.png","contentUrl":"https:\/\/nelyandmilady.com\/wp-content\/uploads\/2025\/06\/pattern-pink.png","width":640,"height":359},{"@type":"BreadcrumbList","@id":"https:\/\/nelyandmilady.com\/?page_id=331#breadcrumb","itemListElement":[{"@type":"ListItem","position":1,"name":"Home","item":"https:\/\/nelyandmilady.com\/"},{"@type":"ListItem","position":2,"name":"Laserska epilacija"}]},{"@type":"WebSite","@id":"https:\/\/nelyandmilady.com\/#website","url":"https:\/\/nelyandmilady.com\/","name":"Nely&MiLady","description":"kozmeti\u010dki salon","publisher":{"@id":"https:\/\/nelyandmilady.com\/#organization"},"potentialAction":[{"@type":"SearchAction","target":{"@type":"EntryPoint","urlTemplate":"https:\/\/nelyandmilady.com\/?s={search_term_string}"},"query-input":{"@type":"PropertyValueSpecification","valueRequired":true,"valueName":"search_term_string"}}],"inLanguage":"en-US"},{"@type":"Organization","@id":"https:\/\/nelyandmilady.com\/#organization","name":"Nely&MiLady","url":"https:\/\/nelyandmilady.com\/","logo":{"@type":"ImageObject","inLanguage":"en-US","@id":"https:\/\/nelyandmilady.com\/#\/schema\/logo\/image\/","url":"https:\/\/nelyandmilady.com\/wp-content\/uploads\/2025\/06\/cropped-cropped-Nely-e1749734668989.jpg","contentUrl":"https:\/\/nelyandmilady.com\/wp-content\/uploads\/2025\/06\/cropped-cropped-Nely-e1749734668989.jpg","width":150,"height":150,"caption":"Nely&MiLady"},"image":{"@id":"https:\/\/nelyandmilady.com\/#\/schema\/logo\/image\/"}}]}},"_links":{"self":[{"href":"https:\/\/nelyandmilady.com\/index.php?rest_route=\/wp\/v2\/pages\/331","targetHints":{"allow":["GET"]}}],"collection":[{"href":"https:\/\/nelyandmilady.com\/index.php?rest_route=\/wp\/v2\/pages"}],"about":[{"href":"https:\/\/nelyandmilady.com\/index.php?rest_route=\/wp\/v2\/types\/page"}],"author":[{"embeddable":true,"href":"https:\/\/nelyandmilady.com\/index.php?rest_route=\/wp\/v2\/users\/1"}],"replies":[{"embeddable":true,"href":"https:\/\/nelyandmilady.com\/index.php?rest_route=%2Fwp%2Fv2%2Fcomments&post=331"}],"version-history":[{"count":2,"href":"https:\/\/nelyandmilady.com\/index.php?rest_route=\/wp\/v2\/pages\/331\/revisions"}],"predecessor-version":[{"id":340,"href":"https:\/\/nelyandmilady.com\/index.php?rest_route=\/wp\/v2\/pages\/331\/revisions\/340"}],"wp:attachment":[{"href":"https:\/\/nelyandmilady.com\/index.php?rest_route=%2Fwp%2Fv2%2Fmedia&parent=331"}],"curies":[{"name":"wp","href":"https:\/\/api.w.org\/{rel}","templated":true}]}}