{"id":229,"date":"2025-07-10T13:13:57","date_gmt":"2025-07-10T13:13:57","guid":{"rendered":"https:\/\/nelyandmilady.com\/?page_id=229"},"modified":"2025-08-14T09:57:39","modified_gmt":"2025-08-14T09:57:39","slug":"terapeutska-masaza","status":"publish","type":"page","link":"https:\/\/nelyandmilady.com\/?page_id=229","title":{"rendered":"Terapeutska masa\u017ea"},"content":{"rendered":"\n<div class=\"wp-block-nk-awb nk-awb\"><div class=\"nk-awb-wrap\" data-awb-type=\"image\" data-awb-image-background-size=\"cover\" data-awb-image-background-position=\"53% 44%\"><div class=\"nk-awb-inner\" style=\"opacity: 0.4;\"><img loading=\"lazy\" decoding=\"async\" src=\"https:\/\/nelyandmilady.com\/wp-content\/uploads\/2025\/06\/pattern-pink.png\" class=\"wp-image-92 jarallax-img\" width=\"640\" height=\"359\" srcset=\"https:\/\/nelyandmilady.com\/wp-content\/uploads\/2025\/06\/pattern-pink.png 640w, https:\/\/nelyandmilady.com\/wp-content\/uploads\/2025\/06\/pattern-pink-300x168.png 300w, https:\/\/nelyandmilady.com\/wp-content\/uploads\/2025\/06\/pattern-pink-500x280.png 500w\" sizes=\"auto, (max-width: 640px) 100vw, 640px\" \/><\/div><\/div><div class=\"nk-awb-wrap-content is-layout-constrained wp-block-nk-awb-is-layout-constrained\">\n<div class=\"wp-block-media-text has-media-on-the-right is-stacked-on-mobile\" style=\"padding-top:var(--wp--preset--spacing--20);padding-right:var(--wp--preset--spacing--20);padding-bottom:var(--wp--preset--spacing--20);padding-left:var(--wp--preset--spacing--20);grid-template-columns:auto 42%\"><div class=\"wp-block-media-text__content\">\n<p><strong>Terapeutska masa\u017ea<\/strong> je specifi\u010dna vrsta masa\u017ee koja se koristi za ubla\u017eavanje bolova, smanjenje napetosti mi\u0161ic\u0301a, pobolj\u0161anje cirkulacije i op\u0161teg blagostanja. Ona se razlikuje od relaks masa\u017ee po tome \u0161to je intenzivnija i fokusirana na tretiranje specifi\u010dnih problema, kao \u0161to su bolovi u le\u0111ima, vratu, ili povrede mi\u0161ic\u0301a.<\/p>\n<\/div><figure class=\"wp-block-media-text__media\"><img loading=\"lazy\" decoding=\"async\" width=\"1024\" height=\"576\" src=\"https:\/\/nelyandmilady.com\/wp-content\/uploads\/2025\/07\/terapeutska-masaza-1024x576.jpg\" alt=\"terapeutska masaza\" class=\"wp-image-230 size-full\"\/><\/figure><\/div>\n<\/div><\/div>\n\n\n\n<div style=\"height:30px\" aria-hidden=\"true\" class=\"wp-block-spacer\"><\/div>\n\n\n\n<h3 class=\"wp-block-heading\"><em>Kako se izvodi terapeutska masa\u017ea<\/em><\/h3>\n\n\n\n<p><strong>Intenzitet<\/strong>: Terapeutska masa\u017ea je obi\u010dno intenzivnija od relaksacione masa\u017ee, sa vec\u0301im pritiskom na mi\u0161ic\u0301e i tkiva.<\/p>\n\n\n\n<p><strong>Namena<\/strong>: Namenjena osobama sa bolovima u mi\u0161i\u0107ima i zglobovima, povredama, uko\u010deno\u0161\u0107u, kao i osobama koje se bave sportom ili imaju potrebu za rehabilitacijom.\u00a0<\/p>\n\n\n\n<p><strong>Upotreba<\/strong>: Koristi se za le\u010denje raznih stanja, uklju\u010dujuc\u0301i bolove u le\u0111ima, vratu i ramenima, sportske povrede, povrede od prekomernog naprezanja i smanjenje stresa i anksioznosti.<\/p>\n\n\n\n<p><strong>Tehnike<\/strong>: Ova masa\u017ea koristi razne tehnike, kao \u0161to su masa\u017ea dubokog tkiva, miofascijalno osloba\u0111anje i masa\u017ea okida\u010dkih ta\u010daka, u zavisnosti od stanja koje se le\u010di.<\/p>\n\n\n\n<h3 class=\"wp-block-heading\"><em>Prednosti<\/em><\/h3>\n\n\n\n<p>Ova vrsta masa\u017ee mo\u017ee pobolj\u0161ati kvalitet \u017eivota, smanjiti bol, pobolj\u0161ati fleksibilnost i opseg pokreta. Tako\u0111e, smanjuje stres i anksioznost i doprinosi op\u0161tem osec\u0301aju blagostanja.<\/p>\n\n\n\n<h3 class=\"wp-block-heading\"><em>Kada se preporu\u010duje?<\/em><\/h3>\n\n\n\n<p><strong>Bolovi u le\u0111ima, vratu i ramenima:<\/strong>\u00a0\u010cest problem kod osoba koje dugo sede ili imaju lo\u0161e dr\u017eanje.\u00a0<\/p>\n\n\n\n<p><strong>Povrede mi\u0161i\u0107a i zglobova:<\/strong>\u00a0Nakon uganu\u0107a, istegnu\u0107a, povreda mekih tkiva.\u00a0<\/p>\n\n\n\n<p><strong>Uko\u010denost i ograni\u010dena pokretljivost:<\/strong>\u00a0Zbog povreda, dugotrajnog mirovanja ili lo\u0161eg dr\u017eanja.\u00a0<\/p>\n\n\n\n<p><strong>Glavobolje i migrene:<\/strong>\u00a0Terapeutska masa\u017ea mo\u017ee pomo\u0107i u smanjenju u\u010destalosti i intenziteta glavobolja.\u00a0<\/p>\n\n\n\n<p><strong>Stres i napetost:<\/strong>\u00a0Mo\u017ee smanjiti nivo stresa, opustiti mi\u0161i\u0107e i pobolj\u0161ati san.\u00a0<\/p>\n\n\n\n<p><strong>Rehabilitacija nakon povreda:<\/strong>\u00a0Terapeutska masa\u017ea je korisna u procesu oporavka nakon preloma, operacija i drugih povreda.\u00a0<\/p>\n\n\n\n<p>Va\u017eno je napomenuti da terapeutska masa\u017ea treba da se sprovodi od strane obu\u010denog terapeuta, koji \u0107e proceniti stanje klijenta.\u00a0U nekim slu\u010dajevima, mo\u017ee biti potrebna konsultacija sa lekarom pre primene terapijske masa\u017ee, obja\u0161njavaju stru\u010dnjaci.\u00a0<\/p>\n\n\n\n<p><\/p>\n","protected":false},"excerpt":{"rendered":"<p>Kako se izvodi terapeutska masa\u017ea Intenzitet: Terapeutska masa\u017ea je obi\u010dno intenzivnija od relaksacione masa\u017ee, sa vec\u0301im pritiskom na mi\u0161ic\u0301e i tkiva. Namena: Namenjena osobama sa bolovima u mi\u0161i\u0107ima i zglobovima, povredama, uko\u010deno\u0161\u0107u, kao i osobama koje se bave sportom ili imaju potrebu za rehabilitacijom.\u00a0 Upotreba: Koristi se za le\u010denje raznih stanja, uklju\u010dujuc\u0301i bolove u le\u0111ima, <a class=\"read-more\" href=\"https:\/\/nelyandmilady.com\/?page_id=229\">READ MORE<\/a><\/p>\n","protected":false},"author":1,"featured_media":0,"parent":0,"menu_order":0,"comment_status":"closed","ping_status":"closed","template":"","meta":{"footnotes":""},"class_list":["post-229","page","type-page","status-publish","hentry"],"yoast_head":"<!-- This site is optimized with the Yoast SEO plugin v26.0 - https:\/\/yoast.com\/wordpress\/plugins\/seo\/ -->\n<title>Terapeutska masa\u017ea - Nely&amp;MiLady<\/title>\n<meta name=\"description\" content=\"Terapeutska masa\u017ea je specifi\u010dna vrsta masa\u017ee koja se koristi za ubla\u017eavanje bolova, smanjenje napetosti mi\u0161ic\u0301a, pobolj\u0161anje cirkulacije..\" \/>\n<meta name=\"robots\" content=\"index, follow, max-snippet:-1, max-image-preview:large, max-video-preview:-1\" \/>\n<link rel=\"canonical\" href=\"https:\/\/nelyandmilady.com\/?page_id=229\" \/>\n<meta property=\"og:locale\" content=\"en_US\" \/>\n<meta property=\"og:type\" content=\"article\" \/>\n<meta property=\"og:title\" content=\"Terapeutska masa\u017ea - Nely&amp;MiLady\" \/>\n<meta property=\"og:description\" content=\"Terapeutska masa\u017ea je specifi\u010dna vrsta masa\u017ee koja se koristi za ubla\u017eavanje bolova, smanjenje napetosti mi\u0161ic\u0301a, pobolj\u0161anje cirkulacije..\" \/>\n<meta property=\"og:url\" content=\"https:\/\/nelyandmilady.com\/?page_id=229\" \/>\n<meta property=\"og:site_name\" content=\"Nely&amp;MiLady\" \/>\n<meta property=\"article:modified_time\" content=\"2025-08-14T09:57:39+00:00\" \/>\n<meta property=\"og:image\" content=\"https:\/\/nelyandmilady.com\/wp-content\/uploads\/2025\/06\/pattern-pink.png\" \/>\n\t<meta property=\"og:image:width\" content=\"640\" \/>\n\t<meta property=\"og:image:height\" content=\"359\" \/>\n\t<meta property=\"og:image:type\" content=\"image\/png\" \/>\n<meta name=\"twitter:card\" content=\"summary_large_image\" \/>\n<meta name=\"twitter:label1\" content=\"Est. reading time\" \/>\n\t<meta name=\"twitter:data1\" content=\"2 minutes\" \/>\n<script type=\"application\/ld+json\" class=\"yoast-schema-graph\">{\"@context\":\"https:\/\/schema.org\",\"@graph\":[{\"@type\":\"WebPage\",\"@id\":\"https:\/\/nelyandmilady.com\/?page_id=229\",\"url\":\"https:\/\/nelyandmilady.com\/?page_id=229\",\"name\":\"Terapeutska masa\u017ea - Nely&amp;MiLady\",\"isPartOf\":{\"@id\":\"https:\/\/nelyandmilady.com\/#website\"},\"primaryImageOfPage\":{\"@id\":\"https:\/\/nelyandmilady.com\/?page_id=229#primaryimage\"},\"image\":{\"@id\":\"https:\/\/nelyandmilady.com\/?page_id=229#primaryimage\"},\"thumbnailUrl\":\"https:\/\/nelyandmilady.com\/wp-content\/uploads\/2025\/06\/pattern-pink.png\",\"datePublished\":\"2025-07-10T13:13:57+00:00\",\"dateModified\":\"2025-08-14T09:57:39+00:00\",\"description\":\"Terapeutska masa\u017ea je specifi\u010dna vrsta masa\u017ee koja se koristi za ubla\u017eavanje bolova, smanjenje napetosti mi\u0161ic\u0301a, pobolj\u0161anje cirkulacije..\",\"breadcrumb\":{\"@id\":\"https:\/\/nelyandmilady.com\/?page_id=229#breadcrumb\"},\"inLanguage\":\"en-US\",\"potentialAction\":[{\"@type\":\"ReadAction\",\"target\":[\"https:\/\/nelyandmilady.com\/?page_id=229\"]}]},{\"@type\":\"ImageObject\",\"inLanguage\":\"en-US\",\"@id\":\"https:\/\/nelyandmilady.com\/?page_id=229#primaryimage\",\"url\":\"https:\/\/nelyandmilady.com\/wp-content\/uploads\/2025\/06\/pattern-pink.png\",\"contentUrl\":\"https:\/\/nelyandmilady.com\/wp-content\/uploads\/2025\/06\/pattern-pink.png\",\"width\":640,\"height\":359},{\"@type\":\"BreadcrumbList\",\"@id\":\"https:\/\/nelyandmilady.com\/?page_id=229#breadcrumb\",\"itemListElement\":[{\"@type\":\"ListItem\",\"position\":1,\"name\":\"Home\",\"item\":\"https:\/\/nelyandmilady.com\/\"},{\"@type\":\"ListItem\",\"position\":2,\"name\":\"Terapeutska masa\u017ea\"}]},{\"@type\":\"WebSite\",\"@id\":\"https:\/\/nelyandmilady.com\/#website\",\"url\":\"https:\/\/nelyandmilady.com\/\",\"name\":\"Nely&MiLady\",\"description\":\"kozmeti\u010dki salon\",\"publisher\":{\"@id\":\"https:\/\/nelyandmilady.com\/#organization\"},\"potentialAction\":[{\"@type\":\"SearchAction\",\"target\":{\"@type\":\"EntryPoint\",\"urlTemplate\":\"https:\/\/nelyandmilady.com\/?s={search_term_string}\"},\"query-input\":{\"@type\":\"PropertyValueSpecification\",\"valueRequired\":true,\"valueName\":\"search_term_string\"}}],\"inLanguage\":\"en-US\"},{\"@type\":\"Organization\",\"@id\":\"https:\/\/nelyandmilady.com\/#organization\",\"name\":\"Nely&MiLady\",\"url\":\"https:\/\/nelyandmilady.com\/\",\"logo\":{\"@type\":\"ImageObject\",\"inLanguage\":\"en-US\",\"@id\":\"https:\/\/nelyandmilady.com\/#\/schema\/logo\/image\/\",\"url\":\"https:\/\/nelyandmilady.com\/wp-content\/uploads\/2025\/06\/cropped-cropped-Nely-e1749734668989.jpg\",\"contentUrl\":\"https:\/\/nelyandmilady.com\/wp-content\/uploads\/2025\/06\/cropped-cropped-Nely-e1749734668989.jpg\",\"width\":150,\"height\":150,\"caption\":\"Nely&MiLady\"},\"image\":{\"@id\":\"https:\/\/nelyandmilady.com\/#\/schema\/logo\/image\/\"}}]}<\/script>\n<!-- \/ Yoast SEO plugin. -->","yoast_head_json":{"title":"Terapeutska masa\u017ea - Nely&amp;MiLady","description":"Terapeutska masa\u017ea je specifi\u010dna vrsta masa\u017ee koja se koristi za ubla\u017eavanje bolova, smanjenje napetosti mi\u0161ic\u0301a, pobolj\u0161anje cirkulacije..","robots":{"index":"index","follow":"follow","max-snippet":"max-snippet:-1","max-image-preview":"max-image-preview:large","max-video-preview":"max-video-preview:-1"},"canonical":"https:\/\/nelyandmilady.com\/?page_id=229","og_locale":"en_US","og_type":"article","og_title":"Terapeutska masa\u017ea - Nely&amp;MiLady","og_description":"Terapeutska masa\u017ea je specifi\u010dna vrsta masa\u017ee koja se koristi za ubla\u017eavanje bolova, smanjenje napetosti mi\u0161ic\u0301a, pobolj\u0161anje cirkulacije..","og_url":"https:\/\/nelyandmilady.com\/?page_id=229","og_site_name":"Nely&amp;MiLady","article_modified_time":"2025-08-14T09:57:39+00:00","og_image":[{"width":640,"height":359,"url":"https:\/\/nelyandmilady.com\/wp-content\/uploads\/2025\/06\/pattern-pink.png","type":"image\/png"}],"twitter_card":"summary_large_image","twitter_misc":{"Est. reading time":"2 minutes"},"schema":{"@context":"https:\/\/schema.org","@graph":[{"@type":"WebPage","@id":"https:\/\/nelyandmilady.com\/?page_id=229","url":"https:\/\/nelyandmilady.com\/?page_id=229","name":"Terapeutska masa\u017ea - Nely&amp;MiLady","isPartOf":{"@id":"https:\/\/nelyandmilady.com\/#website"},"primaryImageOfPage":{"@id":"https:\/\/nelyandmilady.com\/?page_id=229#primaryimage"},"image":{"@id":"https:\/\/nelyandmilady.com\/?page_id=229#primaryimage"},"thumbnailUrl":"https:\/\/nelyandmilady.com\/wp-content\/uploads\/2025\/06\/pattern-pink.png","datePublished":"2025-07-10T13:13:57+00:00","dateModified":"2025-08-14T09:57:39+00:00","description":"Terapeutska masa\u017ea je specifi\u010dna vrsta masa\u017ee koja se koristi za ubla\u017eavanje bolova, smanjenje napetosti mi\u0161ic\u0301a, pobolj\u0161anje cirkulacije..","breadcrumb":{"@id":"https:\/\/nelyandmilady.com\/?page_id=229#breadcrumb"},"inLanguage":"en-US","potentialAction":[{"@type":"ReadAction","target":["https:\/\/nelyandmilady.com\/?page_id=229"]}]},{"@type":"ImageObject","inLanguage":"en-US","@id":"https:\/\/nelyandmilady.com\/?page_id=229#primaryimage","url":"https:\/\/nelyandmilady.com\/wp-content\/uploads\/2025\/06\/pattern-pink.png","contentUrl":"https:\/\/nelyandmilady.com\/wp-content\/uploads\/2025\/06\/pattern-pink.png","width":640,"height":359},{"@type":"BreadcrumbList","@id":"https:\/\/nelyandmilady.com\/?page_id=229#breadcrumb","itemListElement":[{"@type":"ListItem","position":1,"name":"Home","item":"https:\/\/nelyandmilady.com\/"},{"@type":"ListItem","position":2,"name":"Terapeutska masa\u017ea"}]},{"@type":"WebSite","@id":"https:\/\/nelyandmilady.com\/#website","url":"https:\/\/nelyandmilady.com\/","name":"Nely&MiLady","description":"kozmeti\u010dki salon","publisher":{"@id":"https:\/\/nelyandmilady.com\/#organization"},"potentialAction":[{"@type":"SearchAction","target":{"@type":"EntryPoint","urlTemplate":"https:\/\/nelyandmilady.com\/?s={search_term_string}"},"query-input":{"@type":"PropertyValueSpecification","valueRequired":true,"valueName":"search_term_string"}}],"inLanguage":"en-US"},{"@type":"Organization","@id":"https:\/\/nelyandmilady.com\/#organization","name":"Nely&MiLady","url":"https:\/\/nelyandmilady.com\/","logo":{"@type":"ImageObject","inLanguage":"en-US","@id":"https:\/\/nelyandmilady.com\/#\/schema\/logo\/image\/","url":"https:\/\/nelyandmilady.com\/wp-content\/uploads\/2025\/06\/cropped-cropped-Nely-e1749734668989.jpg","contentUrl":"https:\/\/nelyandmilady.com\/wp-content\/uploads\/2025\/06\/cropped-cropped-Nely-e1749734668989.jpg","width":150,"height":150,"caption":"Nely&MiLady"},"image":{"@id":"https:\/\/nelyandmilady.com\/#\/schema\/logo\/image\/"}}]}},"_links":{"self":[{"href":"https:\/\/nelyandmilady.com\/index.php?rest_route=\/wp\/v2\/pages\/229","targetHints":{"allow":["GET"]}}],"collection":[{"href":"https:\/\/nelyandmilady.com\/index.php?rest_route=\/wp\/v2\/pages"}],"about":[{"href":"https:\/\/nelyandmilady.com\/index.php?rest_route=\/wp\/v2\/types\/page"}],"author":[{"embeddable":true,"href":"https:\/\/nelyandmilady.com\/index.php?rest_route=\/wp\/v2\/users\/1"}],"replies":[{"embeddable":true,"href":"https:\/\/nelyandmilady.com\/index.php?rest_route=%2Fwp%2Fv2%2Fcomments&post=229"}],"version-history":[{"count":3,"href":"https:\/\/nelyandmilady.com\/index.php?rest_route=\/wp\/v2\/pages\/229\/revisions"}],"predecessor-version":[{"id":326,"href":"https:\/\/nelyandmilady.com\/index.php?rest_route=\/wp\/v2\/pages\/229\/revisions\/326"}],"wp:attachment":[{"href":"https:\/\/nelyandmilady.com\/index.php?rest_route=%2Fwp%2Fv2%2Fmedia&parent=229"}],"curies":[{"name":"wp","href":"https:\/\/api.w.org\/{rel}","templated":true}]}}