{"id":208,"date":"2025-07-10T10:49:11","date_gmt":"2025-07-10T10:49:11","guid":{"rendered":"https:\/\/nelyandmilady.com\/?page_id=208"},"modified":"2025-08-14T09:42:21","modified_gmt":"2025-08-14T09:42:21","slug":"maderoterapija","status":"publish","type":"page","link":"https:\/\/nelyandmilady.com\/?page_id=208","title":{"rendered":"Maderoterapija"},"content":{"rendered":"\n<div class=\"wp-block-nk-awb nk-awb\"><div class=\"nk-awb-wrap\" data-awb-type=\"image\" data-awb-image-background-size=\"cover\" data-awb-image-background-position=\"53% 44%\"><div class=\"nk-awb-inner\" style=\"opacity: 0.4;\"><img loading=\"lazy\" decoding=\"async\" src=\"https:\/\/nelyandmilady.com\/wp-content\/uploads\/2025\/06\/pattern-pink.png\" class=\"wp-image-92 jarallax-img\" width=\"640\" height=\"359\" srcset=\"https:\/\/nelyandmilady.com\/wp-content\/uploads\/2025\/06\/pattern-pink.png 640w, https:\/\/nelyandmilady.com\/wp-content\/uploads\/2025\/06\/pattern-pink-300x168.png 300w, https:\/\/nelyandmilady.com\/wp-content\/uploads\/2025\/06\/pattern-pink-500x280.png 500w\" sizes=\"auto, (max-width: 640px) 100vw, 640px\" \/><\/div><\/div><div class=\"nk-awb-wrap-content is-layout-constrained wp-block-nk-awb-is-layout-constrained\">\n<div class=\"wp-block-media-text has-media-on-the-right is-stacked-on-mobile\"><div class=\"wp-block-media-text__content\">\n<p><strong><em>Maderoterapija &nbsp;<\/em><\/strong>je tehnika masa\u017ee koja koristi posebno oblikovane drvene elemente za tretiranje celulita i oblikovanje tela.<\/p>\n\n\n\n<p>Maderoterapija se izvodi pomo\u0107u niza pokreta i pritisaka drvenim elementima, poput oklagija, valjaka i zvona.&nbsp;Terapeut bira odgovaraju\u0107e alate i tehnike u zavisnosti od tretiranog dela tela i ciljeva tretmana.&nbsp;<\/p>\n<\/div><figure class=\"wp-block-media-text__media\"><img loading=\"lazy\" decoding=\"async\" width=\"1024\" height=\"678\" src=\"https:\/\/nelyandmilady.com\/wp-content\/uploads\/2025\/07\/maderotrapija-1024x678.jpg\" alt=\"\" class=\"wp-image-210 size-full\" srcset=\"https:\/\/nelyandmilady.com\/wp-content\/uploads\/2025\/07\/maderotrapija-1024x678.jpg 1024w, https:\/\/nelyandmilady.com\/wp-content\/uploads\/2025\/07\/maderotrapija-300x199.jpg 300w, https:\/\/nelyandmilady.com\/wp-content\/uploads\/2025\/07\/maderotrapija-768x509.jpg 768w, https:\/\/nelyandmilady.com\/wp-content\/uploads\/2025\/07\/maderotrapija-500x331.jpg 500w, https:\/\/nelyandmilady.com\/wp-content\/uploads\/2025\/07\/maderotrapija-800x530.jpg 800w, https:\/\/nelyandmilady.com\/wp-content\/uploads\/2025\/07\/maderotrapija.jpg 1200w\" sizes=\"auto, (max-width: 1024px) 100vw, 1024px\" \/><\/figure><\/div>\n<\/div><\/div>\n\n\n\n<div style=\"height:30px\" aria-hidden=\"true\" class=\"wp-block-spacer\"><\/div>\n\n\n\n<h3 class=\"wp-block-heading\"><em>\u0160ta je maderoterapija?<\/em><\/h3>\n\n\n\n<p><strong>Maderoterapija <\/strong>je anticelulit masa\u017ea koja se izvodi posebnim drvenim oklagijama i drugim drvenim alatima.&nbsp;Ova tehnika se koristi za:&nbsp;<\/p>\n\n\n\n<ul class=\"wp-block-list\">\n<li><strong>Uklanjanje celulita:<\/strong>&nbsp;Stimuli\u0161e limfni sistem i cirkulaciju, poma\u017eu\u0107i u izbacivanju toksina i masnih naslaga.&nbsp;<\/li>\n\n\n\n<li><strong>Oblikovanje tela:<\/strong>&nbsp;Deluje na mi\u0161i\u0107e i masne naslage, poma\u017eu\u0107i u smanjenju obima i pobolj\u0161anju kontura tela.&nbsp;<\/li>\n\n\n\n<li><strong>Detoksikaciju:<\/strong>&nbsp;Poma\u017ee u izbacivanju toksina i vi\u0161ka te\u010dnosti iz organizma.&nbsp;<\/li>\n\n\n\n<li><strong>Pobolj\u0161anje cirkulacije:<\/strong>&nbsp;Stimulacija cirkulacije doprinosi boljem protoku krvi i ishrani tkiva.&nbsp;<\/li>\n\n\n\n<li><strong>Relaksaciju:<\/strong>&nbsp;Mo\u017ee doprineti smanjenju napetosti i bolova u mi\u0161i\u0107ima.&nbsp;<\/li>\n<\/ul>\n\n\n\n<h3 class=\"wp-block-heading\"><em>Prednosti maderoterapije<\/em><\/h3>\n\n\n\n<ul class=\"wp-block-list\">\n<li><strong>Prirodna metoda:<\/strong>&nbsp;Koriste se isklju\u010divo drveni elementi, \u0161to smanjuje rizik od alergijskih reakcija.&nbsp;<\/li>\n\n\n\n<li><strong>Efikasnost protiv celulita:<\/strong>&nbsp;Maderoterapija mo\u017ee zna\u010dajno smanjiti vidljivost celulita i pobolj\u0161ati izgled ko\u017ee.&nbsp;<\/li>\n\n\n\n<li><strong>Oblikovanje tela:<\/strong>&nbsp;Poma\u017ee u smanjenju obima i zatezanju ko\u017ee.&nbsp;<\/li>\n\n\n\n<li><strong>Detoksikacija i pobolj\u0161anje cirkulacije:<\/strong>&nbsp;Stimuli\u0161e limfni sistem i cirkulaciju, doprinose\u0107i boljem op\u0161tem stanju organizma.&nbsp;<\/li>\n\n\n\n<li><strong>Relaksacija:<\/strong>&nbsp;Mo\u017ee pomo\u0107i u smanjenju napetosti mi\u0161i\u0107a i pobolj\u0161anju raspolo\u017eenja.&nbsp;<\/li>\n<\/ul>\n\n\n\n<figure class=\"wp-block-gallery has-nested-images columns-default is-cropped wp-block-gallery-1 is-layout-flex wp-block-gallery-is-layout-flex\">\n<figure class=\"wp-block-image size-large\"><img loading=\"lazy\" decoding=\"async\" width=\"1024\" height=\"546\" data-id=\"211\" src=\"https:\/\/nelyandmilady.com\/wp-content\/uploads\/2025\/07\/maderoterapija-1-1024x546.jpg\" alt=\"\" class=\"wp-image-211\" srcset=\"https:\/\/nelyandmilady.com\/wp-content\/uploads\/2025\/07\/maderoterapija-1-1024x546.jpg 1024w, https:\/\/nelyandmilady.com\/wp-content\/uploads\/2025\/07\/maderoterapija-1-300x160.jpg 300w, https:\/\/nelyandmilady.com\/wp-content\/uploads\/2025\/07\/maderoterapija-1-768x410.jpg 768w, https:\/\/nelyandmilady.com\/wp-content\/uploads\/2025\/07\/maderoterapija-1-1536x819.jpg 1536w, https:\/\/nelyandmilady.com\/wp-content\/uploads\/2025\/07\/maderoterapija-1-2048x1092.jpg 2048w, https:\/\/nelyandmilady.com\/wp-content\/uploads\/2025\/07\/maderoterapija-1-500x267.jpg 500w, https:\/\/nelyandmilady.com\/wp-content\/uploads\/2025\/07\/maderoterapija-1-800x427.jpg 800w, https:\/\/nelyandmilady.com\/wp-content\/uploads\/2025\/07\/maderoterapija-1-1280x683.jpg 1280w, https:\/\/nelyandmilady.com\/wp-content\/uploads\/2025\/07\/maderoterapija-1-1920x1024.jpg 1920w\" sizes=\"auto, (max-width: 1024px) 100vw, 1024px\" \/><\/figure>\n\n\n\n<figure class=\"wp-block-image size-large\"><img loading=\"lazy\" decoding=\"async\" width=\"770\" height=\"400\" data-id=\"212\" src=\"https:\/\/nelyandmilady.com\/wp-content\/uploads\/2025\/07\/maderoterapija-2.jpg\" alt=\"\" class=\"wp-image-212\" srcset=\"https:\/\/nelyandmilady.com\/wp-content\/uploads\/2025\/07\/maderoterapija-2.jpg 770w, https:\/\/nelyandmilady.com\/wp-content\/uploads\/2025\/07\/maderoterapija-2-300x156.jpg 300w, https:\/\/nelyandmilady.com\/wp-content\/uploads\/2025\/07\/maderoterapija-2-768x399.jpg 768w, https:\/\/nelyandmilady.com\/wp-content\/uploads\/2025\/07\/maderoterapija-2-500x260.jpg 500w\" sizes=\"auto, (max-width: 770px) 100vw, 770px\" \/><\/figure>\n<\/figure>\n\n\n\n<p>Maderoterapija se preporu\u010duje osobama koje \u017eele da smanje celulit, oblikuju telo i pobolj\u0161aju op\u0161te stanje organizma.&nbsp;Pre tretmana je va\u017eno konsultovati se sa stru\u010dnjakom kako bi se utvrdilo da li je maderoterapija odgovaraju\u0107a za vas i kako bi se izbegli potencijalni rizici.&nbsp;<\/p>\n\n\n\n<p>Za sve dodatne informacije i zakazivanje termina, <a href=\"https:\/\/nelyandmilady.com\/?page_id=50\">kontaktirajte <\/a>nas.<\/p>\n","protected":false},"excerpt":{"rendered":"<p>\u0160ta je maderoterapija? Maderoterapija je anticelulit masa\u017ea koja se izvodi posebnim drvenim oklagijama i drugim drvenim alatima.&nbsp;Ova tehnika se koristi za:&nbsp; Prednosti maderoterapije Maderoterapija se preporu\u010duje osobama koje \u017eele da smanje celulit, oblikuju telo i pobolj\u0161aju op\u0161te stanje organizma.&nbsp;Pre tretmana je va\u017eno konsultovati se sa stru\u010dnjakom kako bi se utvrdilo da li je maderoterapija odgovaraju\u0107a <a class=\"read-more\" href=\"https:\/\/nelyandmilady.com\/?page_id=208\">READ MORE<\/a><\/p>\n","protected":false},"author":1,"featured_media":0,"parent":0,"menu_order":0,"comment_status":"closed","ping_status":"closed","template":"","meta":{"footnotes":""},"class_list":["post-208","page","type-page","status-publish","hentry"],"yoast_head":"<!-- This site is optimized with the Yoast SEO plugin v26.0 - https:\/\/yoast.com\/wordpress\/plugins\/seo\/ -->\n<title>Maderoterapija - Nely&amp;MiLady<\/title>\n<meta name=\"description\" content=\"Maderoterapija \u00a0je tehnika masa\u017ee koja koristi posebno oblikovane drvene elemente za tretiranje celulita i oblikovanje tela.\" \/>\n<meta name=\"robots\" content=\"index, follow, max-snippet:-1, max-image-preview:large, max-video-preview:-1\" \/>\n<link rel=\"canonical\" href=\"https:\/\/nelyandmilady.com\/?page_id=208\" \/>\n<meta property=\"og:locale\" content=\"en_US\" \/>\n<meta property=\"og:type\" content=\"article\" \/>\n<meta property=\"og:title\" content=\"Maderoterapija - Nely&amp;MiLady\" \/>\n<meta property=\"og:description\" content=\"Maderoterapija \u00a0je tehnika masa\u017ee koja koristi posebno oblikovane drvene elemente za tretiranje celulita i oblikovanje tela.\" \/>\n<meta property=\"og:url\" content=\"https:\/\/nelyandmilady.com\/?page_id=208\" \/>\n<meta property=\"og:site_name\" content=\"Nely&amp;MiLady\" \/>\n<meta property=\"article:modified_time\" content=\"2025-08-14T09:42:21+00:00\" \/>\n<meta property=\"og:image\" content=\"https:\/\/nelyandmilady.com\/wp-content\/uploads\/2025\/06\/pattern-pink.png\" \/>\n\t<meta property=\"og:image:width\" content=\"640\" \/>\n\t<meta property=\"og:image:height\" content=\"359\" \/>\n\t<meta property=\"og:image:type\" content=\"image\/png\" \/>\n<meta name=\"twitter:card\" content=\"summary_large_image\" \/>\n<meta name=\"twitter:label1\" content=\"Est. reading time\" \/>\n\t<meta name=\"twitter:data1\" content=\"2 minutes\" \/>\n<script type=\"application\/ld+json\" class=\"yoast-schema-graph\">{\"@context\":\"https:\/\/schema.org\",\"@graph\":[{\"@type\":\"WebPage\",\"@id\":\"https:\/\/nelyandmilady.com\/?page_id=208\",\"url\":\"https:\/\/nelyandmilady.com\/?page_id=208\",\"name\":\"Maderoterapija - Nely&amp;MiLady\",\"isPartOf\":{\"@id\":\"https:\/\/nelyandmilady.com\/#website\"},\"primaryImageOfPage\":{\"@id\":\"https:\/\/nelyandmilady.com\/?page_id=208#primaryimage\"},\"image\":{\"@id\":\"https:\/\/nelyandmilady.com\/?page_id=208#primaryimage\"},\"thumbnailUrl\":\"https:\/\/nelyandmilady.com\/wp-content\/uploads\/2025\/06\/pattern-pink.png\",\"datePublished\":\"2025-07-10T10:49:11+00:00\",\"dateModified\":\"2025-08-14T09:42:21+00:00\",\"description\":\"Maderoterapija \u00a0je tehnika masa\u017ee koja koristi posebno oblikovane drvene elemente za tretiranje celulita i oblikovanje tela.\",\"breadcrumb\":{\"@id\":\"https:\/\/nelyandmilady.com\/?page_id=208#breadcrumb\"},\"inLanguage\":\"en-US\",\"potentialAction\":[{\"@type\":\"ReadAction\",\"target\":[\"https:\/\/nelyandmilady.com\/?page_id=208\"]}]},{\"@type\":\"ImageObject\",\"inLanguage\":\"en-US\",\"@id\":\"https:\/\/nelyandmilady.com\/?page_id=208#primaryimage\",\"url\":\"https:\/\/nelyandmilady.com\/wp-content\/uploads\/2025\/06\/pattern-pink.png\",\"contentUrl\":\"https:\/\/nelyandmilady.com\/wp-content\/uploads\/2025\/06\/pattern-pink.png\",\"width\":640,\"height\":359},{\"@type\":\"BreadcrumbList\",\"@id\":\"https:\/\/nelyandmilady.com\/?page_id=208#breadcrumb\",\"itemListElement\":[{\"@type\":\"ListItem\",\"position\":1,\"name\":\"Home\",\"item\":\"https:\/\/nelyandmilady.com\/\"},{\"@type\":\"ListItem\",\"position\":2,\"name\":\"Maderoterapija\"}]},{\"@type\":\"WebSite\",\"@id\":\"https:\/\/nelyandmilady.com\/#website\",\"url\":\"https:\/\/nelyandmilady.com\/\",\"name\":\"Nely&MiLady\",\"description\":\"kozmeti\u010dki salon\",\"publisher\":{\"@id\":\"https:\/\/nelyandmilady.com\/#organization\"},\"potentialAction\":[{\"@type\":\"SearchAction\",\"target\":{\"@type\":\"EntryPoint\",\"urlTemplate\":\"https:\/\/nelyandmilady.com\/?s={search_term_string}\"},\"query-input\":{\"@type\":\"PropertyValueSpecification\",\"valueRequired\":true,\"valueName\":\"search_term_string\"}}],\"inLanguage\":\"en-US\"},{\"@type\":\"Organization\",\"@id\":\"https:\/\/nelyandmilady.com\/#organization\",\"name\":\"Nely&MiLady\",\"url\":\"https:\/\/nelyandmilady.com\/\",\"logo\":{\"@type\":\"ImageObject\",\"inLanguage\":\"en-US\",\"@id\":\"https:\/\/nelyandmilady.com\/#\/schema\/logo\/image\/\",\"url\":\"https:\/\/nelyandmilady.com\/wp-content\/uploads\/2025\/06\/cropped-cropped-Nely-e1749734668989.jpg\",\"contentUrl\":\"https:\/\/nelyandmilady.com\/wp-content\/uploads\/2025\/06\/cropped-cropped-Nely-e1749734668989.jpg\",\"width\":150,\"height\":150,\"caption\":\"Nely&MiLady\"},\"image\":{\"@id\":\"https:\/\/nelyandmilady.com\/#\/schema\/logo\/image\/\"}}]}<\/script>\n<!-- \/ Yoast SEO plugin. -->","yoast_head_json":{"title":"Maderoterapija - Nely&amp;MiLady","description":"Maderoterapija \u00a0je tehnika masa\u017ee koja koristi posebno oblikovane drvene elemente za tretiranje celulita i oblikovanje tela.","robots":{"index":"index","follow":"follow","max-snippet":"max-snippet:-1","max-image-preview":"max-image-preview:large","max-video-preview":"max-video-preview:-1"},"canonical":"https:\/\/nelyandmilady.com\/?page_id=208","og_locale":"en_US","og_type":"article","og_title":"Maderoterapija - Nely&amp;MiLady","og_description":"Maderoterapija \u00a0je tehnika masa\u017ee koja koristi posebno oblikovane drvene elemente za tretiranje celulita i oblikovanje tela.","og_url":"https:\/\/nelyandmilady.com\/?page_id=208","og_site_name":"Nely&amp;MiLady","article_modified_time":"2025-08-14T09:42:21+00:00","og_image":[{"width":640,"height":359,"url":"https:\/\/nelyandmilady.com\/wp-content\/uploads\/2025\/06\/pattern-pink.png","type":"image\/png"}],"twitter_card":"summary_large_image","twitter_misc":{"Est. reading time":"2 minutes"},"schema":{"@context":"https:\/\/schema.org","@graph":[{"@type":"WebPage","@id":"https:\/\/nelyandmilady.com\/?page_id=208","url":"https:\/\/nelyandmilady.com\/?page_id=208","name":"Maderoterapija - Nely&amp;MiLady","isPartOf":{"@id":"https:\/\/nelyandmilady.com\/#website"},"primaryImageOfPage":{"@id":"https:\/\/nelyandmilady.com\/?page_id=208#primaryimage"},"image":{"@id":"https:\/\/nelyandmilady.com\/?page_id=208#primaryimage"},"thumbnailUrl":"https:\/\/nelyandmilady.com\/wp-content\/uploads\/2025\/06\/pattern-pink.png","datePublished":"2025-07-10T10:49:11+00:00","dateModified":"2025-08-14T09:42:21+00:00","description":"Maderoterapija \u00a0je tehnika masa\u017ee koja koristi posebno oblikovane drvene elemente za tretiranje celulita i oblikovanje tela.","breadcrumb":{"@id":"https:\/\/nelyandmilady.com\/?page_id=208#breadcrumb"},"inLanguage":"en-US","potentialAction":[{"@type":"ReadAction","target":["https:\/\/nelyandmilady.com\/?page_id=208"]}]},{"@type":"ImageObject","inLanguage":"en-US","@id":"https:\/\/nelyandmilady.com\/?page_id=208#primaryimage","url":"https:\/\/nelyandmilady.com\/wp-content\/uploads\/2025\/06\/pattern-pink.png","contentUrl":"https:\/\/nelyandmilady.com\/wp-content\/uploads\/2025\/06\/pattern-pink.png","width":640,"height":359},{"@type":"BreadcrumbList","@id":"https:\/\/nelyandmilady.com\/?page_id=208#breadcrumb","itemListElement":[{"@type":"ListItem","position":1,"name":"Home","item":"https:\/\/nelyandmilady.com\/"},{"@type":"ListItem","position":2,"name":"Maderoterapija"}]},{"@type":"WebSite","@id":"https:\/\/nelyandmilady.com\/#website","url":"https:\/\/nelyandmilady.com\/","name":"Nely&MiLady","description":"kozmeti\u010dki salon","publisher":{"@id":"https:\/\/nelyandmilady.com\/#organization"},"potentialAction":[{"@type":"SearchAction","target":{"@type":"EntryPoint","urlTemplate":"https:\/\/nelyandmilady.com\/?s={search_term_string}"},"query-input":{"@type":"PropertyValueSpecification","valueRequired":true,"valueName":"search_term_string"}}],"inLanguage":"en-US"},{"@type":"Organization","@id":"https:\/\/nelyandmilady.com\/#organization","name":"Nely&MiLady","url":"https:\/\/nelyandmilady.com\/","logo":{"@type":"ImageObject","inLanguage":"en-US","@id":"https:\/\/nelyandmilady.com\/#\/schema\/logo\/image\/","url":"https:\/\/nelyandmilady.com\/wp-content\/uploads\/2025\/06\/cropped-cropped-Nely-e1749734668989.jpg","contentUrl":"https:\/\/nelyandmilady.com\/wp-content\/uploads\/2025\/06\/cropped-cropped-Nely-e1749734668989.jpg","width":150,"height":150,"caption":"Nely&MiLady"},"image":{"@id":"https:\/\/nelyandmilady.com\/#\/schema\/logo\/image\/"}}]}},"_links":{"self":[{"href":"https:\/\/nelyandmilady.com\/index.php?rest_route=\/wp\/v2\/pages\/208","targetHints":{"allow":["GET"]}}],"collection":[{"href":"https:\/\/nelyandmilady.com\/index.php?rest_route=\/wp\/v2\/pages"}],"about":[{"href":"https:\/\/nelyandmilady.com\/index.php?rest_route=\/wp\/v2\/types\/page"}],"author":[{"embeddable":true,"href":"https:\/\/nelyandmilady.com\/index.php?rest_route=\/wp\/v2\/users\/1"}],"replies":[{"embeddable":true,"href":"https:\/\/nelyandmilady.com\/index.php?rest_route=%2Fwp%2Fv2%2Fcomments&post=208"}],"version-history":[{"count":4,"href":"https:\/\/nelyandmilady.com\/index.php?rest_route=\/wp\/v2\/pages\/208\/revisions"}],"predecessor-version":[{"id":321,"href":"https:\/\/nelyandmilady.com\/index.php?rest_route=\/wp\/v2\/pages\/208\/revisions\/321"}],"wp:attachment":[{"href":"https:\/\/nelyandmilady.com\/index.php?rest_route=%2Fwp%2Fv2%2Fmedia&parent=208"}],"curies":[{"name":"wp","href":"https:\/\/api.w.org\/{rel}","templated":true}]}}