{"id":186,"date":"2025-06-25T12:12:19","date_gmt":"2025-06-25T12:12:19","guid":{"rendered":"https:\/\/nelyandmilady.com\/?page_id=186"},"modified":"2025-08-14T09:45:15","modified_gmt":"2025-08-14T09:45:15","slug":"radiotalasni-lifting-2","status":"publish","type":"page","link":"https:\/\/nelyandmilady.com\/?page_id=186","title":{"rendered":"Radiotalasni lifting"},"content":{"rendered":"\n<div class=\"wp-block-nk-awb nk-awb\"><div class=\"nk-awb-wrap\" data-awb-type=\"image\" data-awb-image-background-size=\"cover\" data-awb-image-background-position=\"53% 44%\"><div class=\"nk-awb-inner\" style=\"opacity: 0.4;\"><img loading=\"lazy\" decoding=\"async\" src=\"https:\/\/nelyandmilady.com\/wp-content\/uploads\/2025\/06\/pattern-pink.png\" class=\"wp-image-92 jarallax-img\" width=\"640\" height=\"359\" srcset=\"https:\/\/nelyandmilady.com\/wp-content\/uploads\/2025\/06\/pattern-pink.png 640w, https:\/\/nelyandmilady.com\/wp-content\/uploads\/2025\/06\/pattern-pink-300x168.png 300w, https:\/\/nelyandmilady.com\/wp-content\/uploads\/2025\/06\/pattern-pink-500x280.png 500w\" sizes=\"auto, (max-width: 640px) 100vw, 640px\" \/><\/div><\/div><div class=\"nk-awb-wrap-content is-layout-constrained wp-block-nk-awb-is-layout-constrained\">\n<div class=\"wp-block-media-text has-media-on-the-right is-stacked-on-mobile\" style=\"grid-template-columns:auto 52%\"><div class=\"wp-block-media-text__content\">\n<p><strong><em>Radiotalasni lifting<\/em><\/strong>\u00a0je najefikasniji nehirur\u0161ki\u00a0<strong>tretman za podmladjivanje lica i tela<\/strong>. Slu\u017ei za\u00a0<strong>uklanjanje bora<\/strong>\u00a0i\u00a0<strong>zatezanje opu\u0161tene ko\u017ee.<\/strong>\u00a0Postupak je jednostavan, potpuno bezbedan i ne zahteva nijednu formu anestezije. Efekti tretmana su vidljivi odmah (regenerisani kolagen), a u narednih 15 do 30 dana i dodatni efekat novog kolagena\u00a0koji se stvara.<\/p>\n\n\n\n<p><strong><em>Radiotalasni lifting<\/em><\/strong>, pomo\u0107u sonde, emituje radiotalase u srednji sloj ko\u017ee, gde se pokre\u0107e njena regeneracija, stvaranje novog kolagena i vezivanja kolagena za elastin. Usporava i spre\u010dava starenje ko\u017ee, i omogu\u0107ava zatezanje kriti\u010dnih regija. Pored toga, radiotalasni lifting deluje na&nbsp;<strong>topljenje masnih naslaga<\/strong>, koje su nagomilane na odre\u0111enim, problemati\u010dnim delovima tela. Tako da ujedno topi masne naslage i zate\u017ee ko\u017eu, \u0161to predstavlja dobitnu kombinaciju.<\/p>\n<\/div><figure class=\"wp-block-media-text__media\"><img loading=\"lazy\" decoding=\"async\" width=\"436\" height=\"340\" src=\"https:\/\/nelyandmilady.com\/wp-content\/uploads\/2025\/06\/body-contour.jpg\" alt=\"\" class=\"wp-image-187 size-full\" srcset=\"https:\/\/nelyandmilady.com\/wp-content\/uploads\/2025\/06\/body-contour.jpg 436w, https:\/\/nelyandmilady.com\/wp-content\/uploads\/2025\/06\/body-contour-300x234.jpg 300w\" sizes=\"auto, (max-width: 436px) 100vw, 436px\" \/><\/figure><\/div>\n<\/div><\/div>\n\n\n\n<div style=\"height:30px\" aria-hidden=\"true\" class=\"wp-block-spacer\"><\/div>\n\n\n\n<p><strong><em>Radiotalasni lifting<\/em><\/strong>\u00a0tela je\u00a0<em>bezbolan i prijatan<\/em>\u00a0tretman, traje oko 45 minuta i nema ne\u017eeljenih efekata. Neposredno po zavr\u0161etku tretmana mogu\u0107e je vratiti se uobi\u010dajnim dnevnim aktivnostima.<br>Preporuka je izme\u0111u 6-8 tretmana u zavisnosti od stanja tela i navika klijenta, rade se dva puta nedeljno i mogu da se kombinuju sa drugim anticelulit tretmanima. U cilju odr\u017eavanja postignutih rezultata, preporuka je seriju RTL tretmana tela ponoviti na 6 meseci. Kod ve\u0107ine pacijenata se neposredno po tretmanu vidi efekat u vidu zatezanja kao reakcija postoje\u0107eg kolagena.<\/p>\n\n\n\n<h3 class=\"wp-block-heading\"><em>Kome je tretman namenjen?<\/em><\/h3>\n\n\n\n<p><strong><em>Radiotalasni lifting<\/em><\/strong>\u00a0tela je idealan za one koji \u017eele da zategnu i u\u010dvrste opu\u0161tenu ko\u017eu stomaka, butina, unutra\u0161nju stranu nadlaktica, predela oko kolena, a da to u\u010dine na maksimalno komforan na\u010din.<\/p>\n\n\n\n<h3 class=\"wp-block-heading\"><em>Radiotalasni lifting sa Vakuumom<\/em><\/h3>\n\n\n\n<p>Tretman\u00a0<strong><em>radiotalasnim vakuumom<\/em><\/strong>\u00a0primenjuje se za\u00a0<strong>razgradnju celulita i zatezanje ko\u017ee<\/strong>. Radio talasi dopiru do 3 centimetra ispod ko\u017ee, deluju\u0107i tako i na\u00a0<strong>razbijanje dubinskog celulita<\/strong>. Istovremeno, vakum ne\u017eno odi\u017ee deo epidermisa od potko\u017enog masnog tkiva, poja\u010dava prokrvljenost tretiranog dela i time uti\u010de na\u00a0<strong>redukciju i eliminaciju masnih naslaga.<\/strong><\/p>\n\n\n\n<p>Ovim tretmanom se&nbsp;<strong>pobolj\u0161ava mikrocirkulacija<\/strong>,&nbsp;<strong>vra\u0107a se tonus tkivu<\/strong>,&nbsp;<strong>redukuje celulit<\/strong>,&nbsp;<strong>podi\u017ee stra\u017enjica<\/strong>&nbsp;i posti\u017ee lep oblik butina i zadnjice.<\/p>\n\n\n\n<p>Tretman se mo\u017ee ponavljati 2 do 3 puta nedeljno.<\/p>\n\n\n\n<p>Kao\u00a0<strong><em>anticelulit program<\/em><\/strong>, preporu\u010dljivo je kombinovati lifting, <a href=\"https:\/\/nelyandmilady.com\/?page_id=174\" data-type=\"page\" data-id=\"174\">vakuum<\/a>, elektrostimulaciju i tretman limfne drena\u017ee.\u00a0<\/p>\n\n\n\n<p><\/p>\n","protected":false},"excerpt":{"rendered":"<p>Radiotalasni lifting\u00a0tela je\u00a0bezbolan i prijatan\u00a0tretman, traje oko 45 minuta i nema ne\u017eeljenih efekata. Neposredno po zavr\u0161etku tretmana mogu\u0107e je vratiti se uobi\u010dajnim dnevnim aktivnostima.Preporuka je izme\u0111u 6-8 tretmana u zavisnosti od stanja tela i navika klijenta, rade se dva puta nedeljno i mogu da se kombinuju sa drugim anticelulit tretmanima. U cilju odr\u017eavanja postignutih rezultata, <a class=\"read-more\" href=\"https:\/\/nelyandmilady.com\/?page_id=186\">READ MORE<\/a><\/p>\n","protected":false},"author":1,"featured_media":0,"parent":0,"menu_order":0,"comment_status":"closed","ping_status":"closed","template":"","meta":{"footnotes":""},"class_list":["post-186","page","type-page","status-publish","hentry"],"yoast_head":"<!-- This site is optimized with the Yoast SEO plugin v26.0 - https:\/\/yoast.com\/wordpress\/plugins\/seo\/ -->\n<title>Radiotalasni lifting - Nely&amp;MiLady<\/title>\n<meta name=\"description\" content=\"Radiotalasni lifting deluje na\u00a0topljenje masnih naslaga, koje su nagomilane na odre\u0111enim, problemati\u010dnim delovima tela.\" \/>\n<meta name=\"robots\" content=\"index, follow, max-snippet:-1, max-image-preview:large, max-video-preview:-1\" \/>\n<link rel=\"canonical\" href=\"https:\/\/nelyandmilady.com\/?page_id=186\" \/>\n<meta property=\"og:locale\" content=\"en_US\" \/>\n<meta property=\"og:type\" content=\"article\" \/>\n<meta property=\"og:title\" content=\"Radiotalasni lifting - Nely&amp;MiLady\" \/>\n<meta property=\"og:description\" content=\"Radiotalasni lifting deluje na\u00a0topljenje masnih naslaga, koje su nagomilane na odre\u0111enim, problemati\u010dnim delovima tela.\" \/>\n<meta property=\"og:url\" content=\"https:\/\/nelyandmilady.com\/?page_id=186\" \/>\n<meta property=\"og:site_name\" content=\"Nely&amp;MiLady\" \/>\n<meta property=\"article:modified_time\" content=\"2025-08-14T09:45:15+00:00\" \/>\n<meta property=\"og:image\" content=\"https:\/\/nelyandmilady.com\/wp-content\/uploads\/2025\/06\/pattern-pink.png\" \/>\n\t<meta property=\"og:image:width\" content=\"640\" \/>\n\t<meta property=\"og:image:height\" content=\"359\" \/>\n\t<meta property=\"og:image:type\" content=\"image\/png\" \/>\n<meta name=\"twitter:card\" content=\"summary_large_image\" \/>\n<meta name=\"twitter:label1\" content=\"Est. reading time\" \/>\n\t<meta name=\"twitter:data1\" content=\"2 minutes\" \/>\n<script type=\"application\/ld+json\" class=\"yoast-schema-graph\">{\"@context\":\"https:\/\/schema.org\",\"@graph\":[{\"@type\":\"WebPage\",\"@id\":\"https:\/\/nelyandmilady.com\/?page_id=186\",\"url\":\"https:\/\/nelyandmilady.com\/?page_id=186\",\"name\":\"Radiotalasni lifting - Nely&amp;MiLady\",\"isPartOf\":{\"@id\":\"https:\/\/nelyandmilady.com\/#website\"},\"primaryImageOfPage\":{\"@id\":\"https:\/\/nelyandmilady.com\/?page_id=186#primaryimage\"},\"image\":{\"@id\":\"https:\/\/nelyandmilady.com\/?page_id=186#primaryimage\"},\"thumbnailUrl\":\"https:\/\/nelyandmilady.com\/wp-content\/uploads\/2025\/06\/pattern-pink.png\",\"datePublished\":\"2025-06-25T12:12:19+00:00\",\"dateModified\":\"2025-08-14T09:45:15+00:00\",\"description\":\"Radiotalasni lifting deluje na\u00a0topljenje masnih naslaga, koje su nagomilane na odre\u0111enim, problemati\u010dnim delovima tela.\",\"breadcrumb\":{\"@id\":\"https:\/\/nelyandmilady.com\/?page_id=186#breadcrumb\"},\"inLanguage\":\"en-US\",\"potentialAction\":[{\"@type\":\"ReadAction\",\"target\":[\"https:\/\/nelyandmilady.com\/?page_id=186\"]}]},{\"@type\":\"ImageObject\",\"inLanguage\":\"en-US\",\"@id\":\"https:\/\/nelyandmilady.com\/?page_id=186#primaryimage\",\"url\":\"https:\/\/nelyandmilady.com\/wp-content\/uploads\/2025\/06\/pattern-pink.png\",\"contentUrl\":\"https:\/\/nelyandmilady.com\/wp-content\/uploads\/2025\/06\/pattern-pink.png\",\"width\":640,\"height\":359},{\"@type\":\"BreadcrumbList\",\"@id\":\"https:\/\/nelyandmilady.com\/?page_id=186#breadcrumb\",\"itemListElement\":[{\"@type\":\"ListItem\",\"position\":1,\"name\":\"Home\",\"item\":\"https:\/\/nelyandmilady.com\/\"},{\"@type\":\"ListItem\",\"position\":2,\"name\":\"Radiotalasni lifting\"}]},{\"@type\":\"WebSite\",\"@id\":\"https:\/\/nelyandmilady.com\/#website\",\"url\":\"https:\/\/nelyandmilady.com\/\",\"name\":\"Nely&MiLady\",\"description\":\"kozmeti\u010dki salon\",\"publisher\":{\"@id\":\"https:\/\/nelyandmilady.com\/#organization\"},\"potentialAction\":[{\"@type\":\"SearchAction\",\"target\":{\"@type\":\"EntryPoint\",\"urlTemplate\":\"https:\/\/nelyandmilady.com\/?s={search_term_string}\"},\"query-input\":{\"@type\":\"PropertyValueSpecification\",\"valueRequired\":true,\"valueName\":\"search_term_string\"}}],\"inLanguage\":\"en-US\"},{\"@type\":\"Organization\",\"@id\":\"https:\/\/nelyandmilady.com\/#organization\",\"name\":\"Nely&MiLady\",\"url\":\"https:\/\/nelyandmilady.com\/\",\"logo\":{\"@type\":\"ImageObject\",\"inLanguage\":\"en-US\",\"@id\":\"https:\/\/nelyandmilady.com\/#\/schema\/logo\/image\/\",\"url\":\"https:\/\/nelyandmilady.com\/wp-content\/uploads\/2025\/06\/cropped-cropped-Nely-e1749734668989.jpg\",\"contentUrl\":\"https:\/\/nelyandmilady.com\/wp-content\/uploads\/2025\/06\/cropped-cropped-Nely-e1749734668989.jpg\",\"width\":150,\"height\":150,\"caption\":\"Nely&MiLady\"},\"image\":{\"@id\":\"https:\/\/nelyandmilady.com\/#\/schema\/logo\/image\/\"}}]}<\/script>\n<!-- \/ Yoast SEO plugin. -->","yoast_head_json":{"title":"Radiotalasni lifting - Nely&amp;MiLady","description":"Radiotalasni lifting deluje na\u00a0topljenje masnih naslaga, koje su nagomilane na odre\u0111enim, problemati\u010dnim delovima tela.","robots":{"index":"index","follow":"follow","max-snippet":"max-snippet:-1","max-image-preview":"max-image-preview:large","max-video-preview":"max-video-preview:-1"},"canonical":"https:\/\/nelyandmilady.com\/?page_id=186","og_locale":"en_US","og_type":"article","og_title":"Radiotalasni lifting - Nely&amp;MiLady","og_description":"Radiotalasni lifting deluje na\u00a0topljenje masnih naslaga, koje su nagomilane na odre\u0111enim, problemati\u010dnim delovima tela.","og_url":"https:\/\/nelyandmilady.com\/?page_id=186","og_site_name":"Nely&amp;MiLady","article_modified_time":"2025-08-14T09:45:15+00:00","og_image":[{"width":640,"height":359,"url":"https:\/\/nelyandmilady.com\/wp-content\/uploads\/2025\/06\/pattern-pink.png","type":"image\/png"}],"twitter_card":"summary_large_image","twitter_misc":{"Est. reading time":"2 minutes"},"schema":{"@context":"https:\/\/schema.org","@graph":[{"@type":"WebPage","@id":"https:\/\/nelyandmilady.com\/?page_id=186","url":"https:\/\/nelyandmilady.com\/?page_id=186","name":"Radiotalasni lifting - Nely&amp;MiLady","isPartOf":{"@id":"https:\/\/nelyandmilady.com\/#website"},"primaryImageOfPage":{"@id":"https:\/\/nelyandmilady.com\/?page_id=186#primaryimage"},"image":{"@id":"https:\/\/nelyandmilady.com\/?page_id=186#primaryimage"},"thumbnailUrl":"https:\/\/nelyandmilady.com\/wp-content\/uploads\/2025\/06\/pattern-pink.png","datePublished":"2025-06-25T12:12:19+00:00","dateModified":"2025-08-14T09:45:15+00:00","description":"Radiotalasni lifting deluje na\u00a0topljenje masnih naslaga, koje su nagomilane na odre\u0111enim, problemati\u010dnim delovima tela.","breadcrumb":{"@id":"https:\/\/nelyandmilady.com\/?page_id=186#breadcrumb"},"inLanguage":"en-US","potentialAction":[{"@type":"ReadAction","target":["https:\/\/nelyandmilady.com\/?page_id=186"]}]},{"@type":"ImageObject","inLanguage":"en-US","@id":"https:\/\/nelyandmilady.com\/?page_id=186#primaryimage","url":"https:\/\/nelyandmilady.com\/wp-content\/uploads\/2025\/06\/pattern-pink.png","contentUrl":"https:\/\/nelyandmilady.com\/wp-content\/uploads\/2025\/06\/pattern-pink.png","width":640,"height":359},{"@type":"BreadcrumbList","@id":"https:\/\/nelyandmilady.com\/?page_id=186#breadcrumb","itemListElement":[{"@type":"ListItem","position":1,"name":"Home","item":"https:\/\/nelyandmilady.com\/"},{"@type":"ListItem","position":2,"name":"Radiotalasni lifting"}]},{"@type":"WebSite","@id":"https:\/\/nelyandmilady.com\/#website","url":"https:\/\/nelyandmilady.com\/","name":"Nely&MiLady","description":"kozmeti\u010dki salon","publisher":{"@id":"https:\/\/nelyandmilady.com\/#organization"},"potentialAction":[{"@type":"SearchAction","target":{"@type":"EntryPoint","urlTemplate":"https:\/\/nelyandmilady.com\/?s={search_term_string}"},"query-input":{"@type":"PropertyValueSpecification","valueRequired":true,"valueName":"search_term_string"}}],"inLanguage":"en-US"},{"@type":"Organization","@id":"https:\/\/nelyandmilady.com\/#organization","name":"Nely&MiLady","url":"https:\/\/nelyandmilady.com\/","logo":{"@type":"ImageObject","inLanguage":"en-US","@id":"https:\/\/nelyandmilady.com\/#\/schema\/logo\/image\/","url":"https:\/\/nelyandmilady.com\/wp-content\/uploads\/2025\/06\/cropped-cropped-Nely-e1749734668989.jpg","contentUrl":"https:\/\/nelyandmilady.com\/wp-content\/uploads\/2025\/06\/cropped-cropped-Nely-e1749734668989.jpg","width":150,"height":150,"caption":"Nely&MiLady"},"image":{"@id":"https:\/\/nelyandmilady.com\/#\/schema\/logo\/image\/"}}]}},"_links":{"self":[{"href":"https:\/\/nelyandmilady.com\/index.php?rest_route=\/wp\/v2\/pages\/186","targetHints":{"allow":["GET"]}}],"collection":[{"href":"https:\/\/nelyandmilady.com\/index.php?rest_route=\/wp\/v2\/pages"}],"about":[{"href":"https:\/\/nelyandmilady.com\/index.php?rest_route=\/wp\/v2\/types\/page"}],"author":[{"embeddable":true,"href":"https:\/\/nelyandmilady.com\/index.php?rest_route=\/wp\/v2\/users\/1"}],"replies":[{"embeddable":true,"href":"https:\/\/nelyandmilady.com\/index.php?rest_route=%2Fwp%2Fv2%2Fcomments&post=186"}],"version-history":[{"count":2,"href":"https:\/\/nelyandmilady.com\/index.php?rest_route=\/wp\/v2\/pages\/186\/revisions"}],"predecessor-version":[{"id":191,"href":"https:\/\/nelyandmilady.com\/index.php?rest_route=\/wp\/v2\/pages\/186\/revisions\/191"}],"wp:attachment":[{"href":"https:\/\/nelyandmilady.com\/index.php?rest_route=%2Fwp%2Fv2%2Fmedia&parent=186"}],"curies":[{"name":"wp","href":"https:\/\/api.w.org\/{rel}","templated":true}]}}