{"id":174,"date":"2025-06-24T13:15:51","date_gmt":"2025-06-24T13:15:51","guid":{"rendered":"https:\/\/nelyandmilady.com\/?page_id=174"},"modified":"2025-08-14T09:14:50","modified_gmt":"2025-08-14T09:14:50","slug":"kavitacija","status":"publish","type":"page","link":"https:\/\/nelyandmilady.com\/?page_id=174","title":{"rendered":"Kavitacija"},"content":{"rendered":"\n<div class=\"wp-block-nk-awb nk-awb\"><div class=\"nk-awb-wrap\" data-awb-type=\"image\" data-awb-image-background-size=\"cover\" data-awb-image-background-position=\"53% 44%\"><div class=\"nk-awb-inner\" style=\"opacity: 0.4;\"><img loading=\"lazy\" decoding=\"async\" src=\"https:\/\/nelyandmilady.com\/wp-content\/uploads\/2025\/06\/pattern-pink.png\" class=\"wp-image-92 jarallax-img\" width=\"640\" height=\"359\" srcset=\"https:\/\/nelyandmilady.com\/wp-content\/uploads\/2025\/06\/pattern-pink.png 640w, https:\/\/nelyandmilady.com\/wp-content\/uploads\/2025\/06\/pattern-pink-300x168.png 300w, https:\/\/nelyandmilady.com\/wp-content\/uploads\/2025\/06\/pattern-pink-500x280.png 500w\" sizes=\"auto, (max-width: 640px) 100vw, 640px\" \/><\/div><\/div><div class=\"nk-awb-wrap-content is-layout-constrained wp-block-nk-awb-is-layout-constrained\">\n<div class=\"wp-block-media-text has-media-on-the-right is-stacked-on-mobile\" style=\"padding-top:var(--wp--preset--spacing--20);padding-right:var(--wp--preset--spacing--20);padding-bottom:var(--wp--preset--spacing--20);padding-left:var(--wp--preset--spacing--20);grid-template-columns:auto 41%\"><div class=\"wp-block-media-text__content\">\n<p><em><strong>Kavitacija<\/strong><\/em>\u00a0je tretman parcijalnog uklanjanja celulita i masnih naslaga. To je\u00a0<em>neinvazivna<\/em>\u00a0i\u00a0<em>bezbolna<\/em>\u00a0terapija koja omogu\u0107ava brzo, sigurno i efikasno preoblikovanje tela.\u00a0<strong>Masne naslage<\/strong>\u00a0u potko\u017enom tkivu se razbijaju \u0161to direktno rezultuje smanjenjem obima tretiranog dela tela.<\/p>\n\n\n\n<p>Ultrazvu\u010dna kavitacija deluje tako \u0161to:<\/p>\n\n\n\n<p>\u2013 stvara mehuri\u0107e u masnom tkivu<\/p>\n\n\n\n<p>\u2013 destabilizuje masne \u0107elije i uni\u0161tava njihovu strukturu<\/p>\n\n\n\n<p>\u2013 stimuli\u0161e oslaba\u0111anje masti iz masnih \u0107elija<\/p>\n<\/div><figure class=\"wp-block-media-text__media\"><img loading=\"lazy\" decoding=\"async\" width=\"853\" height=\"1024\" src=\"https:\/\/nelyandmilady.com\/wp-content\/uploads\/2025\/06\/kavitacija-1-853x1024.jpg\" alt=\"\" class=\"wp-image-176 size-full\" srcset=\"https:\/\/nelyandmilady.com\/wp-content\/uploads\/2025\/06\/kavitacija-1-853x1024.jpg 853w, https:\/\/nelyandmilady.com\/wp-content\/uploads\/2025\/06\/kavitacija-1-250x300.jpg 250w, https:\/\/nelyandmilady.com\/wp-content\/uploads\/2025\/06\/kavitacija-1-768x922.jpg 768w, https:\/\/nelyandmilady.com\/wp-content\/uploads\/2025\/06\/kavitacija-1-500x600.jpg 500w, https:\/\/nelyandmilady.com\/wp-content\/uploads\/2025\/06\/kavitacija-1-800x960.jpg 800w, https:\/\/nelyandmilady.com\/wp-content\/uploads\/2025\/06\/kavitacija-1.jpg 1000w\" sizes=\"auto, (max-width: 853px) 100vw, 853px\" \/><\/figure><\/div>\n<\/div><\/div>\n\n\n\n<div style=\"height:30px\" aria-hidden=\"true\" class=\"wp-block-spacer\"><\/div>\n\n\n\n<p><strong><em>Kavitacija\u00a0<\/em><\/strong>je bezbedna i mo\u017ee se upotrebljavati u pravilnim dijagnosti\u010dkim i terapijskim indikacijama. Nije dokazano da ultrazvuk koji se na ovaj na\u010din upotrebljava ima \u0161tetno dejstvo. Ultrazvu\u010dni talasi prodiru do ta\u010dno odre\u0111ene dubine tkiva i deluju samo na masne \u0107elije u toj regiji. Dubina prodiranja je dovoljno mala, pa su unutra\u0161nji organi za\u0161ti\u0107eni.<\/p>\n\n\n\n<h3 class=\"wp-block-heading\"><em>Princip ultrazvu\u010dne kavitacije<\/em><\/h3>\n\n\n\n<p>Ma\u0161ina za kavitaciju \u0161alje ultrazvu\u010dne talase na tretiranu regiju tela i oni stvaraju si\u0107u\u0161ne mehuri\u0107e ispod masnog tkiva . Na\u0161e telo uglavnom je sastavljeno od te\u010dnosti. Ultrazvu\u010dni talasi po\u010dinju da deluju na tu te\u010dnost u tkivima i ona po\u010dinje da se \u0161iri i skuplja. Usled toga, mehuri\u0107i koji se nalaze ispod masnog tkiva na ovaj na\u010din\u00a0\u201ceksplodiraju\u201d<em>\u00a0<\/em>i naprave o\u0161te\u0107enja<em>\u00a0na masnom tkivu<\/em>. \u0106elijske membrane masne \u0107elije tada postaju \u201eranjive\u201c, spremne da se razlo\u017ee i izbace iz tela kroz jetru, bubrege, kroz limfni sistem.<\/p>\n\n\n\n<h3 class=\"wp-block-heading\"><em>Efekti kavitacije<\/em><\/h3>\n\n\n\n<p>Uz pomo\u0107 jedinstvene metode posti\u017eu se slede\u0107i efekti: razgradnja masnih \u0107elija, odvajanje i rastvaranje masti, smanjivanje masnih elemenata, pobolj\u0161anje kvaliteta protoka i cirkulacije tkiva.<\/p>\n\n\n\n<p><strong><em>Ultrazvu\u010dna kavitacija&nbsp;<\/em><\/strong>i jeste efikasna zbog toga \u0161to&nbsp;<em><strong>smanjuje vidljivost celulita<\/strong><\/em><strong>,<\/strong>&nbsp;\u0161to zna\u010di da ko\u017ea posle toga deluje&nbsp;<strong>glatko i zategnuto<\/strong>. Va\u017eno je napomenuti da se&nbsp;<em><strong>kavitacijom&nbsp;<\/strong><\/em>uni\u0161tavaju lokalizovane masne naslage. To nikako nije metoda za re\u0161avanje problema preterane gojaznosti. Ovaj poces stimuli\u0161e povr\u0161insku cirkulaciju i time stvara kolagen, \u0161to ko\u017ei vra\u0107a elasti\u010dnost i \u010dvrstinu. A to, na kraju, i jeste ono \u0161to \u017eelimo da postignemo.<\/p>\n\n\n\n<h3 class=\"wp-block-heading\"><em>Kome se ne preporu\u010duje kavitacija?<\/em><\/h3>\n\n\n\n<p>Ova metoda eliminacije celulita se ne preporu\u010duje\u00a0trudnicama, osobama koje pate od epilepsije i dijabetesa, osobama sa sr\u010danim problemima, problemima sa holesterolom i povi\u0161enim trigliceridima u krvi.\u00a0<em><strong>Kavitacija<\/strong>\u00a0<\/em>se nikako ne preporu\u010duje osobama koje imaju problema sa\u00a0jetrom ili bubrezima, s obzirom na to da ovi organi aktivno u\u010destvuju u procesu i odra\u0111uju njegov najbitniji deo.<\/p>\n\n\n\n<p>Ukoliko patite od neke druge bolesti, virusa ili infekcije, neophodno je da to\u00a0napomenete pre samog tretmana. Masno\u0107a u krvi je tako\u0111e dovoljan razlog da odustanete od kavitacije i probate neki drugi efikasan tretman za smanjenje masnih naslaga. Tako\u0111e, bitno je da imate u vidu regije koje su podlo\u017ene kavitaciji. Delovi tela koji su skloni gomilanju masnih naslaga kao \u0161to su\u00a0<em>stomak, butine, zadnjica<\/em>,\u00a0<em>gornji deo ruke<\/em>\u00a0su mesta na kojima se bezbedno vr\u0161i kavitacija. Nije predvi\u0111ena da se radi na glavi, vratu, grudima, le\u0111ima.<\/p>\n","protected":false},"excerpt":{"rendered":"<p>Kavitacija\u00a0je bezbedna i mo\u017ee se upotrebljavati u pravilnim dijagnosti\u010dkim i terapijskim indikacijama. Nije dokazano da ultrazvuk koji se na ovaj na\u010din upotrebljava ima \u0161tetno dejstvo. Ultrazvu\u010dni talasi prodiru do ta\u010dno odre\u0111ene dubine tkiva i deluju samo na masne \u0107elije u toj regiji. Dubina prodiranja je dovoljno mala, pa su unutra\u0161nji organi za\u0161ti\u0107eni. Princip ultrazvu\u010dne kavitacije <a class=\"read-more\" href=\"https:\/\/nelyandmilady.com\/?page_id=174\">READ MORE<\/a><\/p>\n","protected":false},"author":1,"featured_media":0,"parent":0,"menu_order":0,"comment_status":"closed","ping_status":"closed","template":"","meta":{"footnotes":""},"class_list":["post-174","page","type-page","status-publish","hentry"],"yoast_head":"<!-- This site is optimized with the Yoast SEO plugin v26.0 - https:\/\/yoast.com\/wordpress\/plugins\/seo\/ -->\n<title>Kavitacija - Nely&amp;MiLady<\/title>\n<meta name=\"description\" content=\"Kavitacija\u00a0je tretman parcijalnog uklanjanja celulita i masnih naslaga. To je neinvazivna\u00a0i\u00a0bezbolna\u00a0terapija\" \/>\n<meta name=\"robots\" content=\"index, follow, max-snippet:-1, max-image-preview:large, max-video-preview:-1\" \/>\n<link rel=\"canonical\" href=\"https:\/\/nelyandmilady.com\/?page_id=174\" \/>\n<meta property=\"og:locale\" content=\"en_US\" \/>\n<meta property=\"og:type\" content=\"article\" \/>\n<meta property=\"og:title\" content=\"Kavitacija - Nely&amp;MiLady\" \/>\n<meta property=\"og:description\" content=\"Kavitacija\u00a0je tretman parcijalnog uklanjanja celulita i masnih naslaga. To je neinvazivna\u00a0i\u00a0bezbolna\u00a0terapija\" \/>\n<meta property=\"og:url\" content=\"https:\/\/nelyandmilady.com\/?page_id=174\" \/>\n<meta property=\"og:site_name\" content=\"Nely&amp;MiLady\" \/>\n<meta property=\"article:modified_time\" content=\"2025-08-14T09:14:50+00:00\" \/>\n<meta property=\"og:image\" content=\"https:\/\/nelyandmilady.com\/wp-content\/uploads\/2025\/06\/pattern-pink.png\" \/>\n\t<meta property=\"og:image:width\" content=\"640\" \/>\n\t<meta property=\"og:image:height\" content=\"359\" \/>\n\t<meta property=\"og:image:type\" content=\"image\/png\" \/>\n<meta name=\"twitter:card\" content=\"summary_large_image\" \/>\n<meta name=\"twitter:label1\" content=\"Est. reading time\" \/>\n\t<meta name=\"twitter:data1\" content=\"3 minutes\" \/>\n<script type=\"application\/ld+json\" class=\"yoast-schema-graph\">{\"@context\":\"https:\/\/schema.org\",\"@graph\":[{\"@type\":\"WebPage\",\"@id\":\"https:\/\/nelyandmilady.com\/?page_id=174\",\"url\":\"https:\/\/nelyandmilady.com\/?page_id=174\",\"name\":\"Kavitacija - Nely&amp;MiLady\",\"isPartOf\":{\"@id\":\"https:\/\/nelyandmilady.com\/#website\"},\"primaryImageOfPage\":{\"@id\":\"https:\/\/nelyandmilady.com\/?page_id=174#primaryimage\"},\"image\":{\"@id\":\"https:\/\/nelyandmilady.com\/?page_id=174#primaryimage\"},\"thumbnailUrl\":\"https:\/\/nelyandmilady.com\/wp-content\/uploads\/2025\/06\/pattern-pink.png\",\"datePublished\":\"2025-06-24T13:15:51+00:00\",\"dateModified\":\"2025-08-14T09:14:50+00:00\",\"description\":\"Kavitacija\u00a0je tretman parcijalnog uklanjanja celulita i masnih naslaga. To je neinvazivna\u00a0i\u00a0bezbolna\u00a0terapija\",\"breadcrumb\":{\"@id\":\"https:\/\/nelyandmilady.com\/?page_id=174#breadcrumb\"},\"inLanguage\":\"en-US\",\"potentialAction\":[{\"@type\":\"ReadAction\",\"target\":[\"https:\/\/nelyandmilady.com\/?page_id=174\"]}]},{\"@type\":\"ImageObject\",\"inLanguage\":\"en-US\",\"@id\":\"https:\/\/nelyandmilady.com\/?page_id=174#primaryimage\",\"url\":\"https:\/\/nelyandmilady.com\/wp-content\/uploads\/2025\/06\/pattern-pink.png\",\"contentUrl\":\"https:\/\/nelyandmilady.com\/wp-content\/uploads\/2025\/06\/pattern-pink.png\",\"width\":640,\"height\":359},{\"@type\":\"BreadcrumbList\",\"@id\":\"https:\/\/nelyandmilady.com\/?page_id=174#breadcrumb\",\"itemListElement\":[{\"@type\":\"ListItem\",\"position\":1,\"name\":\"Home\",\"item\":\"https:\/\/nelyandmilady.com\/\"},{\"@type\":\"ListItem\",\"position\":2,\"name\":\"Kavitacija\"}]},{\"@type\":\"WebSite\",\"@id\":\"https:\/\/nelyandmilady.com\/#website\",\"url\":\"https:\/\/nelyandmilady.com\/\",\"name\":\"Nely&MiLady\",\"description\":\"kozmeti\u010dki salon\",\"publisher\":{\"@id\":\"https:\/\/nelyandmilady.com\/#organization\"},\"potentialAction\":[{\"@type\":\"SearchAction\",\"target\":{\"@type\":\"EntryPoint\",\"urlTemplate\":\"https:\/\/nelyandmilady.com\/?s={search_term_string}\"},\"query-input\":{\"@type\":\"PropertyValueSpecification\",\"valueRequired\":true,\"valueName\":\"search_term_string\"}}],\"inLanguage\":\"en-US\"},{\"@type\":\"Organization\",\"@id\":\"https:\/\/nelyandmilady.com\/#organization\",\"name\":\"Nely&MiLady\",\"url\":\"https:\/\/nelyandmilady.com\/\",\"logo\":{\"@type\":\"ImageObject\",\"inLanguage\":\"en-US\",\"@id\":\"https:\/\/nelyandmilady.com\/#\/schema\/logo\/image\/\",\"url\":\"https:\/\/nelyandmilady.com\/wp-content\/uploads\/2025\/06\/cropped-cropped-Nely-e1749734668989.jpg\",\"contentUrl\":\"https:\/\/nelyandmilady.com\/wp-content\/uploads\/2025\/06\/cropped-cropped-Nely-e1749734668989.jpg\",\"width\":150,\"height\":150,\"caption\":\"Nely&MiLady\"},\"image\":{\"@id\":\"https:\/\/nelyandmilady.com\/#\/schema\/logo\/image\/\"}}]}<\/script>\n<!-- \/ Yoast SEO plugin. -->","yoast_head_json":{"title":"Kavitacija - Nely&amp;MiLady","description":"Kavitacija\u00a0je tretman parcijalnog uklanjanja celulita i masnih naslaga. To je neinvazivna\u00a0i\u00a0bezbolna\u00a0terapija","robots":{"index":"index","follow":"follow","max-snippet":"max-snippet:-1","max-image-preview":"max-image-preview:large","max-video-preview":"max-video-preview:-1"},"canonical":"https:\/\/nelyandmilady.com\/?page_id=174","og_locale":"en_US","og_type":"article","og_title":"Kavitacija - Nely&amp;MiLady","og_description":"Kavitacija\u00a0je tretman parcijalnog uklanjanja celulita i masnih naslaga. To je neinvazivna\u00a0i\u00a0bezbolna\u00a0terapija","og_url":"https:\/\/nelyandmilady.com\/?page_id=174","og_site_name":"Nely&amp;MiLady","article_modified_time":"2025-08-14T09:14:50+00:00","og_image":[{"width":640,"height":359,"url":"https:\/\/nelyandmilady.com\/wp-content\/uploads\/2025\/06\/pattern-pink.png","type":"image\/png"}],"twitter_card":"summary_large_image","twitter_misc":{"Est. reading time":"3 minutes"},"schema":{"@context":"https:\/\/schema.org","@graph":[{"@type":"WebPage","@id":"https:\/\/nelyandmilady.com\/?page_id=174","url":"https:\/\/nelyandmilady.com\/?page_id=174","name":"Kavitacija - Nely&amp;MiLady","isPartOf":{"@id":"https:\/\/nelyandmilady.com\/#website"},"primaryImageOfPage":{"@id":"https:\/\/nelyandmilady.com\/?page_id=174#primaryimage"},"image":{"@id":"https:\/\/nelyandmilady.com\/?page_id=174#primaryimage"},"thumbnailUrl":"https:\/\/nelyandmilady.com\/wp-content\/uploads\/2025\/06\/pattern-pink.png","datePublished":"2025-06-24T13:15:51+00:00","dateModified":"2025-08-14T09:14:50+00:00","description":"Kavitacija\u00a0je tretman parcijalnog uklanjanja celulita i masnih naslaga. To je neinvazivna\u00a0i\u00a0bezbolna\u00a0terapija","breadcrumb":{"@id":"https:\/\/nelyandmilady.com\/?page_id=174#breadcrumb"},"inLanguage":"en-US","potentialAction":[{"@type":"ReadAction","target":["https:\/\/nelyandmilady.com\/?page_id=174"]}]},{"@type":"ImageObject","inLanguage":"en-US","@id":"https:\/\/nelyandmilady.com\/?page_id=174#primaryimage","url":"https:\/\/nelyandmilady.com\/wp-content\/uploads\/2025\/06\/pattern-pink.png","contentUrl":"https:\/\/nelyandmilady.com\/wp-content\/uploads\/2025\/06\/pattern-pink.png","width":640,"height":359},{"@type":"BreadcrumbList","@id":"https:\/\/nelyandmilady.com\/?page_id=174#breadcrumb","itemListElement":[{"@type":"ListItem","position":1,"name":"Home","item":"https:\/\/nelyandmilady.com\/"},{"@type":"ListItem","position":2,"name":"Kavitacija"}]},{"@type":"WebSite","@id":"https:\/\/nelyandmilady.com\/#website","url":"https:\/\/nelyandmilady.com\/","name":"Nely&MiLady","description":"kozmeti\u010dki salon","publisher":{"@id":"https:\/\/nelyandmilady.com\/#organization"},"potentialAction":[{"@type":"SearchAction","target":{"@type":"EntryPoint","urlTemplate":"https:\/\/nelyandmilady.com\/?s={search_term_string}"},"query-input":{"@type":"PropertyValueSpecification","valueRequired":true,"valueName":"search_term_string"}}],"inLanguage":"en-US"},{"@type":"Organization","@id":"https:\/\/nelyandmilady.com\/#organization","name":"Nely&MiLady","url":"https:\/\/nelyandmilady.com\/","logo":{"@type":"ImageObject","inLanguage":"en-US","@id":"https:\/\/nelyandmilady.com\/#\/schema\/logo\/image\/","url":"https:\/\/nelyandmilady.com\/wp-content\/uploads\/2025\/06\/cropped-cropped-Nely-e1749734668989.jpg","contentUrl":"https:\/\/nelyandmilady.com\/wp-content\/uploads\/2025\/06\/cropped-cropped-Nely-e1749734668989.jpg","width":150,"height":150,"caption":"Nely&MiLady"},"image":{"@id":"https:\/\/nelyandmilady.com\/#\/schema\/logo\/image\/"}}]}},"_links":{"self":[{"href":"https:\/\/nelyandmilady.com\/index.php?rest_route=\/wp\/v2\/pages\/174","targetHints":{"allow":["GET"]}}],"collection":[{"href":"https:\/\/nelyandmilady.com\/index.php?rest_route=\/wp\/v2\/pages"}],"about":[{"href":"https:\/\/nelyandmilady.com\/index.php?rest_route=\/wp\/v2\/types\/page"}],"author":[{"embeddable":true,"href":"https:\/\/nelyandmilady.com\/index.php?rest_route=\/wp\/v2\/users\/1"}],"replies":[{"embeddable":true,"href":"https:\/\/nelyandmilady.com\/index.php?rest_route=%2Fwp%2Fv2%2Fcomments&post=174"}],"version-history":[{"count":2,"href":"https:\/\/nelyandmilady.com\/index.php?rest_route=\/wp\/v2\/pages\/174\/revisions"}],"predecessor-version":[{"id":178,"href":"https:\/\/nelyandmilady.com\/index.php?rest_route=\/wp\/v2\/pages\/174\/revisions\/178"}],"wp:attachment":[{"href":"https:\/\/nelyandmilady.com\/index.php?rest_route=%2Fwp%2Fv2%2Fmedia&parent=174"}],"curies":[{"name":"wp","href":"https:\/\/api.w.org\/{rel}","templated":true}]}}