{"id":162,"date":"2025-06-24T12:33:24","date_gmt":"2025-06-24T12:33:24","guid":{"rendered":"https:\/\/nelyandmilady.com\/?page_id=162"},"modified":"2025-08-14T09:13:40","modified_gmt":"2025-08-14T09:13:40","slug":"hydrafacial-tretman-lica","status":"publish","type":"page","link":"https:\/\/nelyandmilady.com\/?page_id=162","title":{"rendered":"HydraFacial tretman lica"},"content":{"rendered":"\n<div class=\"wp-block-nk-awb nk-awb\"><div class=\"nk-awb-wrap\" data-awb-type=\"image\" data-awb-image-background-size=\"cover\" data-awb-image-background-position=\"53% 44%\"><div class=\"nk-awb-inner\" style=\"opacity: 0.4;\"><img loading=\"lazy\" decoding=\"async\" src=\"https:\/\/nelyandmilady.com\/wp-content\/uploads\/2025\/06\/pattern-pink.png\" class=\"wp-image-92 jarallax-img\" width=\"640\" height=\"359\" srcset=\"https:\/\/nelyandmilady.com\/wp-content\/uploads\/2025\/06\/pattern-pink.png 640w, https:\/\/nelyandmilady.com\/wp-content\/uploads\/2025\/06\/pattern-pink-300x168.png 300w, https:\/\/nelyandmilady.com\/wp-content\/uploads\/2025\/06\/pattern-pink-500x280.png 500w\" sizes=\"auto, (max-width: 640px) 100vw, 640px\" \/><\/div><\/div><div class=\"nk-awb-wrap-content is-layout-constrained wp-block-nk-awb-is-layout-constrained\">\n<div class=\"wp-block-media-text has-media-on-the-right is-stacked-on-mobile\" style=\"padding-top:var(--wp--preset--spacing--20);padding-right:var(--wp--preset--spacing--20);padding-bottom:var(--wp--preset--spacing--20);padding-left:var(--wp--preset--spacing--20);grid-template-columns:auto 48%\"><div class=\"wp-block-media-text__content\">\n<p><strong><em>HydraFacial<\/em><\/strong> ili <strong>Hidrodermoabrazija<\/strong> je ne\u017ena i bezbolna metoda\u00a0 uklanjanja povr\u0161inskog sloja mrtvih \u0107elija. Ovom\u00a0 procedurom se stimuli\u0161e obnavljanje \u0107elija. Tako\u0111e, pospe\u0161uje\u00a0se cirkulacija i podsti\u010de stvaranje elastina i kolagena koji su\u00a0 presudni za sve\u017e i zdrav izgled ko\u017ee.<\/p>\n<\/div><figure class=\"wp-block-media-text__media\"><img loading=\"lazy\" decoding=\"async\" width=\"1024\" height=\"615\" src=\"https:\/\/nelyandmilady.com\/wp-content\/uploads\/2025\/06\/hydrafacial1.jpg\" alt=\"\" class=\"wp-image-166 size-full\" srcset=\"https:\/\/nelyandmilady.com\/wp-content\/uploads\/2025\/06\/hydrafacial1.jpg 1024w, https:\/\/nelyandmilady.com\/wp-content\/uploads\/2025\/06\/hydrafacial1-300x180.jpg 300w, https:\/\/nelyandmilady.com\/wp-content\/uploads\/2025\/06\/hydrafacial1-768x461.jpg 768w, https:\/\/nelyandmilady.com\/wp-content\/uploads\/2025\/06\/hydrafacial1-500x300.jpg 500w, https:\/\/nelyandmilady.com\/wp-content\/uploads\/2025\/06\/hydrafacial1-800x480.jpg 800w\" sizes=\"auto, (max-width: 1024px) 100vw, 1024px\" \/><\/figure><\/div>\n<\/div><\/div>\n\n\n\n<div style=\"height:30px\" aria-hidden=\"true\" class=\"wp-block-spacer\"><\/div>\n\n\n\n<p><strong><em>HydraFacial<\/em><\/strong> je namenjen svima, bilo da \u017eelite\u00a0 da re\u0161ite odre\u0111eni problem, re\u0161ite se blagih o\u017eiljaka od\u00a0 akni i bubuljica, pobolj\u0161ate ko\u017eu ogrubelu od preteranog\u00a0 izlaganja suncu, da o\u010distite i smanjite pore, smanjite fine\u00a0 bore i linije koje se pojavljiji zbog nedovoljne hidriranosti\u00a0 ko\u017ee ili da jednostavno osve\u017eite lice koje izgleda umorno.\u00a0 <\/p>\n\n\n\n<p>Ova metoda se <strong>ne preporu\u010duje<\/strong> ljudima sa dubokim\u00a0 o\u017eiljcima, herpesom ili ekcemima, hroni\u010dnim aknama. <span style=\"background-color:rgba(0, 0, 0, 0)\" class=\"has-inline-color has-black-color\">Ne preporu\u010duje se ni ljudima sa<\/span>\u00a0 poreme\u0107ajem auto-imunog sistema i dijabetesa, kao i\u00a0 ljudima sa bilo kakvim nedijagnostikovanim promenama\u00a0 na ko\u017ei.<\/p>\n\n\n\n<p>Za optimalan efekat treba sprovesti 4-6 tretmana&nbsp; jednom u 7 do 10 dana. Za optimalan efekat treba sprovesti 4-6 tretmana&nbsp; jednom u 7 do 10 dana.<\/p>\n\n\n\n<p>Posle tretmana je pove\u0107ana osetljivost ko\u017ee na Sun\u010deve&nbsp; zrake. <span style=\"background-color:rgba(0, 0, 0, 0)\" class=\"has-inline-color has-black-color\">Z<\/span>bog toga se ne treba sun\u010dati min 24 h posle&nbsp; tretmana. Sama procedura ne traje du\u017ee od 45-60 min. Osim na&nbsp; licu, mo\u017eemo je primeniti i na rukama, \u0161akama i dekolteu.<\/p>\n\n\n\n<p><strong><em>Dijamantska hidrodermoabrazija <\/em><\/strong>je idealan\u00a0 tretman pre tretmana <a href=\"https:\/\/nelyandmilady.com\/?page_id=111\" data-type=\"page\" data-id=\"111\">mezoterapije <\/a>jer uklanja sloj\u00a0 mrtvih \u0107elija koje su najve\u0107a prepreka prodoru korisnih\u00a0 materija kroz ko\u017eu.<\/p>\n\n\n\n<p><\/p>\n","protected":false},"excerpt":{"rendered":"<p>HydraFacial je namenjen svima, bilo da \u017eelite\u00a0 da re\u0161ite odre\u0111eni problem, re\u0161ite se blagih o\u017eiljaka od\u00a0 akni i bubuljica, pobolj\u0161ate ko\u017eu ogrubelu od preteranog\u00a0 izlaganja suncu, da o\u010distite i smanjite pore, smanjite fine\u00a0 bore i linije koje se pojavljiji zbog nedovoljne hidriranosti\u00a0 ko\u017ee ili da jednostavno osve\u017eite lice koje izgleda umorno.\u00a0 Ova metoda se ne <a class=\"read-more\" href=\"https:\/\/nelyandmilady.com\/?page_id=162\">READ MORE<\/a><\/p>\n","protected":false},"author":1,"featured_media":0,"parent":0,"menu_order":0,"comment_status":"closed","ping_status":"closed","template":"","meta":{"footnotes":""},"class_list":["post-162","page","type-page","status-publish","hentry"],"yoast_head":"<!-- This site is optimized with the Yoast SEO plugin v26.0 - https:\/\/yoast.com\/wordpress\/plugins\/seo\/ -->\n<title>HydraFacial tretman lica - Nely&amp;MiLady<\/title>\n<meta name=\"description\" content=\"HydraFacial ili Hidrodermoabrazija je ne\u017ena i bezbolna metoda\u00a0 uklanjanja povr\u0161inskog sloja mrtvih \u0107elija.\" \/>\n<meta name=\"robots\" content=\"index, follow, max-snippet:-1, max-image-preview:large, max-video-preview:-1\" \/>\n<link rel=\"canonical\" href=\"https:\/\/nelyandmilady.com\/?page_id=162\" \/>\n<meta property=\"og:locale\" content=\"en_US\" \/>\n<meta property=\"og:type\" content=\"article\" \/>\n<meta property=\"og:title\" content=\"HydraFacial tretman lica - Nely&amp;MiLady\" \/>\n<meta property=\"og:description\" content=\"HydraFacial ili Hidrodermoabrazija je ne\u017ena i bezbolna metoda\u00a0 uklanjanja povr\u0161inskog sloja mrtvih \u0107elija.\" \/>\n<meta property=\"og:url\" content=\"https:\/\/nelyandmilady.com\/?page_id=162\" \/>\n<meta property=\"og:site_name\" content=\"Nely&amp;MiLady\" \/>\n<meta property=\"article:modified_time\" content=\"2025-08-14T09:13:40+00:00\" \/>\n<meta property=\"og:image\" content=\"https:\/\/nelyandmilady.com\/wp-content\/uploads\/2025\/06\/pattern-pink.png\" \/>\n\t<meta property=\"og:image:width\" content=\"640\" \/>\n\t<meta property=\"og:image:height\" content=\"359\" \/>\n\t<meta property=\"og:image:type\" content=\"image\/png\" \/>\n<meta name=\"twitter:card\" content=\"summary_large_image\" \/>\n<meta name=\"twitter:label1\" content=\"Est. reading time\" \/>\n\t<meta name=\"twitter:data1\" content=\"2 minutes\" \/>\n<script type=\"application\/ld+json\" class=\"yoast-schema-graph\">{\"@context\":\"https:\/\/schema.org\",\"@graph\":[{\"@type\":\"WebPage\",\"@id\":\"https:\/\/nelyandmilady.com\/?page_id=162\",\"url\":\"https:\/\/nelyandmilady.com\/?page_id=162\",\"name\":\"HydraFacial tretman lica - Nely&amp;MiLady\",\"isPartOf\":{\"@id\":\"https:\/\/nelyandmilady.com\/#website\"},\"primaryImageOfPage\":{\"@id\":\"https:\/\/nelyandmilady.com\/?page_id=162#primaryimage\"},\"image\":{\"@id\":\"https:\/\/nelyandmilady.com\/?page_id=162#primaryimage\"},\"thumbnailUrl\":\"https:\/\/nelyandmilady.com\/wp-content\/uploads\/2025\/06\/pattern-pink.png\",\"datePublished\":\"2025-06-24T12:33:24+00:00\",\"dateModified\":\"2025-08-14T09:13:40+00:00\",\"description\":\"HydraFacial ili Hidrodermoabrazija je ne\u017ena i bezbolna metoda\u00a0 uklanjanja povr\u0161inskog sloja mrtvih \u0107elija.\",\"breadcrumb\":{\"@id\":\"https:\/\/nelyandmilady.com\/?page_id=162#breadcrumb\"},\"inLanguage\":\"en-US\",\"potentialAction\":[{\"@type\":\"ReadAction\",\"target\":[\"https:\/\/nelyandmilady.com\/?page_id=162\"]}]},{\"@type\":\"ImageObject\",\"inLanguage\":\"en-US\",\"@id\":\"https:\/\/nelyandmilady.com\/?page_id=162#primaryimage\",\"url\":\"https:\/\/nelyandmilady.com\/wp-content\/uploads\/2025\/06\/pattern-pink.png\",\"contentUrl\":\"https:\/\/nelyandmilady.com\/wp-content\/uploads\/2025\/06\/pattern-pink.png\",\"width\":640,\"height\":359},{\"@type\":\"BreadcrumbList\",\"@id\":\"https:\/\/nelyandmilady.com\/?page_id=162#breadcrumb\",\"itemListElement\":[{\"@type\":\"ListItem\",\"position\":1,\"name\":\"Home\",\"item\":\"https:\/\/nelyandmilady.com\/\"},{\"@type\":\"ListItem\",\"position\":2,\"name\":\"HydraFacial tretman lica\"}]},{\"@type\":\"WebSite\",\"@id\":\"https:\/\/nelyandmilady.com\/#website\",\"url\":\"https:\/\/nelyandmilady.com\/\",\"name\":\"Nely&MiLady\",\"description\":\"kozmeti\u010dki salon\",\"publisher\":{\"@id\":\"https:\/\/nelyandmilady.com\/#organization\"},\"potentialAction\":[{\"@type\":\"SearchAction\",\"target\":{\"@type\":\"EntryPoint\",\"urlTemplate\":\"https:\/\/nelyandmilady.com\/?s={search_term_string}\"},\"query-input\":{\"@type\":\"PropertyValueSpecification\",\"valueRequired\":true,\"valueName\":\"search_term_string\"}}],\"inLanguage\":\"en-US\"},{\"@type\":\"Organization\",\"@id\":\"https:\/\/nelyandmilady.com\/#organization\",\"name\":\"Nely&MiLady\",\"url\":\"https:\/\/nelyandmilady.com\/\",\"logo\":{\"@type\":\"ImageObject\",\"inLanguage\":\"en-US\",\"@id\":\"https:\/\/nelyandmilady.com\/#\/schema\/logo\/image\/\",\"url\":\"https:\/\/nelyandmilady.com\/wp-content\/uploads\/2025\/06\/cropped-cropped-Nely-e1749734668989.jpg\",\"contentUrl\":\"https:\/\/nelyandmilady.com\/wp-content\/uploads\/2025\/06\/cropped-cropped-Nely-e1749734668989.jpg\",\"width\":150,\"height\":150,\"caption\":\"Nely&MiLady\"},\"image\":{\"@id\":\"https:\/\/nelyandmilady.com\/#\/schema\/logo\/image\/\"}}]}<\/script>\n<!-- \/ Yoast SEO plugin. -->","yoast_head_json":{"title":"HydraFacial tretman lica - Nely&amp;MiLady","description":"HydraFacial ili Hidrodermoabrazija je ne\u017ena i bezbolna metoda\u00a0 uklanjanja povr\u0161inskog sloja mrtvih \u0107elija.","robots":{"index":"index","follow":"follow","max-snippet":"max-snippet:-1","max-image-preview":"max-image-preview:large","max-video-preview":"max-video-preview:-1"},"canonical":"https:\/\/nelyandmilady.com\/?page_id=162","og_locale":"en_US","og_type":"article","og_title":"HydraFacial tretman lica - Nely&amp;MiLady","og_description":"HydraFacial ili Hidrodermoabrazija je ne\u017ena i bezbolna metoda\u00a0 uklanjanja povr\u0161inskog sloja mrtvih \u0107elija.","og_url":"https:\/\/nelyandmilady.com\/?page_id=162","og_site_name":"Nely&amp;MiLady","article_modified_time":"2025-08-14T09:13:40+00:00","og_image":[{"width":640,"height":359,"url":"https:\/\/nelyandmilady.com\/wp-content\/uploads\/2025\/06\/pattern-pink.png","type":"image\/png"}],"twitter_card":"summary_large_image","twitter_misc":{"Est. reading time":"2 minutes"},"schema":{"@context":"https:\/\/schema.org","@graph":[{"@type":"WebPage","@id":"https:\/\/nelyandmilady.com\/?page_id=162","url":"https:\/\/nelyandmilady.com\/?page_id=162","name":"HydraFacial tretman lica - Nely&amp;MiLady","isPartOf":{"@id":"https:\/\/nelyandmilady.com\/#website"},"primaryImageOfPage":{"@id":"https:\/\/nelyandmilady.com\/?page_id=162#primaryimage"},"image":{"@id":"https:\/\/nelyandmilady.com\/?page_id=162#primaryimage"},"thumbnailUrl":"https:\/\/nelyandmilady.com\/wp-content\/uploads\/2025\/06\/pattern-pink.png","datePublished":"2025-06-24T12:33:24+00:00","dateModified":"2025-08-14T09:13:40+00:00","description":"HydraFacial ili Hidrodermoabrazija je ne\u017ena i bezbolna metoda\u00a0 uklanjanja povr\u0161inskog sloja mrtvih \u0107elija.","breadcrumb":{"@id":"https:\/\/nelyandmilady.com\/?page_id=162#breadcrumb"},"inLanguage":"en-US","potentialAction":[{"@type":"ReadAction","target":["https:\/\/nelyandmilady.com\/?page_id=162"]}]},{"@type":"ImageObject","inLanguage":"en-US","@id":"https:\/\/nelyandmilady.com\/?page_id=162#primaryimage","url":"https:\/\/nelyandmilady.com\/wp-content\/uploads\/2025\/06\/pattern-pink.png","contentUrl":"https:\/\/nelyandmilady.com\/wp-content\/uploads\/2025\/06\/pattern-pink.png","width":640,"height":359},{"@type":"BreadcrumbList","@id":"https:\/\/nelyandmilady.com\/?page_id=162#breadcrumb","itemListElement":[{"@type":"ListItem","position":1,"name":"Home","item":"https:\/\/nelyandmilady.com\/"},{"@type":"ListItem","position":2,"name":"HydraFacial tretman lica"}]},{"@type":"WebSite","@id":"https:\/\/nelyandmilady.com\/#website","url":"https:\/\/nelyandmilady.com\/","name":"Nely&MiLady","description":"kozmeti\u010dki salon","publisher":{"@id":"https:\/\/nelyandmilady.com\/#organization"},"potentialAction":[{"@type":"SearchAction","target":{"@type":"EntryPoint","urlTemplate":"https:\/\/nelyandmilady.com\/?s={search_term_string}"},"query-input":{"@type":"PropertyValueSpecification","valueRequired":true,"valueName":"search_term_string"}}],"inLanguage":"en-US"},{"@type":"Organization","@id":"https:\/\/nelyandmilady.com\/#organization","name":"Nely&MiLady","url":"https:\/\/nelyandmilady.com\/","logo":{"@type":"ImageObject","inLanguage":"en-US","@id":"https:\/\/nelyandmilady.com\/#\/schema\/logo\/image\/","url":"https:\/\/nelyandmilady.com\/wp-content\/uploads\/2025\/06\/cropped-cropped-Nely-e1749734668989.jpg","contentUrl":"https:\/\/nelyandmilady.com\/wp-content\/uploads\/2025\/06\/cropped-cropped-Nely-e1749734668989.jpg","width":150,"height":150,"caption":"Nely&MiLady"},"image":{"@id":"https:\/\/nelyandmilady.com\/#\/schema\/logo\/image\/"}}]}},"_links":{"self":[{"href":"https:\/\/nelyandmilady.com\/index.php?rest_route=\/wp\/v2\/pages\/162","targetHints":{"allow":["GET"]}}],"collection":[{"href":"https:\/\/nelyandmilady.com\/index.php?rest_route=\/wp\/v2\/pages"}],"about":[{"href":"https:\/\/nelyandmilady.com\/index.php?rest_route=\/wp\/v2\/types\/page"}],"author":[{"embeddable":true,"href":"https:\/\/nelyandmilady.com\/index.php?rest_route=\/wp\/v2\/users\/1"}],"replies":[{"embeddable":true,"href":"https:\/\/nelyandmilady.com\/index.php?rest_route=%2Fwp%2Fv2%2Fcomments&post=162"}],"version-history":[{"count":3,"href":"https:\/\/nelyandmilady.com\/index.php?rest_route=\/wp\/v2\/pages\/162\/revisions"}],"predecessor-version":[{"id":167,"href":"https:\/\/nelyandmilady.com\/index.php?rest_route=\/wp\/v2\/pages\/162\/revisions\/167"}],"wp:attachment":[{"href":"https:\/\/nelyandmilady.com\/index.php?rest_route=%2Fwp%2Fv2%2Fmedia&parent=162"}],"curies":[{"name":"wp","href":"https:\/\/api.w.org\/{rel}","templated":true}]}}