{"id":155,"date":"2025-06-24T11:51:18","date_gmt":"2025-06-24T11:51:18","guid":{"rendered":"https:\/\/nelyandmilady.com\/?page_id=155"},"modified":"2025-08-14T09:37:42","modified_gmt":"2025-08-14T09:37:42","slug":"radiotalasni-lifting","status":"publish","type":"page","link":"https:\/\/nelyandmilady.com\/?page_id=155","title":{"rendered":"Radiotalasni lifting"},"content":{"rendered":"\n<div class=\"wp-block-nk-awb nk-awb\"><div class=\"nk-awb-wrap\" data-awb-type=\"image\" data-awb-image-background-size=\"cover\" data-awb-image-background-position=\"53% 44%\"><div class=\"nk-awb-inner\" style=\"opacity: 0.4;\"><img loading=\"lazy\" decoding=\"async\" src=\"https:\/\/nelyandmilady.com\/wp-content\/uploads\/2025\/06\/pattern-pink.png\" class=\"wp-image-92 jarallax-img\" width=\"640\" height=\"359\" srcset=\"https:\/\/nelyandmilady.com\/wp-content\/uploads\/2025\/06\/pattern-pink.png 640w, https:\/\/nelyandmilady.com\/wp-content\/uploads\/2025\/06\/pattern-pink-300x168.png 300w, https:\/\/nelyandmilady.com\/wp-content\/uploads\/2025\/06\/pattern-pink-500x280.png 500w\" sizes=\"auto, (max-width: 640px) 100vw, 640px\" \/><\/div><\/div><div class=\"nk-awb-wrap-content is-layout-constrained wp-block-nk-awb-is-layout-constrained\">\n<div class=\"wp-block-media-text has-media-on-the-right is-stacked-on-mobile\" style=\"padding-top:var(--wp--preset--spacing--20);padding-right:var(--wp--preset--spacing--20);padding-bottom:var(--wp--preset--spacing--20);padding-left:var(--wp--preset--spacing--20);grid-template-columns:auto 44%\"><div class=\"wp-block-media-text__content\">\n<p><strong><em>Radiotalasni lifting<\/em><\/strong> poznat je jo\u0161 i pod nazivom RF terapija, jer primenjuje Radio Frekventne talase koji dovode do stimulacije sinteze kolagenih i elasti\u010dnih vlakana \u0161to za rezultat daje zategnutu i \u010dvr\u0161\u0107u ko\u017eu. <\/p>\n\n\n\n<p>Ko\u017ea lica \u0107e izgledati znatno mla\u0111e i zategnutije. Sam tretman je vrlo prijatan, ko\u017ea se lagano zagreva do gornjih granica osetljivosti. Kontrolisanom stimulacijom tretirane regije aktiviraju se \u201cuspavani\u201d fibroblasti i pokre\u0107e sinteza NOVOG KOLAGENA, \u0161to doprinosi lep\u0161em i zategnutijem izgledu ko\u017ee.<\/p>\n<\/div><figure class=\"wp-block-media-text__media\"><img loading=\"lazy\" decoding=\"async\" width=\"1000\" height=\"667\" src=\"https:\/\/nelyandmilady.com\/wp-content\/uploads\/2025\/06\/radiotalasni-lifting.jpg\" alt=\"\" class=\"wp-image-157 size-full\" srcset=\"https:\/\/nelyandmilady.com\/wp-content\/uploads\/2025\/06\/radiotalasni-lifting.jpg 1000w, https:\/\/nelyandmilady.com\/wp-content\/uploads\/2025\/06\/radiotalasni-lifting-300x200.jpg 300w, https:\/\/nelyandmilady.com\/wp-content\/uploads\/2025\/06\/radiotalasni-lifting-768x512.jpg 768w, https:\/\/nelyandmilady.com\/wp-content\/uploads\/2025\/06\/radiotalasni-lifting-500x334.jpg 500w, https:\/\/nelyandmilady.com\/wp-content\/uploads\/2025\/06\/radiotalasni-lifting-800x534.jpg 800w\" sizes=\"auto, (max-width: 1000px) 100vw, 1000px\" \/><\/figure><\/div>\n<\/div><\/div>\n\n\n\n<div style=\"height:30px\" aria-hidden=\"true\" class=\"wp-block-spacer\"><\/div>\n\n\n\n<h3 class=\"wp-block-heading\"><em>Radiotalni lifting lica &#8211;  prednosti zatezanja ko\u017ee <\/em><\/h3>\n\n\n\n<p>Dve najvidljivije prednosti koje pru\u017ea ovaj tretman su zategnutija ko\u017ea i glatkija povr\u0161ina \u2013 \u0161to zna\u010di manje bora. Ali <strong><em>Radiotalasni lifting<\/em><\/strong> terapija je raznovrsna, tako da mo\u017eete o\u010dekivati i pobolj\u0161anje na ko\u017ei o\u0161tec\u0301enoj od sunca. Studije pokazuju da su nakon tri meseca RF tretmana pacijenti primetili klini\u010dki zna\u010dajna pobolj\u0161anja u blagim do umerenim znacima o\u0161tec\u0301enja od sunca.<\/p>\n\n\n\n<p>Ovo je odli\u010dna vest za one sa fotostarijom ko\u017eom. Tretman tamnih mrlja, opu\u0161tenosti i drugih efekata sunca je ozlogla\u0161eno te\u0161ko izvesti. Vec\u0301ina ljudi misli da je starenje jedini krivac za degradaciju kolagena, ali sunce je jo\u0161 opasnije. Sposobnost preokretanja UV o\u0161tec\u0301enja nije ni\u0161ta manje nego revolucionarna, a RF tehnologija radi upravo to.<\/p>\n\n\n\n<h3 class=\"wp-block-heading\"><em>Radiotalasni lifting i konturisanje lica<\/em><\/h3>\n\n\n\n<p>Pre nego \u0161to u\u0111emo dalje u ovu temu, hajde da pogledamo kako ko\u017ea stari. Ispod povr\u0161ine, u tim dubinama nevidljivim za oko, kolagen i elastin podr\u017eavaju dermis i epidermis. Ova struktura odr\u017eava va\u0161u ko\u017eu gipkom, elasti\u010dnom i \u010dvrstom. Od 25. godine, me\u0111utim, gubimo izme\u0111u 1 i 2% na\u0161eg prirodnog kolagena svake godine. Ovo je posledica postepenog usporavanja procesa u telu.<\/p>\n\n\n\n<p>Da stvar bude gora, c\u0301elije na povr\u0161ini na\u0161e ko\u017ee (epidermis) se ne obnavljaju tako brzo kao u mladosti. Rezultati su tupost, opu\u0161tenost, bore i problemi sa teksturom. <em><strong>Radiotalasni lifting lica<\/strong><\/em> dolazi u pomoc\u0301, ne samo da zate\u017ee ko\u017eu, kao \u0161to je ranije pomenuto, vec\u0301 i vrac\u0301a konture kako bi se stvorila zategnuta, \u010dvrsta ko\u017ea mladala\u010dkog izgleda. Ova akcija u\u010dvr\u0161c\u0301ivanja \u010dini RF posebno pogodnim za <strong>bradu, vrat i vilicu<\/strong>. Tako\u0111e se mo\u017ee koristiti za zatezanje:<\/p>\n\n\n\n<p>&#8211; Dela izme\u0111u nosa i usta<br>&#8211; Kesica i bora ispod i iznad o\u010diju<br>&#8211; Opu\u0161tene linije obrva<\/p>\n\n\n\n<p>Dugotrajni rezultati u redukciji bora i zatezanju ko\u017ee posti\u017eu se serijom od 3-6 tretmana u zavisnosti od stepena izra\u017eenih bora u vremenskom razmaku od 14 dana, zbog kumulativne sinteze novog kolagena i elastina. Za odr\u017eavanje postignutog efekta preporu\u010duje se jedan tretman na mesec dana. Postupak je jednostavan, potpuno bezbedan i bezbolan.\u00a0Tretman se mo\u017ee raditi tokom cele godine.<\/p>\n","protected":false},"excerpt":{"rendered":"<p>Radiotalni lifting lica &#8211; prednosti zatezanja ko\u017ee Dve najvidljivije prednosti koje pru\u017ea ovaj tretman su zategnutija ko\u017ea i glatkija povr\u0161ina \u2013 \u0161to zna\u010di manje bora. Ali Radiotalasni lifting terapija je raznovrsna, tako da mo\u017eete o\u010dekivati i pobolj\u0161anje na ko\u017ei o\u0161tec\u0301enoj od sunca. Studije pokazuju da su nakon tri meseca RF tretmana pacijenti primetili klini\u010dki zna\u010dajna <a class=\"read-more\" href=\"https:\/\/nelyandmilady.com\/?page_id=155\">READ MORE<\/a><\/p>\n","protected":false},"author":1,"featured_media":0,"parent":0,"menu_order":0,"comment_status":"closed","ping_status":"closed","template":"","meta":{"footnotes":""},"class_list":["post-155","page","type-page","status-publish","hentry"],"yoast_head":"<!-- This site is optimized with the Yoast SEO plugin v26.0 - https:\/\/yoast.com\/wordpress\/plugins\/seo\/ -->\n<title>Radiotalasni lifting - Nely&amp;MiLady<\/title>\n<meta name=\"description\" content=\"Radiotalasni lifting poznat i pod nazivom RF. Dve prednosti koje pru\u017ea ovaj tretman su zategnutija ko\u017ea i glatkija povr\u0161ina \u2013 manje bora.\" \/>\n<meta name=\"robots\" content=\"index, follow, max-snippet:-1, max-image-preview:large, max-video-preview:-1\" \/>\n<link rel=\"canonical\" href=\"https:\/\/nelyandmilady.com\/?page_id=155\" \/>\n<meta property=\"og:locale\" content=\"en_US\" \/>\n<meta property=\"og:type\" content=\"article\" \/>\n<meta property=\"og:title\" content=\"Radiotalasni lifting - Nely&amp;MiLady\" \/>\n<meta property=\"og:description\" content=\"Radiotalasni lifting poznat i pod nazivom RF. Dve prednosti koje pru\u017ea ovaj tretman su zategnutija ko\u017ea i glatkija povr\u0161ina \u2013 manje bora.\" \/>\n<meta property=\"og:url\" content=\"https:\/\/nelyandmilady.com\/?page_id=155\" \/>\n<meta property=\"og:site_name\" content=\"Nely&amp;MiLady\" \/>\n<meta property=\"article:modified_time\" content=\"2025-08-14T09:37:42+00:00\" \/>\n<meta property=\"og:image\" content=\"https:\/\/nelyandmilady.com\/wp-content\/uploads\/2025\/06\/pattern-pink.png\" \/>\n\t<meta property=\"og:image:width\" content=\"640\" \/>\n\t<meta property=\"og:image:height\" content=\"359\" \/>\n\t<meta property=\"og:image:type\" content=\"image\/png\" \/>\n<meta name=\"twitter:card\" content=\"summary_large_image\" \/>\n<meta name=\"twitter:label1\" content=\"Est. reading time\" \/>\n\t<meta name=\"twitter:data1\" content=\"3 minutes\" \/>\n<script type=\"application\/ld+json\" class=\"yoast-schema-graph\">{\"@context\":\"https:\/\/schema.org\",\"@graph\":[{\"@type\":\"WebPage\",\"@id\":\"https:\/\/nelyandmilady.com\/?page_id=155\",\"url\":\"https:\/\/nelyandmilady.com\/?page_id=155\",\"name\":\"Radiotalasni lifting - Nely&amp;MiLady\",\"isPartOf\":{\"@id\":\"https:\/\/nelyandmilady.com\/#website\"},\"primaryImageOfPage\":{\"@id\":\"https:\/\/nelyandmilady.com\/?page_id=155#primaryimage\"},\"image\":{\"@id\":\"https:\/\/nelyandmilady.com\/?page_id=155#primaryimage\"},\"thumbnailUrl\":\"https:\/\/nelyandmilady.com\/wp-content\/uploads\/2025\/06\/pattern-pink.png\",\"datePublished\":\"2025-06-24T11:51:18+00:00\",\"dateModified\":\"2025-08-14T09:37:42+00:00\",\"description\":\"Radiotalasni lifting poznat i pod nazivom RF. Dve prednosti koje pru\u017ea ovaj tretman su zategnutija ko\u017ea i glatkija povr\u0161ina \u2013 manje bora.\",\"breadcrumb\":{\"@id\":\"https:\/\/nelyandmilady.com\/?page_id=155#breadcrumb\"},\"inLanguage\":\"en-US\",\"potentialAction\":[{\"@type\":\"ReadAction\",\"target\":[\"https:\/\/nelyandmilady.com\/?page_id=155\"]}]},{\"@type\":\"ImageObject\",\"inLanguage\":\"en-US\",\"@id\":\"https:\/\/nelyandmilady.com\/?page_id=155#primaryimage\",\"url\":\"https:\/\/nelyandmilady.com\/wp-content\/uploads\/2025\/06\/pattern-pink.png\",\"contentUrl\":\"https:\/\/nelyandmilady.com\/wp-content\/uploads\/2025\/06\/pattern-pink.png\",\"width\":640,\"height\":359},{\"@type\":\"BreadcrumbList\",\"@id\":\"https:\/\/nelyandmilady.com\/?page_id=155#breadcrumb\",\"itemListElement\":[{\"@type\":\"ListItem\",\"position\":1,\"name\":\"Home\",\"item\":\"https:\/\/nelyandmilady.com\/\"},{\"@type\":\"ListItem\",\"position\":2,\"name\":\"Radiotalasni lifting\"}]},{\"@type\":\"WebSite\",\"@id\":\"https:\/\/nelyandmilady.com\/#website\",\"url\":\"https:\/\/nelyandmilady.com\/\",\"name\":\"Nely&MiLady\",\"description\":\"kozmeti\u010dki salon\",\"publisher\":{\"@id\":\"https:\/\/nelyandmilady.com\/#organization\"},\"potentialAction\":[{\"@type\":\"SearchAction\",\"target\":{\"@type\":\"EntryPoint\",\"urlTemplate\":\"https:\/\/nelyandmilady.com\/?s={search_term_string}\"},\"query-input\":{\"@type\":\"PropertyValueSpecification\",\"valueRequired\":true,\"valueName\":\"search_term_string\"}}],\"inLanguage\":\"en-US\"},{\"@type\":\"Organization\",\"@id\":\"https:\/\/nelyandmilady.com\/#organization\",\"name\":\"Nely&MiLady\",\"url\":\"https:\/\/nelyandmilady.com\/\",\"logo\":{\"@type\":\"ImageObject\",\"inLanguage\":\"en-US\",\"@id\":\"https:\/\/nelyandmilady.com\/#\/schema\/logo\/image\/\",\"url\":\"https:\/\/nelyandmilady.com\/wp-content\/uploads\/2025\/06\/cropped-cropped-Nely-e1749734668989.jpg\",\"contentUrl\":\"https:\/\/nelyandmilady.com\/wp-content\/uploads\/2025\/06\/cropped-cropped-Nely-e1749734668989.jpg\",\"width\":150,\"height\":150,\"caption\":\"Nely&MiLady\"},\"image\":{\"@id\":\"https:\/\/nelyandmilady.com\/#\/schema\/logo\/image\/\"}}]}<\/script>\n<!-- \/ Yoast SEO plugin. -->","yoast_head_json":{"title":"Radiotalasni lifting - Nely&amp;MiLady","description":"Radiotalasni lifting poznat i pod nazivom RF. Dve prednosti koje pru\u017ea ovaj tretman su zategnutija ko\u017ea i glatkija povr\u0161ina \u2013 manje bora.","robots":{"index":"index","follow":"follow","max-snippet":"max-snippet:-1","max-image-preview":"max-image-preview:large","max-video-preview":"max-video-preview:-1"},"canonical":"https:\/\/nelyandmilady.com\/?page_id=155","og_locale":"en_US","og_type":"article","og_title":"Radiotalasni lifting - Nely&amp;MiLady","og_description":"Radiotalasni lifting poznat i pod nazivom RF. Dve prednosti koje pru\u017ea ovaj tretman su zategnutija ko\u017ea i glatkija povr\u0161ina \u2013 manje bora.","og_url":"https:\/\/nelyandmilady.com\/?page_id=155","og_site_name":"Nely&amp;MiLady","article_modified_time":"2025-08-14T09:37:42+00:00","og_image":[{"width":640,"height":359,"url":"https:\/\/nelyandmilady.com\/wp-content\/uploads\/2025\/06\/pattern-pink.png","type":"image\/png"}],"twitter_card":"summary_large_image","twitter_misc":{"Est. reading time":"3 minutes"},"schema":{"@context":"https:\/\/schema.org","@graph":[{"@type":"WebPage","@id":"https:\/\/nelyandmilady.com\/?page_id=155","url":"https:\/\/nelyandmilady.com\/?page_id=155","name":"Radiotalasni lifting - Nely&amp;MiLady","isPartOf":{"@id":"https:\/\/nelyandmilady.com\/#website"},"primaryImageOfPage":{"@id":"https:\/\/nelyandmilady.com\/?page_id=155#primaryimage"},"image":{"@id":"https:\/\/nelyandmilady.com\/?page_id=155#primaryimage"},"thumbnailUrl":"https:\/\/nelyandmilady.com\/wp-content\/uploads\/2025\/06\/pattern-pink.png","datePublished":"2025-06-24T11:51:18+00:00","dateModified":"2025-08-14T09:37:42+00:00","description":"Radiotalasni lifting poznat i pod nazivom RF. Dve prednosti koje pru\u017ea ovaj tretman su zategnutija ko\u017ea i glatkija povr\u0161ina \u2013 manje bora.","breadcrumb":{"@id":"https:\/\/nelyandmilady.com\/?page_id=155#breadcrumb"},"inLanguage":"en-US","potentialAction":[{"@type":"ReadAction","target":["https:\/\/nelyandmilady.com\/?page_id=155"]}]},{"@type":"ImageObject","inLanguage":"en-US","@id":"https:\/\/nelyandmilady.com\/?page_id=155#primaryimage","url":"https:\/\/nelyandmilady.com\/wp-content\/uploads\/2025\/06\/pattern-pink.png","contentUrl":"https:\/\/nelyandmilady.com\/wp-content\/uploads\/2025\/06\/pattern-pink.png","width":640,"height":359},{"@type":"BreadcrumbList","@id":"https:\/\/nelyandmilady.com\/?page_id=155#breadcrumb","itemListElement":[{"@type":"ListItem","position":1,"name":"Home","item":"https:\/\/nelyandmilady.com\/"},{"@type":"ListItem","position":2,"name":"Radiotalasni lifting"}]},{"@type":"WebSite","@id":"https:\/\/nelyandmilady.com\/#website","url":"https:\/\/nelyandmilady.com\/","name":"Nely&MiLady","description":"kozmeti\u010dki salon","publisher":{"@id":"https:\/\/nelyandmilady.com\/#organization"},"potentialAction":[{"@type":"SearchAction","target":{"@type":"EntryPoint","urlTemplate":"https:\/\/nelyandmilady.com\/?s={search_term_string}"},"query-input":{"@type":"PropertyValueSpecification","valueRequired":true,"valueName":"search_term_string"}}],"inLanguage":"en-US"},{"@type":"Organization","@id":"https:\/\/nelyandmilady.com\/#organization","name":"Nely&MiLady","url":"https:\/\/nelyandmilady.com\/","logo":{"@type":"ImageObject","inLanguage":"en-US","@id":"https:\/\/nelyandmilady.com\/#\/schema\/logo\/image\/","url":"https:\/\/nelyandmilady.com\/wp-content\/uploads\/2025\/06\/cropped-cropped-Nely-e1749734668989.jpg","contentUrl":"https:\/\/nelyandmilady.com\/wp-content\/uploads\/2025\/06\/cropped-cropped-Nely-e1749734668989.jpg","width":150,"height":150,"caption":"Nely&MiLady"},"image":{"@id":"https:\/\/nelyandmilady.com\/#\/schema\/logo\/image\/"}}]}},"_links":{"self":[{"href":"https:\/\/nelyandmilady.com\/index.php?rest_route=\/wp\/v2\/pages\/155","targetHints":{"allow":["GET"]}}],"collection":[{"href":"https:\/\/nelyandmilady.com\/index.php?rest_route=\/wp\/v2\/pages"}],"about":[{"href":"https:\/\/nelyandmilady.com\/index.php?rest_route=\/wp\/v2\/types\/page"}],"author":[{"embeddable":true,"href":"https:\/\/nelyandmilady.com\/index.php?rest_route=\/wp\/v2\/users\/1"}],"replies":[{"embeddable":true,"href":"https:\/\/nelyandmilady.com\/index.php?rest_route=%2Fwp%2Fv2%2Fcomments&post=155"}],"version-history":[{"count":2,"href":"https:\/\/nelyandmilady.com\/index.php?rest_route=\/wp\/v2\/pages\/155\/revisions"}],"predecessor-version":[{"id":159,"href":"https:\/\/nelyandmilady.com\/index.php?rest_route=\/wp\/v2\/pages\/155\/revisions\/159"}],"wp:attachment":[{"href":"https:\/\/nelyandmilady.com\/index.php?rest_route=%2Fwp%2Fv2%2Fmedia&parent=155"}],"curies":[{"name":"wp","href":"https:\/\/api.w.org\/{rel}","templated":true}]}}