{"id":149,"date":"2025-06-24T11:39:38","date_gmt":"2025-06-24T11:39:38","guid":{"rendered":"https:\/\/nelyandmilady.com\/?page_id=149"},"modified":"2025-08-14T09:11:37","modified_gmt":"2025-08-14T09:11:37","slug":"dermapen","status":"publish","type":"page","link":"https:\/\/nelyandmilady.com\/?page_id=149","title":{"rendered":"Dermapen"},"content":{"rendered":"\n<div class=\"wp-block-nk-awb nk-awb\"><div class=\"nk-awb-wrap\" data-awb-type=\"image\" data-awb-image-background-size=\"cover\" data-awb-image-background-position=\"53% 44%\"><div class=\"nk-awb-inner\" style=\"opacity: 0.4;\"><img loading=\"lazy\" decoding=\"async\" src=\"https:\/\/nelyandmilady.com\/wp-content\/uploads\/2025\/06\/pattern-pink.png\" class=\"wp-image-92 jarallax-img\" width=\"640\" height=\"359\" srcset=\"https:\/\/nelyandmilady.com\/wp-content\/uploads\/2025\/06\/pattern-pink.png 640w, https:\/\/nelyandmilady.com\/wp-content\/uploads\/2025\/06\/pattern-pink-300x168.png 300w, https:\/\/nelyandmilady.com\/wp-content\/uploads\/2025\/06\/pattern-pink-500x280.png 500w\" sizes=\"auto, (max-width: 640px) 100vw, 640px\" \/><\/div><\/div><div class=\"nk-awb-wrap-content is-layout-constrained wp-block-nk-awb-is-layout-constrained\">\n<div class=\"wp-block-media-text has-media-on-the-right is-stacked-on-mobile\" style=\"padding-top:var(--wp--preset--spacing--20);padding-right:var(--wp--preset--spacing--20);padding-bottom:var(--wp--preset--spacing--20);padding-left:var(--wp--preset--spacing--20);grid-template-columns:auto 40%\"><div class=\"wp-block-media-text__content\">\n<p><span style=\"background-color:rgba(0, 0, 0, 0)\" class=\"has-inline-color has-black-color\"><strong><em>Dermapen <\/em><\/strong>je naprednija tehnologija tretmana ko\u017ee&nbsp; iglicama koje vertikalno probijaju ko\u017eu pomo\u0107u&nbsp; automatske vibracijske funkcije stvaraju\u0107i fine kanale&nbsp; &nbsp;i stimuli\u0161u\u0107i reprodukciju kolagena. Ovi kanali nam&nbsp; omogu\u0107avaju pove\u0107anu apsorpciju i prenos aktivnih&nbsp; sastojaka duboko u fibroblaste ko\u017ee kako bi se nahranile&nbsp; temeljne \u0107elije u dermisu i osnovnom sloju stvaraju\u0107i&nbsp; kolagen i elas<\/span>tin.<\/p>\n\n\n\n<p><span style=\"background-color:rgba(0, 0, 0, 0)\" class=\"has-inline-color has-black-color\">Tretman iglicama pospe\u0161uje podmla\u0111ivanje ko\u017ee&nbsp; stvaranjem novih zdravih \u0107elija.<\/span><\/p>\n\n\n\n<p>Tretman <strong><em>dermapenom <\/em><\/strong>je najefikasniji za zatezanje ko\u017ee,&nbsp; podizanje tonusa, podmladjivanje, zale\u010denje o\u017eiljaka&nbsp;od akni i rana, smanjenje bora i finih linija, smanjenje veli\u010dine pora, ubla\u017eavanje strija.<\/p>\n<\/div><figure class=\"wp-block-media-text__media\"><img loading=\"lazy\" decoding=\"async\" width=\"440\" height=\"450\" src=\"https:\/\/nelyandmilady.com\/wp-content\/uploads\/2025\/06\/dermapen.jpg\" alt=\"\" class=\"wp-image-150 size-full\" srcset=\"https:\/\/nelyandmilady.com\/wp-content\/uploads\/2025\/06\/dermapen.jpg 440w, https:\/\/nelyandmilady.com\/wp-content\/uploads\/2025\/06\/dermapen-293x300.jpg 293w\" sizes=\"auto, (max-width: 440px) 100vw, 440px\" \/><\/figure><\/div>\n<\/div><\/div>\n\n\n\n<div style=\"height:30px\" aria-hidden=\"true\" class=\"wp-block-spacer\"><\/div>\n\n\n\n<p><span style=\"background-color:rgba(0, 0, 0, 0)\" class=\"has-inline-color has-black-color\">Pre samog <strong><em>dermapen tretmana<\/em><\/strong> potrebno je da se ko\u017ea dobro&nbsp; o\u010disti i pripremi. Bilo bi najbolje da je ve\u0107 odra\u0111en&nbsp;hemijski piling \u010di\u0161\u0107enja ko\u017ee dve nedelje pre tretmana&nbsp; dermapenom. Ukoliko nije ra\u0111en prethodni piling, ko\u017ea&nbsp; se \u010disti odogvaraju\u0107im proizvodom prilago\u0111enim tipu&nbsp; ko\u017ee koja se tretira.<\/span><\/p>\n\n\n\n<p><span style=\"background-color:rgba(0, 0, 0, 0)\" class=\"has-inline-color has-black-color\">Zatim sledi<\/span><strong><span style=\"background-color:rgba(0, 0, 0, 0)\" class=\"has-inline-color has-black-color\"> <\/span><\/strong><span style=\"background-color:rgba(0, 0, 0, 0)\" class=\"has-inline-color has-black-color\">enzimski piling koji skida ro\u017enati sloj te preparati br\u017ee i efikasnije prodiru u potko\u017eno tkivo.<\/span><\/p>\n\n\n\n<p><span style=\"background-color:rgba(0, 0, 0, 0)\" class=\"has-inline-color has-black-color\">Na o\u010di\u0161\u0107enu ko\u017eu se nanosi koktel od prirodnih\u00a0 ekstrakata vitamina, minerala, enzima i aminokiselina.\u00a0  Nakon toga se dermapenom prelazi po ko\u017ei vodoravno,\u00a0dijagonalno i vertikalno.<\/span><\/p>\n\n\n\n<p><span style=\"background-color:rgba(0, 0, 0, 0)\" class=\"has-inline-color has-black-color\">Kada se radi u seriji, razmak izme\u0111u tretmana mora biti od 2 do 4 nedelje, radi postizanja \u0161to boljeg efekta.<\/span> <span style=\"background-color:rgba(0, 0, 0, 0)\" class=\"has-inline-color has-black-color\">Potrebno je uraditi seriju od 5-8 tretmana.<\/span><\/p>\n\n\n\n<p><strong><em>Dermapen <\/em><\/strong>je estetski i antiage tretman koji va\u0161oj ko\u017ei vra\u0107a sjaj, jedrinu, blistavost, ujedna\u010den ten i osve\u017een izgled.  Uz to bri\u0161e i koju godinu sa lica! Zahvaljuju\u0107i jedinstvenom principu po kom radi, ovaj tretman izvla\u010di maksimum od va\u0161e ko\u017ee!<\/p>\n\n\n\n<p><\/p>\n","protected":false},"excerpt":{"rendered":"<p>Pre samog dermapen tretmana potrebno je da se ko\u017ea dobro&nbsp; o\u010disti i pripremi. Bilo bi najbolje da je ve\u0107 odra\u0111en&nbsp;hemijski piling \u010di\u0161\u0107enja ko\u017ee dve nedelje pre tretmana&nbsp; dermapenom. Ukoliko nije ra\u0111en prethodni piling, ko\u017ea&nbsp; se \u010disti odogvaraju\u0107im proizvodom prilago\u0111enim tipu&nbsp; ko\u017ee koja se tretira. Zatim sledi enzimski piling koji skida ro\u017enati sloj te preparati br\u017ee <a class=\"read-more\" href=\"https:\/\/nelyandmilady.com\/?page_id=149\">READ MORE<\/a><\/p>\n","protected":false},"author":1,"featured_media":0,"parent":0,"menu_order":0,"comment_status":"closed","ping_status":"closed","template":"","meta":{"footnotes":""},"class_list":["post-149","page","type-page","status-publish","hentry"],"yoast_head":"<!-- This site is optimized with the Yoast SEO plugin v26.0 - https:\/\/yoast.com\/wordpress\/plugins\/seo\/ -->\n<title>Dermapen - Nely&amp;MiLady<\/title>\n<meta name=\"description\" content=\"Dermapen je estetski i antiage tretman koji va\u0161oj ko\u017ei vra\u0107a sjaj, jedrinu, blistavost, ujedna\u010den ten i osve\u017een izgled\" \/>\n<meta name=\"robots\" content=\"index, follow, max-snippet:-1, max-image-preview:large, max-video-preview:-1\" \/>\n<link rel=\"canonical\" href=\"https:\/\/nelyandmilady.com\/?page_id=149\" \/>\n<meta property=\"og:locale\" content=\"en_US\" \/>\n<meta property=\"og:type\" content=\"article\" \/>\n<meta property=\"og:title\" content=\"Dermapen - Nely&amp;MiLady\" \/>\n<meta property=\"og:description\" content=\"Dermapen je estetski i antiage tretman koji va\u0161oj ko\u017ei vra\u0107a sjaj, jedrinu, blistavost, ujedna\u010den ten i osve\u017een izgled\" \/>\n<meta property=\"og:url\" content=\"https:\/\/nelyandmilady.com\/?page_id=149\" \/>\n<meta property=\"og:site_name\" content=\"Nely&amp;MiLady\" \/>\n<meta property=\"article:modified_time\" content=\"2025-08-14T09:11:37+00:00\" \/>\n<meta property=\"og:image\" content=\"https:\/\/nelyandmilady.com\/wp-content\/uploads\/2025\/06\/pattern-pink.png\" \/>\n\t<meta property=\"og:image:width\" content=\"640\" \/>\n\t<meta property=\"og:image:height\" content=\"359\" \/>\n\t<meta property=\"og:image:type\" content=\"image\/png\" \/>\n<meta name=\"twitter:card\" content=\"summary_large_image\" \/>\n<meta name=\"twitter:label1\" content=\"Est. reading time\" \/>\n\t<meta name=\"twitter:data1\" content=\"2 minutes\" \/>\n<script type=\"application\/ld+json\" class=\"yoast-schema-graph\">{\"@context\":\"https:\/\/schema.org\",\"@graph\":[{\"@type\":\"WebPage\",\"@id\":\"https:\/\/nelyandmilady.com\/?page_id=149\",\"url\":\"https:\/\/nelyandmilady.com\/?page_id=149\",\"name\":\"Dermapen - Nely&amp;MiLady\",\"isPartOf\":{\"@id\":\"https:\/\/nelyandmilady.com\/#website\"},\"primaryImageOfPage\":{\"@id\":\"https:\/\/nelyandmilady.com\/?page_id=149#primaryimage\"},\"image\":{\"@id\":\"https:\/\/nelyandmilady.com\/?page_id=149#primaryimage\"},\"thumbnailUrl\":\"https:\/\/nelyandmilady.com\/wp-content\/uploads\/2025\/06\/pattern-pink.png\",\"datePublished\":\"2025-06-24T11:39:38+00:00\",\"dateModified\":\"2025-08-14T09:11:37+00:00\",\"description\":\"Dermapen je estetski i antiage tretman koji va\u0161oj ko\u017ei vra\u0107a sjaj, jedrinu, blistavost, ujedna\u010den ten i osve\u017een izgled\",\"breadcrumb\":{\"@id\":\"https:\/\/nelyandmilady.com\/?page_id=149#breadcrumb\"},\"inLanguage\":\"en-US\",\"potentialAction\":[{\"@type\":\"ReadAction\",\"target\":[\"https:\/\/nelyandmilady.com\/?page_id=149\"]}]},{\"@type\":\"ImageObject\",\"inLanguage\":\"en-US\",\"@id\":\"https:\/\/nelyandmilady.com\/?page_id=149#primaryimage\",\"url\":\"https:\/\/nelyandmilady.com\/wp-content\/uploads\/2025\/06\/pattern-pink.png\",\"contentUrl\":\"https:\/\/nelyandmilady.com\/wp-content\/uploads\/2025\/06\/pattern-pink.png\",\"width\":640,\"height\":359},{\"@type\":\"BreadcrumbList\",\"@id\":\"https:\/\/nelyandmilady.com\/?page_id=149#breadcrumb\",\"itemListElement\":[{\"@type\":\"ListItem\",\"position\":1,\"name\":\"Home\",\"item\":\"https:\/\/nelyandmilady.com\/\"},{\"@type\":\"ListItem\",\"position\":2,\"name\":\"Dermapen\"}]},{\"@type\":\"WebSite\",\"@id\":\"https:\/\/nelyandmilady.com\/#website\",\"url\":\"https:\/\/nelyandmilady.com\/\",\"name\":\"Nely&MiLady\",\"description\":\"kozmeti\u010dki salon\",\"publisher\":{\"@id\":\"https:\/\/nelyandmilady.com\/#organization\"},\"potentialAction\":[{\"@type\":\"SearchAction\",\"target\":{\"@type\":\"EntryPoint\",\"urlTemplate\":\"https:\/\/nelyandmilady.com\/?s={search_term_string}\"},\"query-input\":{\"@type\":\"PropertyValueSpecification\",\"valueRequired\":true,\"valueName\":\"search_term_string\"}}],\"inLanguage\":\"en-US\"},{\"@type\":\"Organization\",\"@id\":\"https:\/\/nelyandmilady.com\/#organization\",\"name\":\"Nely&MiLady\",\"url\":\"https:\/\/nelyandmilady.com\/\",\"logo\":{\"@type\":\"ImageObject\",\"inLanguage\":\"en-US\",\"@id\":\"https:\/\/nelyandmilady.com\/#\/schema\/logo\/image\/\",\"url\":\"https:\/\/nelyandmilady.com\/wp-content\/uploads\/2025\/06\/cropped-cropped-Nely-e1749734668989.jpg\",\"contentUrl\":\"https:\/\/nelyandmilady.com\/wp-content\/uploads\/2025\/06\/cropped-cropped-Nely-e1749734668989.jpg\",\"width\":150,\"height\":150,\"caption\":\"Nely&MiLady\"},\"image\":{\"@id\":\"https:\/\/nelyandmilady.com\/#\/schema\/logo\/image\/\"}}]}<\/script>\n<!-- \/ Yoast SEO plugin. -->","yoast_head_json":{"title":"Dermapen - Nely&amp;MiLady","description":"Dermapen je estetski i antiage tretman koji va\u0161oj ko\u017ei vra\u0107a sjaj, jedrinu, blistavost, ujedna\u010den ten i osve\u017een izgled","robots":{"index":"index","follow":"follow","max-snippet":"max-snippet:-1","max-image-preview":"max-image-preview:large","max-video-preview":"max-video-preview:-1"},"canonical":"https:\/\/nelyandmilady.com\/?page_id=149","og_locale":"en_US","og_type":"article","og_title":"Dermapen - Nely&amp;MiLady","og_description":"Dermapen je estetski i antiage tretman koji va\u0161oj ko\u017ei vra\u0107a sjaj, jedrinu, blistavost, ujedna\u010den ten i osve\u017een izgled","og_url":"https:\/\/nelyandmilady.com\/?page_id=149","og_site_name":"Nely&amp;MiLady","article_modified_time":"2025-08-14T09:11:37+00:00","og_image":[{"width":640,"height":359,"url":"https:\/\/nelyandmilady.com\/wp-content\/uploads\/2025\/06\/pattern-pink.png","type":"image\/png"}],"twitter_card":"summary_large_image","twitter_misc":{"Est. reading time":"2 minutes"},"schema":{"@context":"https:\/\/schema.org","@graph":[{"@type":"WebPage","@id":"https:\/\/nelyandmilady.com\/?page_id=149","url":"https:\/\/nelyandmilady.com\/?page_id=149","name":"Dermapen - Nely&amp;MiLady","isPartOf":{"@id":"https:\/\/nelyandmilady.com\/#website"},"primaryImageOfPage":{"@id":"https:\/\/nelyandmilady.com\/?page_id=149#primaryimage"},"image":{"@id":"https:\/\/nelyandmilady.com\/?page_id=149#primaryimage"},"thumbnailUrl":"https:\/\/nelyandmilady.com\/wp-content\/uploads\/2025\/06\/pattern-pink.png","datePublished":"2025-06-24T11:39:38+00:00","dateModified":"2025-08-14T09:11:37+00:00","description":"Dermapen je estetski i antiage tretman koji va\u0161oj ko\u017ei vra\u0107a sjaj, jedrinu, blistavost, ujedna\u010den ten i osve\u017een izgled","breadcrumb":{"@id":"https:\/\/nelyandmilady.com\/?page_id=149#breadcrumb"},"inLanguage":"en-US","potentialAction":[{"@type":"ReadAction","target":["https:\/\/nelyandmilady.com\/?page_id=149"]}]},{"@type":"ImageObject","inLanguage":"en-US","@id":"https:\/\/nelyandmilady.com\/?page_id=149#primaryimage","url":"https:\/\/nelyandmilady.com\/wp-content\/uploads\/2025\/06\/pattern-pink.png","contentUrl":"https:\/\/nelyandmilady.com\/wp-content\/uploads\/2025\/06\/pattern-pink.png","width":640,"height":359},{"@type":"BreadcrumbList","@id":"https:\/\/nelyandmilady.com\/?page_id=149#breadcrumb","itemListElement":[{"@type":"ListItem","position":1,"name":"Home","item":"https:\/\/nelyandmilady.com\/"},{"@type":"ListItem","position":2,"name":"Dermapen"}]},{"@type":"WebSite","@id":"https:\/\/nelyandmilady.com\/#website","url":"https:\/\/nelyandmilady.com\/","name":"Nely&MiLady","description":"kozmeti\u010dki salon","publisher":{"@id":"https:\/\/nelyandmilady.com\/#organization"},"potentialAction":[{"@type":"SearchAction","target":{"@type":"EntryPoint","urlTemplate":"https:\/\/nelyandmilady.com\/?s={search_term_string}"},"query-input":{"@type":"PropertyValueSpecification","valueRequired":true,"valueName":"search_term_string"}}],"inLanguage":"en-US"},{"@type":"Organization","@id":"https:\/\/nelyandmilady.com\/#organization","name":"Nely&MiLady","url":"https:\/\/nelyandmilady.com\/","logo":{"@type":"ImageObject","inLanguage":"en-US","@id":"https:\/\/nelyandmilady.com\/#\/schema\/logo\/image\/","url":"https:\/\/nelyandmilady.com\/wp-content\/uploads\/2025\/06\/cropped-cropped-Nely-e1749734668989.jpg","contentUrl":"https:\/\/nelyandmilady.com\/wp-content\/uploads\/2025\/06\/cropped-cropped-Nely-e1749734668989.jpg","width":150,"height":150,"caption":"Nely&MiLady"},"image":{"@id":"https:\/\/nelyandmilady.com\/#\/schema\/logo\/image\/"}}]}},"_links":{"self":[{"href":"https:\/\/nelyandmilady.com\/index.php?rest_route=\/wp\/v2\/pages\/149","targetHints":{"allow":["GET"]}}],"collection":[{"href":"https:\/\/nelyandmilady.com\/index.php?rest_route=\/wp\/v2\/pages"}],"about":[{"href":"https:\/\/nelyandmilady.com\/index.php?rest_route=\/wp\/v2\/types\/page"}],"author":[{"embeddable":true,"href":"https:\/\/nelyandmilady.com\/index.php?rest_route=\/wp\/v2\/users\/1"}],"replies":[{"embeddable":true,"href":"https:\/\/nelyandmilady.com\/index.php?rest_route=%2Fwp%2Fv2%2Fcomments&post=149"}],"version-history":[{"count":5,"href":"https:\/\/nelyandmilady.com\/index.php?rest_route=\/wp\/v2\/pages\/149\/revisions"}],"predecessor-version":[{"id":301,"href":"https:\/\/nelyandmilady.com\/index.php?rest_route=\/wp\/v2\/pages\/149\/revisions\/301"}],"wp:attachment":[{"href":"https:\/\/nelyandmilady.com\/index.php?rest_route=%2Fwp%2Fv2%2Fmedia&parent=149"}],"curies":[{"name":"wp","href":"https:\/\/api.w.org\/{rel}","templated":true}]}}