{"id":126,"date":"2025-06-24T11:10:46","date_gmt":"2025-06-24T11:10:46","guid":{"rendered":"https:\/\/nelyandmilady.com\/?page_id=126"},"modified":"2025-08-14T09:19:35","modified_gmt":"2025-08-14T09:19:35","slug":"mikrodermoabrazija","status":"publish","type":"page","link":"https:\/\/nelyandmilady.com\/?page_id=126","title":{"rendered":"Mikrodermoabrazija"},"content":{"rendered":"\n<div class=\"wp-block-nk-awb nk-awb\"><div class=\"nk-awb-wrap\" data-awb-type=\"image\" data-awb-image-background-size=\"cover\" data-awb-image-background-position=\"53% 44%\"><div class=\"nk-awb-inner\" style=\"opacity: 0.4;\"><img loading=\"lazy\" decoding=\"async\" src=\"https:\/\/nelyandmilady.com\/wp-content\/uploads\/2025\/06\/pattern-pink.png\" class=\"wp-image-92 jarallax-img\" width=\"640\" height=\"359\" srcset=\"https:\/\/nelyandmilady.com\/wp-content\/uploads\/2025\/06\/pattern-pink.png 640w, https:\/\/nelyandmilady.com\/wp-content\/uploads\/2025\/06\/pattern-pink-300x168.png 300w, https:\/\/nelyandmilady.com\/wp-content\/uploads\/2025\/06\/pattern-pink-500x280.png 500w\" sizes=\"auto, (max-width: 640px) 100vw, 640px\" \/><\/div><\/div><div class=\"nk-awb-wrap-content is-layout-constrained wp-block-nk-awb-is-layout-constrained\">\n<div class=\"wp-block-media-text has-media-on-the-right is-stacked-on-mobile\" style=\"padding-top:var(--wp--preset--spacing--20);padding-right:var(--wp--preset--spacing--20);padding-bottom:var(--wp--preset--spacing--20);padding-left:var(--wp--preset--spacing--20)\"><div class=\"wp-block-media-text__content\">\n<p><strong><em>Mikrodermoabrazija <\/em><\/strong>je kozmeti\u010dki tretman koji podrazumeva ne\u017eno lju\u0161tenje (piling) povr\u0161inskog sloja ko\u017ee, poznatog kao stratum corneum. Cilj je ukloniti izmrle c\u0301elije ko\u017ee, podstac\u0301i obnavljanje kolagena i pobolj\u0161ati teksturu ko\u017ee. Koristi se za smanjenje vidljivosti sitnih bora, ogrebotina, pro\u0161irenih pora, kao i za ujedna\u010davanje tena i pobolj\u0161anje op\u0161teg izgleda ko\u017ee.<\/p>\n<\/div><figure class=\"wp-block-media-text__media\"><img loading=\"lazy\" decoding=\"async\" width=\"1024\" height=\"678\" src=\"https:\/\/nelyandmilady.com\/wp-content\/uploads\/2025\/06\/mikrodermoabrazija-1024x678.jpg\" alt=\"\" class=\"wp-image-128 size-full\" srcset=\"https:\/\/nelyandmilady.com\/wp-content\/uploads\/2025\/06\/mikrodermoabrazija-1024x678.jpg 1024w, https:\/\/nelyandmilady.com\/wp-content\/uploads\/2025\/06\/mikrodermoabrazija-300x199.jpg 300w, https:\/\/nelyandmilady.com\/wp-content\/uploads\/2025\/06\/mikrodermoabrazija-768x508.jpg 768w, https:\/\/nelyandmilady.com\/wp-content\/uploads\/2025\/06\/mikrodermoabrazija-500x331.jpg 500w, https:\/\/nelyandmilady.com\/wp-content\/uploads\/2025\/06\/mikrodermoabrazija-800x530.jpg 800w, https:\/\/nelyandmilady.com\/wp-content\/uploads\/2025\/06\/mikrodermoabrazija.jpg 1160w\" sizes=\"auto, (max-width: 1024px) 100vw, 1024px\" \/><\/figure><\/div>\n<\/div><\/div>\n\n\n\n<div style=\"height:30px\" aria-hidden=\"true\" class=\"wp-block-spacer\"><\/div>\n\n\n\n<h3 class=\"wp-block-heading\"><em>Kako funkcioni\u0161e Mikreodermoabrazija<\/em><\/h3>\n\n\n\n<p><strong><em>Mikrodermoabrazija <\/em><\/strong>se obi\u010dno izvodi pomoc\u0301u specijalnog ure\u0111aja koji koristi fine dijamantske ili kristalne nastavke za ne\u017eno uklanjanje povr\u0161inskog sloja ko\u017ee. Istovremeno se primenjuje vakum koji uklanja izmrle c\u0301elije i podsti\u010de cirkulaciju. Postoje dva osnovna tipa mikrodermoabrazije: sa dijamantskim kristalima i sa kristalima aluminijum oksida.<\/p>\n\n\n\n<p>Mikrodermoabrazija je pogodna za sve tipove ko\u017ee, ali je posebno korisna za osobe sa masnom ko\u017eom sklonom aknama, pro\u0161irenim porama i o\u0161tec\u0301enjima od sunca.<\/p>\n\n\n\n<h3 class=\"wp-block-heading\"><em>Prednosti Mikrodermoabrazije<\/em><\/h3>\n\n\n\n<p>Smanjenje vidljivosti sitnih bora i linija<br>Ujedna\u010davanje tena i smanjenje pigmentacijskih fleka<br>Smanjenje pro\u0161irenih pora i uklanjanje crnih ta\u010daka<br>Pobolj\u0161anje teksture ko\u017ee<br>Smanjenje vidljivosti o\u017eiljaka od akni<br>Podsticanje proizvodnje kolagena i elastina<br>Pobolj\u0161anje apsorpcije kozmeti\u010dkih proizvoda<\/p>\n\n\n\n<p>Iako je <strong><em>mikrodermoabrazija <\/em><\/strong>neinvazivni tretman, neki ljudi mogu osec\u0301ati blagu osetljivost ili crvenilo nakon tretmana. Ovo je normalno i obi\u010dno prolazi za nekoliko sati. Va\u017eno je da se konsultujete sa stru\u010dnjakom kako biste utvrdili da li je mikrodermoabrazija pravi izbor za vas i da li c\u0301e va\u0161oj ko\u017ei doneti \u017eeljene rezultate.<\/p>\n","protected":false},"excerpt":{"rendered":"<p>Kako funkcioni\u0161e Mikreodermoabrazija Mikrodermoabrazija se obi\u010dno izvodi pomoc\u0301u specijalnog ure\u0111aja koji koristi fine dijamantske ili kristalne nastavke za ne\u017eno uklanjanje povr\u0161inskog sloja ko\u017ee. Istovremeno se primenjuje vakum koji uklanja izmrle c\u0301elije i podsti\u010de cirkulaciju. Postoje dva osnovna tipa mikrodermoabrazije: sa dijamantskim kristalima i sa kristalima aluminijum oksida. Mikrodermoabrazija je pogodna za sve tipove ko\u017ee, ali <a class=\"read-more\" href=\"https:\/\/nelyandmilady.com\/?page_id=126\">READ MORE<\/a><\/p>\n","protected":false},"author":1,"featured_media":0,"parent":0,"menu_order":0,"comment_status":"closed","ping_status":"closed","template":"","meta":{"footnotes":""},"class_list":["post-126","page","type-page","status-publish","hentry"],"yoast_head":"<!-- This site is optimized with the Yoast SEO plugin v26.0 - https:\/\/yoast.com\/wordpress\/plugins\/seo\/ -->\n<title>Mikrodermoabrazija - Nely&amp;MiLady<\/title>\n<meta name=\"description\" content=\"Mikrodermoabrazija je kozmeti\u010dki tretman koji podrazumeva ne\u017eno lju\u0161tenje (pilinga) povr\u0161inskog sloja ko\u017ee, poznatog kao stratum corneum.\" \/>\n<meta name=\"robots\" content=\"index, follow, max-snippet:-1, max-image-preview:large, max-video-preview:-1\" \/>\n<link rel=\"canonical\" href=\"https:\/\/nelyandmilady.com\/?page_id=126\" \/>\n<meta property=\"og:locale\" content=\"en_US\" \/>\n<meta property=\"og:type\" content=\"article\" \/>\n<meta property=\"og:title\" content=\"Mikrodermoabrazija - Nely&amp;MiLady\" \/>\n<meta property=\"og:description\" content=\"Mikrodermoabrazija je kozmeti\u010dki tretman koji podrazumeva ne\u017eno lju\u0161tenje (pilinga) povr\u0161inskog sloja ko\u017ee, poznatog kao stratum corneum.\" \/>\n<meta property=\"og:url\" content=\"https:\/\/nelyandmilady.com\/?page_id=126\" \/>\n<meta property=\"og:site_name\" content=\"Nely&amp;MiLady\" \/>\n<meta property=\"article:modified_time\" content=\"2025-08-14T09:19:35+00:00\" \/>\n<meta property=\"og:image\" content=\"https:\/\/nelyandmilady.com\/wp-content\/uploads\/2025\/06\/pattern-pink.png\" \/>\n\t<meta property=\"og:image:width\" content=\"640\" \/>\n\t<meta property=\"og:image:height\" content=\"359\" \/>\n\t<meta property=\"og:image:type\" content=\"image\/png\" \/>\n<meta name=\"twitter:card\" content=\"summary_large_image\" \/>\n<meta name=\"twitter:label1\" content=\"Est. reading time\" \/>\n\t<meta name=\"twitter:data1\" content=\"2 minutes\" \/>\n<script type=\"application\/ld+json\" class=\"yoast-schema-graph\">{\"@context\":\"https:\/\/schema.org\",\"@graph\":[{\"@type\":\"WebPage\",\"@id\":\"https:\/\/nelyandmilady.com\/?page_id=126\",\"url\":\"https:\/\/nelyandmilady.com\/?page_id=126\",\"name\":\"Mikrodermoabrazija - Nely&amp;MiLady\",\"isPartOf\":{\"@id\":\"https:\/\/nelyandmilady.com\/#website\"},\"primaryImageOfPage\":{\"@id\":\"https:\/\/nelyandmilady.com\/?page_id=126#primaryimage\"},\"image\":{\"@id\":\"https:\/\/nelyandmilady.com\/?page_id=126#primaryimage\"},\"thumbnailUrl\":\"https:\/\/nelyandmilady.com\/wp-content\/uploads\/2025\/06\/pattern-pink.png\",\"datePublished\":\"2025-06-24T11:10:46+00:00\",\"dateModified\":\"2025-08-14T09:19:35+00:00\",\"description\":\"Mikrodermoabrazija je kozmeti\u010dki tretman koji podrazumeva ne\u017eno lju\u0161tenje (pilinga) povr\u0161inskog sloja ko\u017ee, poznatog kao stratum corneum.\",\"breadcrumb\":{\"@id\":\"https:\/\/nelyandmilady.com\/?page_id=126#breadcrumb\"},\"inLanguage\":\"en-US\",\"potentialAction\":[{\"@type\":\"ReadAction\",\"target\":[\"https:\/\/nelyandmilady.com\/?page_id=126\"]}]},{\"@type\":\"ImageObject\",\"inLanguage\":\"en-US\",\"@id\":\"https:\/\/nelyandmilady.com\/?page_id=126#primaryimage\",\"url\":\"https:\/\/nelyandmilady.com\/wp-content\/uploads\/2025\/06\/pattern-pink.png\",\"contentUrl\":\"https:\/\/nelyandmilady.com\/wp-content\/uploads\/2025\/06\/pattern-pink.png\",\"width\":640,\"height\":359},{\"@type\":\"BreadcrumbList\",\"@id\":\"https:\/\/nelyandmilady.com\/?page_id=126#breadcrumb\",\"itemListElement\":[{\"@type\":\"ListItem\",\"position\":1,\"name\":\"Home\",\"item\":\"https:\/\/nelyandmilady.com\/\"},{\"@type\":\"ListItem\",\"position\":2,\"name\":\"Mikrodermoabrazija\"}]},{\"@type\":\"WebSite\",\"@id\":\"https:\/\/nelyandmilady.com\/#website\",\"url\":\"https:\/\/nelyandmilady.com\/\",\"name\":\"Nely&MiLady\",\"description\":\"kozmeti\u010dki salon\",\"publisher\":{\"@id\":\"https:\/\/nelyandmilady.com\/#organization\"},\"potentialAction\":[{\"@type\":\"SearchAction\",\"target\":{\"@type\":\"EntryPoint\",\"urlTemplate\":\"https:\/\/nelyandmilady.com\/?s={search_term_string}\"},\"query-input\":{\"@type\":\"PropertyValueSpecification\",\"valueRequired\":true,\"valueName\":\"search_term_string\"}}],\"inLanguage\":\"en-US\"},{\"@type\":\"Organization\",\"@id\":\"https:\/\/nelyandmilady.com\/#organization\",\"name\":\"Nely&MiLady\",\"url\":\"https:\/\/nelyandmilady.com\/\",\"logo\":{\"@type\":\"ImageObject\",\"inLanguage\":\"en-US\",\"@id\":\"https:\/\/nelyandmilady.com\/#\/schema\/logo\/image\/\",\"url\":\"https:\/\/nelyandmilady.com\/wp-content\/uploads\/2025\/06\/cropped-cropped-Nely-e1749734668989.jpg\",\"contentUrl\":\"https:\/\/nelyandmilady.com\/wp-content\/uploads\/2025\/06\/cropped-cropped-Nely-e1749734668989.jpg\",\"width\":150,\"height\":150,\"caption\":\"Nely&MiLady\"},\"image\":{\"@id\":\"https:\/\/nelyandmilady.com\/#\/schema\/logo\/image\/\"}}]}<\/script>\n<!-- \/ Yoast SEO plugin. -->","yoast_head_json":{"title":"Mikrodermoabrazija - Nely&amp;MiLady","description":"Mikrodermoabrazija je kozmeti\u010dki tretman koji podrazumeva ne\u017eno lju\u0161tenje (pilinga) povr\u0161inskog sloja ko\u017ee, poznatog kao stratum corneum.","robots":{"index":"index","follow":"follow","max-snippet":"max-snippet:-1","max-image-preview":"max-image-preview:large","max-video-preview":"max-video-preview:-1"},"canonical":"https:\/\/nelyandmilady.com\/?page_id=126","og_locale":"en_US","og_type":"article","og_title":"Mikrodermoabrazija - Nely&amp;MiLady","og_description":"Mikrodermoabrazija je kozmeti\u010dki tretman koji podrazumeva ne\u017eno lju\u0161tenje (pilinga) povr\u0161inskog sloja ko\u017ee, poznatog kao stratum corneum.","og_url":"https:\/\/nelyandmilady.com\/?page_id=126","og_site_name":"Nely&amp;MiLady","article_modified_time":"2025-08-14T09:19:35+00:00","og_image":[{"width":640,"height":359,"url":"https:\/\/nelyandmilady.com\/wp-content\/uploads\/2025\/06\/pattern-pink.png","type":"image\/png"}],"twitter_card":"summary_large_image","twitter_misc":{"Est. reading time":"2 minutes"},"schema":{"@context":"https:\/\/schema.org","@graph":[{"@type":"WebPage","@id":"https:\/\/nelyandmilady.com\/?page_id=126","url":"https:\/\/nelyandmilady.com\/?page_id=126","name":"Mikrodermoabrazija - Nely&amp;MiLady","isPartOf":{"@id":"https:\/\/nelyandmilady.com\/#website"},"primaryImageOfPage":{"@id":"https:\/\/nelyandmilady.com\/?page_id=126#primaryimage"},"image":{"@id":"https:\/\/nelyandmilady.com\/?page_id=126#primaryimage"},"thumbnailUrl":"https:\/\/nelyandmilady.com\/wp-content\/uploads\/2025\/06\/pattern-pink.png","datePublished":"2025-06-24T11:10:46+00:00","dateModified":"2025-08-14T09:19:35+00:00","description":"Mikrodermoabrazija je kozmeti\u010dki tretman koji podrazumeva ne\u017eno lju\u0161tenje (pilinga) povr\u0161inskog sloja ko\u017ee, poznatog kao stratum corneum.","breadcrumb":{"@id":"https:\/\/nelyandmilady.com\/?page_id=126#breadcrumb"},"inLanguage":"en-US","potentialAction":[{"@type":"ReadAction","target":["https:\/\/nelyandmilady.com\/?page_id=126"]}]},{"@type":"ImageObject","inLanguage":"en-US","@id":"https:\/\/nelyandmilady.com\/?page_id=126#primaryimage","url":"https:\/\/nelyandmilady.com\/wp-content\/uploads\/2025\/06\/pattern-pink.png","contentUrl":"https:\/\/nelyandmilady.com\/wp-content\/uploads\/2025\/06\/pattern-pink.png","width":640,"height":359},{"@type":"BreadcrumbList","@id":"https:\/\/nelyandmilady.com\/?page_id=126#breadcrumb","itemListElement":[{"@type":"ListItem","position":1,"name":"Home","item":"https:\/\/nelyandmilady.com\/"},{"@type":"ListItem","position":2,"name":"Mikrodermoabrazija"}]},{"@type":"WebSite","@id":"https:\/\/nelyandmilady.com\/#website","url":"https:\/\/nelyandmilady.com\/","name":"Nely&MiLady","description":"kozmeti\u010dki salon","publisher":{"@id":"https:\/\/nelyandmilady.com\/#organization"},"potentialAction":[{"@type":"SearchAction","target":{"@type":"EntryPoint","urlTemplate":"https:\/\/nelyandmilady.com\/?s={search_term_string}"},"query-input":{"@type":"PropertyValueSpecification","valueRequired":true,"valueName":"search_term_string"}}],"inLanguage":"en-US"},{"@type":"Organization","@id":"https:\/\/nelyandmilady.com\/#organization","name":"Nely&MiLady","url":"https:\/\/nelyandmilady.com\/","logo":{"@type":"ImageObject","inLanguage":"en-US","@id":"https:\/\/nelyandmilady.com\/#\/schema\/logo\/image\/","url":"https:\/\/nelyandmilady.com\/wp-content\/uploads\/2025\/06\/cropped-cropped-Nely-e1749734668989.jpg","contentUrl":"https:\/\/nelyandmilady.com\/wp-content\/uploads\/2025\/06\/cropped-cropped-Nely-e1749734668989.jpg","width":150,"height":150,"caption":"Nely&MiLady"},"image":{"@id":"https:\/\/nelyandmilady.com\/#\/schema\/logo\/image\/"}}]}},"_links":{"self":[{"href":"https:\/\/nelyandmilady.com\/index.php?rest_route=\/wp\/v2\/pages\/126","targetHints":{"allow":["GET"]}}],"collection":[{"href":"https:\/\/nelyandmilady.com\/index.php?rest_route=\/wp\/v2\/pages"}],"about":[{"href":"https:\/\/nelyandmilady.com\/index.php?rest_route=\/wp\/v2\/types\/page"}],"author":[{"embeddable":true,"href":"https:\/\/nelyandmilady.com\/index.php?rest_route=\/wp\/v2\/users\/1"}],"replies":[{"embeddable":true,"href":"https:\/\/nelyandmilady.com\/index.php?rest_route=%2Fwp%2Fv2%2Fcomments&post=126"}],"version-history":[{"count":7,"href":"https:\/\/nelyandmilady.com\/index.php?rest_route=\/wp\/v2\/pages\/126\/revisions"}],"predecessor-version":[{"id":304,"href":"https:\/\/nelyandmilady.com\/index.php?rest_route=\/wp\/v2\/pages\/126\/revisions\/304"}],"wp:attachment":[{"href":"https:\/\/nelyandmilady.com\/index.php?rest_route=%2Fwp%2Fv2%2Fmedia&parent=126"}],"curies":[{"name":"wp","href":"https:\/\/api.w.org\/{rel}","templated":true}]}}