{"id":111,"date":"2025-06-13T13:19:21","date_gmt":"2025-06-13T13:19:21","guid":{"rendered":"https:\/\/nelyandmilady.com\/?page_id=111"},"modified":"2025-08-14T09:18:39","modified_gmt":"2025-08-14T09:18:39","slug":"mezoterapija","status":"publish","type":"page","link":"https:\/\/nelyandmilady.com\/?page_id=111","title":{"rendered":"Mezoterapija"},"content":{"rendered":"\n<div class=\"wp-block-nk-awb nk-awb\"><div class=\"nk-awb-wrap\" data-awb-type=\"image\" data-awb-image-background-size=\"cover\" data-awb-image-background-position=\"53% 44%\"><div class=\"nk-awb-inner\" style=\"opacity: 0.4;\"><img loading=\"lazy\" decoding=\"async\" src=\"https:\/\/nelyandmilady.com\/wp-content\/uploads\/2025\/06\/pattern-pink.png\" class=\"wp-image-92 jarallax-img\" width=\"640\" height=\"359\" srcset=\"https:\/\/nelyandmilady.com\/wp-content\/uploads\/2025\/06\/pattern-pink.png 640w, https:\/\/nelyandmilady.com\/wp-content\/uploads\/2025\/06\/pattern-pink-300x168.png 300w, https:\/\/nelyandmilady.com\/wp-content\/uploads\/2025\/06\/pattern-pink-500x280.png 500w\" sizes=\"auto, (max-width: 640px) 100vw, 640px\" \/><\/div><\/div><div class=\"nk-awb-wrap-content is-layout-constrained wp-block-nk-awb-is-layout-constrained\">\n<div class=\"wp-block-media-text has-media-on-the-right is-stacked-on-mobile\" style=\"grid-template-columns:auto 56%\"><div class=\"wp-block-media-text__content\">\n<p><span style=\"background-color:rgba(0, 0, 0, 0)\" class=\"has-inline-color has-black-color\"><strong><em>Mezoterapija <\/em><\/strong> je moderna tehnika koja&nbsp; omogu\u0107ava&nbsp; br\u017ee i dublje prodiranje aktivnih supstanci i aktiviranje&nbsp; metabolizma u dermisu. Primenjuju\u0107i pulsne struje&nbsp; stvara se magnetno polje koje otvara privremene kanale&nbsp; (mezopore) u lipidnom sloju u epidermu<\/span>.<span style=\"background-color:rgba(0, 0, 0, 0)\" class=\"has-inline-color has-black-color\"> Time se omogu\u0107ava prolaz aktivnih supstanci u \u017eive slojeve&nbsp; ko\u017ee.<\/span><\/p>\n\n\n\n<p><span style=\"background-color:rgba(0, 0, 0, 0)\" class=\"has-inline-color has-black-color\">Aparaturna <strong><em>mezoterapija <\/em><\/strong> podrazumeva primenu savremenog aparata koji omogu\u0107ava prodor visokih koncentracija aktivnih sastojaka iz seruma u dublje slojeve ko\u017ee bez upotrebe igle. Mezoterapija omogu\u0107ava apsorpciju aktivnih sastojaka&nbsp; sa 10% na 90% na dubini od 1cm i 65% na dubini od&nbsp; 6cm. Ovo obezbedjuje kako brzo vidljive tako i rezultate&nbsp; na du\u017ee staze.<\/span> <span style=\"background-color:rgba(0, 0, 0, 0)\" class=\"has-inline-color has-black-color\">Na ovaj na\u010din mo\u017eete komforno u\u017eivati u tretmanu lica, vrata i dekoltea.<\/span><\/p>\n<\/div><figure class=\"wp-block-media-text__media\"><img loading=\"lazy\" decoding=\"async\" width=\"980\" height=\"640\" src=\"https:\/\/nelyandmilady.com\/wp-content\/uploads\/2025\/06\/mezoterapija-1.jpg\" alt=\"\" class=\"wp-image-113 size-full\" srcset=\"https:\/\/nelyandmilady.com\/wp-content\/uploads\/2025\/06\/mezoterapija-1.jpg 980w, https:\/\/nelyandmilady.com\/wp-content\/uploads\/2025\/06\/mezoterapija-1-300x196.jpg 300w, https:\/\/nelyandmilady.com\/wp-content\/uploads\/2025\/06\/mezoterapija-1-768x502.jpg 768w, https:\/\/nelyandmilady.com\/wp-content\/uploads\/2025\/06\/mezoterapija-1-500x327.jpg 500w, https:\/\/nelyandmilady.com\/wp-content\/uploads\/2025\/06\/mezoterapija-1-800x522.jpg 800w\" sizes=\"auto, (max-width: 980px) 100vw, 980px\" \/><\/figure><\/div>\n<\/div><\/div>\n\n\n\n<div style=\"height:30px\" aria-hidden=\"true\" class=\"wp-block-spacer\"><\/div>\n\n\n\n<p><span style=\"background-color:rgba(0, 0, 0, 0)\" class=\"has-inline-color has-black-color\">Metoda mezoterapije je bezbolna, neinvazivna metoda&nbsp;i savr\u0161en saveznik u borbi protiv opu\u0161tene ko\u017ee, bora,&nbsp;fleka, celulita i strija.<\/span> <span style=\"background-color:rgba(0, 0, 0, 0)\" class=\"has-inline-color has-black-color\">Cilj terapije uglavnom jeste podmla\u0111ivanje i stimulacija sinteze kolagena.<\/span> <span style=\"background-color:rgba(0, 0, 0, 0)\" class=\"has-inline-color has-black-color\">Ova metoda se tako\u0111e uspe\u0161no koristi i u tretmanima  o\u017eiljaka od akni.<\/span><\/p>\n\n\n\n<p><span style=\"background-color:rgba(0, 0, 0, 0)\" class=\"has-inline-color has-black-color\">Preporu\u010duje se u<\/span> <span style=\"background-color:rgba(0, 0, 0, 0)\" class=\"has-inline-color has-black-color\">serijam<\/span>a<span style=\"background-color:rgba(0, 0, 0, 0)\" class=\"has-inline-color has-black-color\">&nbsp; od \u0161est tretmana (jednom&nbsp; nedeljno).<\/span> <span style=\"background-color:rgba(0, 0, 0, 0)\" class=\"has-inline-color has-black-color\">To nam omogu\u0107ava da se sa dovoljnim brojem ponavljanja napravi depo hijaluronske kiseline i drugih aktivnih sastojaka koji \u0107e vidljivo podmla\u0111ivati ko\u017eu. Nakon toga je preporuka da se radi odr\u017eavanje jednom mese\u010dno. <\/span><\/p>\n\n\n\n<p><span style=\"background-color:rgba(0, 0, 0, 0)\" class=\"has-inline-color has-black-color\">Tretman mezoporacije ne treba raditi u trudno\u0107i,&nbsp; tokom dojenja, kod obolelih od epilepsije, karcinoma,&nbsp; dijabetesa, kod osoba sa metalnim protezama u telu ili&nbsp; pejsmejkerom.<\/span><\/p>\n\n\n\n<p><span style=\"background-color:rgba(0, 0, 0, 0)\" class=\"has-inline-color has-black-color\">Ukoliko imate hijaluronske filere mo\u017eete raditi ovu vrstu tretmana<\/span>. <span style=\"background-color:rgba(0, 0, 0, 0)\" class=\"has-inline-color has-black-color\"> Mezoterapija \u0107e redovno hidratisati va\u0161u ko\u017eu i obezbe\u0111ivati dovoljnu koli\u010dinu hijaluronina tako da va\u0161i rezultati postignuti hijaluronskim filerima du\u017ee traju.<\/span><\/p>\n\n\n\n<p>Za sve informacije u vezi tretmana i zakazivanje mo\u017eete nas <a href=\"https:\/\/nelyandmilady.com\/?page_id=50\" data-type=\"page\" data-id=\"50\">kontaktirati<\/a>.<\/p>\n\n\n\n<p><\/p>\n","protected":false},"excerpt":{"rendered":"<p>Metoda mezoterapije je bezbolna, neinvazivna metoda&nbsp;i savr\u0161en saveznik u borbi protiv opu\u0161tene ko\u017ee, bora,&nbsp;fleka, celulita i strija. Cilj terapije uglavnom jeste podmla\u0111ivanje i stimulacija sinteze kolagena. Ova metoda se tako\u0111e uspe\u0161no koristi i u tretmanima o\u017eiljaka od akni. Preporu\u010duje se u serijama&nbsp; od \u0161est tretmana (jednom&nbsp; nedeljno). To nam omogu\u0107ava da se sa dovoljnim brojem <a class=\"read-more\" href=\"https:\/\/nelyandmilady.com\/?page_id=111\">READ MORE<\/a><\/p>\n","protected":false},"author":1,"featured_media":0,"parent":0,"menu_order":0,"comment_status":"closed","ping_status":"closed","template":"","meta":{"footnotes":""},"class_list":["post-111","page","type-page","status-publish","hentry"],"yoast_head":"<!-- This site is optimized with the Yoast SEO plugin v26.0 - https:\/\/yoast.com\/wordpress\/plugins\/seo\/ -->\n<title>Mezoterapija - Nely&amp;MiLady<\/title>\n<meta name=\"description\" content=\"Mezoterapija je moderna tehnika koja\u00a0 omogu\u0107ava\u00a0 br\u017ee i dublje prodiranje aktivnih supstanci i aktiviranje\u00a0 metabolizma u dermisu.\" \/>\n<meta name=\"robots\" content=\"index, follow, max-snippet:-1, max-image-preview:large, max-video-preview:-1\" \/>\n<link rel=\"canonical\" href=\"https:\/\/nelyandmilady.com\/?page_id=111\" \/>\n<meta property=\"og:locale\" content=\"en_US\" \/>\n<meta property=\"og:type\" content=\"article\" \/>\n<meta property=\"og:title\" content=\"Mezoterapija - Nely&amp;MiLady\" \/>\n<meta property=\"og:description\" content=\"Mezoterapija je moderna tehnika koja\u00a0 omogu\u0107ava\u00a0 br\u017ee i dublje prodiranje aktivnih supstanci i aktiviranje\u00a0 metabolizma u dermisu.\" \/>\n<meta property=\"og:url\" content=\"https:\/\/nelyandmilady.com\/?page_id=111\" \/>\n<meta property=\"og:site_name\" content=\"Nely&amp;MiLady\" \/>\n<meta property=\"article:modified_time\" content=\"2025-08-14T09:18:39+00:00\" \/>\n<meta property=\"og:image\" content=\"https:\/\/nelyandmilady.com\/wp-content\/uploads\/2025\/06\/pattern-pink.png\" \/>\n\t<meta property=\"og:image:width\" content=\"640\" \/>\n\t<meta property=\"og:image:height\" content=\"359\" \/>\n\t<meta property=\"og:image:type\" content=\"image\/png\" \/>\n<meta name=\"twitter:card\" content=\"summary_large_image\" \/>\n<meta name=\"twitter:label1\" content=\"Est. reading time\" \/>\n\t<meta name=\"twitter:data1\" content=\"2 minutes\" \/>\n<script type=\"application\/ld+json\" class=\"yoast-schema-graph\">{\"@context\":\"https:\/\/schema.org\",\"@graph\":[{\"@type\":\"WebPage\",\"@id\":\"https:\/\/nelyandmilady.com\/?page_id=111\",\"url\":\"https:\/\/nelyandmilady.com\/?page_id=111\",\"name\":\"Mezoterapija - Nely&amp;MiLady\",\"isPartOf\":{\"@id\":\"https:\/\/nelyandmilady.com\/#website\"},\"primaryImageOfPage\":{\"@id\":\"https:\/\/nelyandmilady.com\/?page_id=111#primaryimage\"},\"image\":{\"@id\":\"https:\/\/nelyandmilady.com\/?page_id=111#primaryimage\"},\"thumbnailUrl\":\"https:\/\/nelyandmilady.com\/wp-content\/uploads\/2025\/06\/pattern-pink.png\",\"datePublished\":\"2025-06-13T13:19:21+00:00\",\"dateModified\":\"2025-08-14T09:18:39+00:00\",\"description\":\"Mezoterapija je moderna tehnika koja\u00a0 omogu\u0107ava\u00a0 br\u017ee i dublje prodiranje aktivnih supstanci i aktiviranje\u00a0 metabolizma u dermisu.\",\"breadcrumb\":{\"@id\":\"https:\/\/nelyandmilady.com\/?page_id=111#breadcrumb\"},\"inLanguage\":\"en-US\",\"potentialAction\":[{\"@type\":\"ReadAction\",\"target\":[\"https:\/\/nelyandmilady.com\/?page_id=111\"]}]},{\"@type\":\"ImageObject\",\"inLanguage\":\"en-US\",\"@id\":\"https:\/\/nelyandmilady.com\/?page_id=111#primaryimage\",\"url\":\"https:\/\/nelyandmilady.com\/wp-content\/uploads\/2025\/06\/pattern-pink.png\",\"contentUrl\":\"https:\/\/nelyandmilady.com\/wp-content\/uploads\/2025\/06\/pattern-pink.png\",\"width\":640,\"height\":359},{\"@type\":\"BreadcrumbList\",\"@id\":\"https:\/\/nelyandmilady.com\/?page_id=111#breadcrumb\",\"itemListElement\":[{\"@type\":\"ListItem\",\"position\":1,\"name\":\"Home\",\"item\":\"https:\/\/nelyandmilady.com\/\"},{\"@type\":\"ListItem\",\"position\":2,\"name\":\"Mezoterapija\"}]},{\"@type\":\"WebSite\",\"@id\":\"https:\/\/nelyandmilady.com\/#website\",\"url\":\"https:\/\/nelyandmilady.com\/\",\"name\":\"Nely&MiLady\",\"description\":\"kozmeti\u010dki salon\",\"publisher\":{\"@id\":\"https:\/\/nelyandmilady.com\/#organization\"},\"potentialAction\":[{\"@type\":\"SearchAction\",\"target\":{\"@type\":\"EntryPoint\",\"urlTemplate\":\"https:\/\/nelyandmilady.com\/?s={search_term_string}\"},\"query-input\":{\"@type\":\"PropertyValueSpecification\",\"valueRequired\":true,\"valueName\":\"search_term_string\"}}],\"inLanguage\":\"en-US\"},{\"@type\":\"Organization\",\"@id\":\"https:\/\/nelyandmilady.com\/#organization\",\"name\":\"Nely&MiLady\",\"url\":\"https:\/\/nelyandmilady.com\/\",\"logo\":{\"@type\":\"ImageObject\",\"inLanguage\":\"en-US\",\"@id\":\"https:\/\/nelyandmilady.com\/#\/schema\/logo\/image\/\",\"url\":\"https:\/\/nelyandmilady.com\/wp-content\/uploads\/2025\/06\/cropped-cropped-Nely-e1749734668989.jpg\",\"contentUrl\":\"https:\/\/nelyandmilady.com\/wp-content\/uploads\/2025\/06\/cropped-cropped-Nely-e1749734668989.jpg\",\"width\":150,\"height\":150,\"caption\":\"Nely&MiLady\"},\"image\":{\"@id\":\"https:\/\/nelyandmilady.com\/#\/schema\/logo\/image\/\"}}]}<\/script>\n<!-- \/ Yoast SEO plugin. -->","yoast_head_json":{"title":"Mezoterapija - Nely&amp;MiLady","description":"Mezoterapija je moderna tehnika koja\u00a0 omogu\u0107ava\u00a0 br\u017ee i dublje prodiranje aktivnih supstanci i aktiviranje\u00a0 metabolizma u dermisu.","robots":{"index":"index","follow":"follow","max-snippet":"max-snippet:-1","max-image-preview":"max-image-preview:large","max-video-preview":"max-video-preview:-1"},"canonical":"https:\/\/nelyandmilady.com\/?page_id=111","og_locale":"en_US","og_type":"article","og_title":"Mezoterapija - Nely&amp;MiLady","og_description":"Mezoterapija je moderna tehnika koja\u00a0 omogu\u0107ava\u00a0 br\u017ee i dublje prodiranje aktivnih supstanci i aktiviranje\u00a0 metabolizma u dermisu.","og_url":"https:\/\/nelyandmilady.com\/?page_id=111","og_site_name":"Nely&amp;MiLady","article_modified_time":"2025-08-14T09:18:39+00:00","og_image":[{"width":640,"height":359,"url":"https:\/\/nelyandmilady.com\/wp-content\/uploads\/2025\/06\/pattern-pink.png","type":"image\/png"}],"twitter_card":"summary_large_image","twitter_misc":{"Est. reading time":"2 minutes"},"schema":{"@context":"https:\/\/schema.org","@graph":[{"@type":"WebPage","@id":"https:\/\/nelyandmilady.com\/?page_id=111","url":"https:\/\/nelyandmilady.com\/?page_id=111","name":"Mezoterapija - Nely&amp;MiLady","isPartOf":{"@id":"https:\/\/nelyandmilady.com\/#website"},"primaryImageOfPage":{"@id":"https:\/\/nelyandmilady.com\/?page_id=111#primaryimage"},"image":{"@id":"https:\/\/nelyandmilady.com\/?page_id=111#primaryimage"},"thumbnailUrl":"https:\/\/nelyandmilady.com\/wp-content\/uploads\/2025\/06\/pattern-pink.png","datePublished":"2025-06-13T13:19:21+00:00","dateModified":"2025-08-14T09:18:39+00:00","description":"Mezoterapija je moderna tehnika koja\u00a0 omogu\u0107ava\u00a0 br\u017ee i dublje prodiranje aktivnih supstanci i aktiviranje\u00a0 metabolizma u dermisu.","breadcrumb":{"@id":"https:\/\/nelyandmilady.com\/?page_id=111#breadcrumb"},"inLanguage":"en-US","potentialAction":[{"@type":"ReadAction","target":["https:\/\/nelyandmilady.com\/?page_id=111"]}]},{"@type":"ImageObject","inLanguage":"en-US","@id":"https:\/\/nelyandmilady.com\/?page_id=111#primaryimage","url":"https:\/\/nelyandmilady.com\/wp-content\/uploads\/2025\/06\/pattern-pink.png","contentUrl":"https:\/\/nelyandmilady.com\/wp-content\/uploads\/2025\/06\/pattern-pink.png","width":640,"height":359},{"@type":"BreadcrumbList","@id":"https:\/\/nelyandmilady.com\/?page_id=111#breadcrumb","itemListElement":[{"@type":"ListItem","position":1,"name":"Home","item":"https:\/\/nelyandmilady.com\/"},{"@type":"ListItem","position":2,"name":"Mezoterapija"}]},{"@type":"WebSite","@id":"https:\/\/nelyandmilady.com\/#website","url":"https:\/\/nelyandmilady.com\/","name":"Nely&MiLady","description":"kozmeti\u010dki salon","publisher":{"@id":"https:\/\/nelyandmilady.com\/#organization"},"potentialAction":[{"@type":"SearchAction","target":{"@type":"EntryPoint","urlTemplate":"https:\/\/nelyandmilady.com\/?s={search_term_string}"},"query-input":{"@type":"PropertyValueSpecification","valueRequired":true,"valueName":"search_term_string"}}],"inLanguage":"en-US"},{"@type":"Organization","@id":"https:\/\/nelyandmilady.com\/#organization","name":"Nely&MiLady","url":"https:\/\/nelyandmilady.com\/","logo":{"@type":"ImageObject","inLanguage":"en-US","@id":"https:\/\/nelyandmilady.com\/#\/schema\/logo\/image\/","url":"https:\/\/nelyandmilady.com\/wp-content\/uploads\/2025\/06\/cropped-cropped-Nely-e1749734668989.jpg","contentUrl":"https:\/\/nelyandmilady.com\/wp-content\/uploads\/2025\/06\/cropped-cropped-Nely-e1749734668989.jpg","width":150,"height":150,"caption":"Nely&MiLady"},"image":{"@id":"https:\/\/nelyandmilady.com\/#\/schema\/logo\/image\/"}}]}},"_links":{"self":[{"href":"https:\/\/nelyandmilady.com\/index.php?rest_route=\/wp\/v2\/pages\/111","targetHints":{"allow":["GET"]}}],"collection":[{"href":"https:\/\/nelyandmilady.com\/index.php?rest_route=\/wp\/v2\/pages"}],"about":[{"href":"https:\/\/nelyandmilady.com\/index.php?rest_route=\/wp\/v2\/types\/page"}],"author":[{"embeddable":true,"href":"https:\/\/nelyandmilady.com\/index.php?rest_route=\/wp\/v2\/users\/1"}],"replies":[{"embeddable":true,"href":"https:\/\/nelyandmilady.com\/index.php?rest_route=%2Fwp%2Fv2%2Fcomments&post=111"}],"version-history":[{"count":4,"href":"https:\/\/nelyandmilady.com\/index.php?rest_route=\/wp\/v2\/pages\/111\/revisions"}],"predecessor-version":[{"id":132,"href":"https:\/\/nelyandmilady.com\/index.php?rest_route=\/wp\/v2\/pages\/111\/revisions\/132"}],"wp:attachment":[{"href":"https:\/\/nelyandmilady.com\/index.php?rest_route=%2Fwp%2Fv2%2Fmedia&parent=111"}],"curies":[{"name":"wp","href":"https:\/\/api.w.org\/{rel}","templated":true}]}}