{"id":11,"date":"2025-06-10T10:15:43","date_gmt":"2025-06-10T10:15:43","guid":{"rendered":"https:\/\/nelyandmilady.com\/?page_id=11"},"modified":"2025-08-14T09:31:03","modified_gmt":"2025-08-14T09:31:03","slug":"pocetna","status":"publish","type":"page","link":"https:\/\/nelyandmilady.com\/","title":{"rendered":"Po\u010detna"},"content":{"rendered":"\n<p>Dobro do\u0161li u Nely &amp; MiLady kozmeti\u010dki salon, prirodna nega koja dodiruje du\u0161u \ud83c\udf3f<\/p>\n\n\n\n<p>U Nely &amp; MiLady salonu verujemo u mo\u0107 prirode i ne\u017enog pristupa lepoti. Na\u0161a filozofija je jednostavna \u2013 lepota po\u010dinje iznutra, a neguje se pa\u017enjom, ljubavlju i kvalitetnim prirodnim proizvodima.<\/p>\n\n\n\n<p>U ambijentu koji pru\u017ea mir, opu\u0161tanje i poverenje, do\u010deka\u0107emo vas s osmehom i pru\u017eiti tretmane koji hrane ko\u017eu i um. Na\u0161i proizvodi su pa\u017eljivo birani, bez agresivnih hemikalija, sa ciljem da podr\u017ee prirodne procese va\u0161e ko\u017ee.<\/p>\n\n\n\n<p>\u2728 Neka va\u0161a ko\u017ea di\u0161e. Neka va\u0161e telo odmori. Neka va\u0161a lepota zablista \u2013 prirodno.<\/p>\n\n\n\n<p>Dobro do\u0161li u svet gde je nega umetnost, a priroda \u2013 na\u0161 saveznik. <a href=\"https:\/\/nelyandmilady.com\/?page_id=50\">Pozovite nas.<\/a><\/p>\n\n\n\n<figure class=\"wp-block-gallery aligncenter has-nested-images columns-default is-cropped wp-block-gallery-1 is-layout-flex wp-block-gallery-is-layout-flex\">\n<figure class=\"wp-block-image size-large\"><img loading=\"lazy\" decoding=\"async\" width=\"1001\" height=\"1024\" data-id=\"19\" src=\"https:\/\/nelyandmilady.com\/wp-content\/uploads\/2025\/06\/Nely-beauty-1001x1024.jpg\" alt=\"Nely &amp; MiLady\" class=\"wp-image-19\" srcset=\"https:\/\/nelyandmilady.com\/wp-content\/uploads\/2025\/06\/Nely-beauty-1001x1024.jpg 1001w, https:\/\/nelyandmilady.com\/wp-content\/uploads\/2025\/06\/Nely-beauty-293x300.jpg 293w, https:\/\/nelyandmilady.com\/wp-content\/uploads\/2025\/06\/Nely-beauty-768x786.jpg 768w, https:\/\/nelyandmilady.com\/wp-content\/uploads\/2025\/06\/Nely-beauty-1501x1536.jpg 1501w, https:\/\/nelyandmilady.com\/wp-content\/uploads\/2025\/06\/Nely-beauty.jpg 1564w\" sizes=\"auto, (max-width: 1001px) 100vw, 1001px\" \/><\/figure>\n\n\n\n<figure class=\"wp-block-image size-large\"><img loading=\"lazy\" decoding=\"async\" width=\"1024\" height=\"925\" data-id=\"18\" src=\"https:\/\/nelyandmilady.com\/wp-content\/uploads\/2025\/06\/Nely-MiLady-1024x925.jpg\" alt=\"Nely &amp; MiLady\" class=\"wp-image-18\" srcset=\"https:\/\/nelyandmilady.com\/wp-content\/uploads\/2025\/06\/Nely-MiLady-1024x925.jpg 1024w, https:\/\/nelyandmilady.com\/wp-content\/uploads\/2025\/06\/Nely-MiLady-300x271.jpg 300w, https:\/\/nelyandmilady.com\/wp-content\/uploads\/2025\/06\/Nely-MiLady-768x694.jpg 768w, https:\/\/nelyandmilady.com\/wp-content\/uploads\/2025\/06\/Nely-MiLady-1536x1387.jpg 1536w, https:\/\/nelyandmilady.com\/wp-content\/uploads\/2025\/06\/Nely-MiLady.jpg 1600w\" sizes=\"auto, (max-width: 1024px) 100vw, 1024px\" \/><\/figure>\n<\/figure>\n","protected":false},"excerpt":{"rendered":"<p>Dobro do\u0161li u Nely &amp; MiLady kozmeti\u010dki salon, prirodna nega koja dodiruje du\u0161u \ud83c\udf3f U Nely &amp; MiLady salonu verujemo u mo\u0107 prirode i ne\u017enog pristupa lepoti. Na\u0161a filozofija je jednostavna \u2013 lepota po\u010dinje iznutra, a neguje se pa\u017enjom, ljubavlju i kvalitetnim prirodnim proizvodima. U ambijentu koji pru\u017ea mir, opu\u0161tanje i poverenje, do\u010deka\u0107emo vas s <a class=\"read-more\" href=\"https:\/\/nelyandmilady.com\/\">READ MORE<\/a><\/p>\n","protected":false},"author":1,"featured_media":40,"parent":0,"menu_order":0,"comment_status":"closed","ping_status":"closed","template":"","meta":{"footnotes":""},"class_list":["post-11","page","type-page","status-publish","has-post-thumbnail","hentry"],"yoast_head":"<!-- This site is optimized with the Yoast SEO plugin v26.0 - https:\/\/yoast.com\/wordpress\/plugins\/seo\/ -->\n<title>Po\u010detna - Nely&amp;MiLady<\/title>\n<meta name=\"description\" content=\"Dobro do\u0161li u Nely &amp; MiLady kozmeti\u010dki salon, prirodna nega koja dodiruje du\u0161u. Dobro do\u0161li u svet gde je nega umetnost...\" \/>\n<meta name=\"robots\" content=\"index, follow, max-snippet:-1, max-image-preview:large, max-video-preview:-1\" \/>\n<link rel=\"canonical\" href=\"https:\/\/nelyandmilady.com\/\" \/>\n<meta property=\"og:locale\" content=\"en_US\" \/>\n<meta property=\"og:type\" content=\"article\" \/>\n<meta property=\"og:title\" content=\"Po\u010detna - Nely&amp;MiLady\" \/>\n<meta property=\"og:description\" content=\"Dobro do\u0161li u Nely &amp; MiLady kozmeti\u010dki salon, prirodna nega koja dodiruje du\u0161u. Dobro do\u0161li u svet gde je nega umetnost...\" \/>\n<meta property=\"og:url\" content=\"https:\/\/nelyandmilady.com\/\" \/>\n<meta property=\"og:site_name\" content=\"Nely&amp;MiLady\" \/>\n<meta property=\"article:modified_time\" content=\"2025-08-14T09:31:03+00:00\" \/>\n<meta property=\"og:image\" content=\"https:\/\/nelyandmilady.com\/wp-content\/uploads\/2025\/06\/cropped-2.webp\" \/>\n\t<meta property=\"og:image:width\" content=\"507\" \/>\n\t<meta property=\"og:image:height\" content=\"255\" \/>\n\t<meta property=\"og:image:type\" content=\"image\/webp\" \/>\n<meta name=\"twitter:card\" content=\"summary_large_image\" \/>\n<meta name=\"twitter:label1\" content=\"Est. reading time\" \/>\n\t<meta name=\"twitter:data1\" content=\"2 minutes\" \/>\n<script type=\"application\/ld+json\" class=\"yoast-schema-graph\">{\"@context\":\"https:\/\/schema.org\",\"@graph\":[{\"@type\":\"WebPage\",\"@id\":\"https:\/\/nelyandmilady.com\/\",\"url\":\"https:\/\/nelyandmilady.com\/\",\"name\":\"Po\u010detna - Nely&amp;MiLady\",\"isPartOf\":{\"@id\":\"https:\/\/nelyandmilady.com\/#website\"},\"primaryImageOfPage\":{\"@id\":\"https:\/\/nelyandmilady.com\/#primaryimage\"},\"image\":{\"@id\":\"https:\/\/nelyandmilady.com\/#primaryimage\"},\"thumbnailUrl\":\"https:\/\/nelyandmilady.com\/wp-content\/uploads\/2025\/06\/cropped-2.webp\",\"datePublished\":\"2025-06-10T10:15:43+00:00\",\"dateModified\":\"2025-08-14T09:31:03+00:00\",\"description\":\"Dobro do\u0161li u Nely & MiLady kozmeti\u010dki salon, prirodna nega koja dodiruje du\u0161u. Dobro do\u0161li u svet gde je nega umetnost...\",\"breadcrumb\":{\"@id\":\"https:\/\/nelyandmilady.com\/#breadcrumb\"},\"inLanguage\":\"en-US\",\"potentialAction\":[{\"@type\":\"ReadAction\",\"target\":[\"https:\/\/nelyandmilady.com\/\"]}]},{\"@type\":\"ImageObject\",\"inLanguage\":\"en-US\",\"@id\":\"https:\/\/nelyandmilady.com\/#primaryimage\",\"url\":\"https:\/\/nelyandmilady.com\/wp-content\/uploads\/2025\/06\/cropped-2.webp\",\"contentUrl\":\"https:\/\/nelyandmilady.com\/wp-content\/uploads\/2025\/06\/cropped-2.webp\",\"width\":507,\"height\":255},{\"@type\":\"BreadcrumbList\",\"@id\":\"https:\/\/nelyandmilady.com\/#breadcrumb\",\"itemListElement\":[{\"@type\":\"ListItem\",\"position\":1,\"name\":\"Home\",\"item\":\"https:\/\/nelyandmilady.com\/\"},{\"@type\":\"ListItem\",\"position\":2,\"name\":\"Po\u010detna\"}]},{\"@type\":\"WebSite\",\"@id\":\"https:\/\/nelyandmilady.com\/#website\",\"url\":\"https:\/\/nelyandmilady.com\/\",\"name\":\"Nely&MiLady\",\"description\":\"kozmeti\u010dki salon\",\"publisher\":{\"@id\":\"https:\/\/nelyandmilady.com\/#organization\"},\"potentialAction\":[{\"@type\":\"SearchAction\",\"target\":{\"@type\":\"EntryPoint\",\"urlTemplate\":\"https:\/\/nelyandmilady.com\/?s={search_term_string}\"},\"query-input\":{\"@type\":\"PropertyValueSpecification\",\"valueRequired\":true,\"valueName\":\"search_term_string\"}}],\"inLanguage\":\"en-US\"},{\"@type\":\"Organization\",\"@id\":\"https:\/\/nelyandmilady.com\/#organization\",\"name\":\"Nely&MiLady\",\"url\":\"https:\/\/nelyandmilady.com\/\",\"logo\":{\"@type\":\"ImageObject\",\"inLanguage\":\"en-US\",\"@id\":\"https:\/\/nelyandmilady.com\/#\/schema\/logo\/image\/\",\"url\":\"https:\/\/nelyandmilady.com\/wp-content\/uploads\/2025\/06\/cropped-cropped-Nely-e1749734668989.jpg\",\"contentUrl\":\"https:\/\/nelyandmilady.com\/wp-content\/uploads\/2025\/06\/cropped-cropped-Nely-e1749734668989.jpg\",\"width\":150,\"height\":150,\"caption\":\"Nely&MiLady\"},\"image\":{\"@id\":\"https:\/\/nelyandmilady.com\/#\/schema\/logo\/image\/\"}}]}<\/script>\n<!-- \/ Yoast SEO plugin. -->","yoast_head_json":{"title":"Po\u010detna - Nely&amp;MiLady","description":"Dobro do\u0161li u Nely & MiLady kozmeti\u010dki salon, prirodna nega koja dodiruje du\u0161u. Dobro do\u0161li u svet gde je nega umetnost...","robots":{"index":"index","follow":"follow","max-snippet":"max-snippet:-1","max-image-preview":"max-image-preview:large","max-video-preview":"max-video-preview:-1"},"canonical":"https:\/\/nelyandmilady.com\/","og_locale":"en_US","og_type":"article","og_title":"Po\u010detna - Nely&amp;MiLady","og_description":"Dobro do\u0161li u Nely & MiLady kozmeti\u010dki salon, prirodna nega koja dodiruje du\u0161u. Dobro do\u0161li u svet gde je nega umetnost...","og_url":"https:\/\/nelyandmilady.com\/","og_site_name":"Nely&amp;MiLady","article_modified_time":"2025-08-14T09:31:03+00:00","og_image":[{"width":507,"height":255,"url":"https:\/\/nelyandmilady.com\/wp-content\/uploads\/2025\/06\/cropped-2.webp","type":"image\/webp"}],"twitter_card":"summary_large_image","twitter_misc":{"Est. reading time":"2 minutes"},"schema":{"@context":"https:\/\/schema.org","@graph":[{"@type":"WebPage","@id":"https:\/\/nelyandmilady.com\/","url":"https:\/\/nelyandmilady.com\/","name":"Po\u010detna - Nely&amp;MiLady","isPartOf":{"@id":"https:\/\/nelyandmilady.com\/#website"},"primaryImageOfPage":{"@id":"https:\/\/nelyandmilady.com\/#primaryimage"},"image":{"@id":"https:\/\/nelyandmilady.com\/#primaryimage"},"thumbnailUrl":"https:\/\/nelyandmilady.com\/wp-content\/uploads\/2025\/06\/cropped-2.webp","datePublished":"2025-06-10T10:15:43+00:00","dateModified":"2025-08-14T09:31:03+00:00","description":"Dobro do\u0161li u Nely & MiLady kozmeti\u010dki salon, prirodna nega koja dodiruje du\u0161u. Dobro do\u0161li u svet gde je nega umetnost...","breadcrumb":{"@id":"https:\/\/nelyandmilady.com\/#breadcrumb"},"inLanguage":"en-US","potentialAction":[{"@type":"ReadAction","target":["https:\/\/nelyandmilady.com\/"]}]},{"@type":"ImageObject","inLanguage":"en-US","@id":"https:\/\/nelyandmilady.com\/#primaryimage","url":"https:\/\/nelyandmilady.com\/wp-content\/uploads\/2025\/06\/cropped-2.webp","contentUrl":"https:\/\/nelyandmilady.com\/wp-content\/uploads\/2025\/06\/cropped-2.webp","width":507,"height":255},{"@type":"BreadcrumbList","@id":"https:\/\/nelyandmilady.com\/#breadcrumb","itemListElement":[{"@type":"ListItem","position":1,"name":"Home","item":"https:\/\/nelyandmilady.com\/"},{"@type":"ListItem","position":2,"name":"Po\u010detna"}]},{"@type":"WebSite","@id":"https:\/\/nelyandmilady.com\/#website","url":"https:\/\/nelyandmilady.com\/","name":"Nely&MiLady","description":"kozmeti\u010dki salon","publisher":{"@id":"https:\/\/nelyandmilady.com\/#organization"},"potentialAction":[{"@type":"SearchAction","target":{"@type":"EntryPoint","urlTemplate":"https:\/\/nelyandmilady.com\/?s={search_term_string}"},"query-input":{"@type":"PropertyValueSpecification","valueRequired":true,"valueName":"search_term_string"}}],"inLanguage":"en-US"},{"@type":"Organization","@id":"https:\/\/nelyandmilady.com\/#organization","name":"Nely&MiLady","url":"https:\/\/nelyandmilady.com\/","logo":{"@type":"ImageObject","inLanguage":"en-US","@id":"https:\/\/nelyandmilady.com\/#\/schema\/logo\/image\/","url":"https:\/\/nelyandmilady.com\/wp-content\/uploads\/2025\/06\/cropped-cropped-Nely-e1749734668989.jpg","contentUrl":"https:\/\/nelyandmilady.com\/wp-content\/uploads\/2025\/06\/cropped-cropped-Nely-e1749734668989.jpg","width":150,"height":150,"caption":"Nely&MiLady"},"image":{"@id":"https:\/\/nelyandmilady.com\/#\/schema\/logo\/image\/"}}]}},"_links":{"self":[{"href":"https:\/\/nelyandmilady.com\/index.php?rest_route=\/wp\/v2\/pages\/11","targetHints":{"allow":["GET"]}}],"collection":[{"href":"https:\/\/nelyandmilady.com\/index.php?rest_route=\/wp\/v2\/pages"}],"about":[{"href":"https:\/\/nelyandmilady.com\/index.php?rest_route=\/wp\/v2\/types\/page"}],"author":[{"embeddable":true,"href":"https:\/\/nelyandmilady.com\/index.php?rest_route=\/wp\/v2\/users\/1"}],"replies":[{"embeddable":true,"href":"https:\/\/nelyandmilady.com\/index.php?rest_route=%2Fwp%2Fv2%2Fcomments&post=11"}],"version-history":[{"count":4,"href":"https:\/\/nelyandmilady.com\/index.php?rest_route=\/wp\/v2\/pages\/11\/revisions"}],"predecessor-version":[{"id":311,"href":"https:\/\/nelyandmilady.com\/index.php?rest_route=\/wp\/v2\/pages\/11\/revisions\/311"}],"wp:featuredmedia":[{"embeddable":true,"href":"https:\/\/nelyandmilady.com\/index.php?rest_route=\/wp\/v2\/media\/40"}],"wp:attachment":[{"href":"https:\/\/nelyandmilady.com\/index.php?rest_route=%2Fwp%2Fv2%2Fmedia&parent=11"}],"curies":[{"name":"wp","href":"https:\/\/api.w.org\/{rel}","templated":true}]}}